{"id":65,"date":"2026-02-27T08:11:20","date_gmt":"2026-02-27T08:11:20","guid":{"rendered":"https:\/\/customhatsmanufacturer.com\/?post_type=product&#038;p=65"},"modified":"2026-02-27T08:11:20","modified_gmt":"2026-02-27T08:11:20","slug":"washed-dad-caps-for-lifestyle-brands-bulk","status":"publish","type":"product","link":"https:\/\/customhatsmanufacturer.com\/fr\/produit\/washed-dad-caps-for-lifestyle-brands-bulk\/","title":{"rendered":"Casquettes de papa lav\u00e9es pour les marques de style de vie (en vrac)"},"content":{"rendered":"<p data-start=\"0\" data-end=\"322\">Les casquettes \u201cdad cap\u201d sont des casquettes de baseball d\u00e9contract\u00e9es, \u00e0 profil bas, con\u00e7ues pour avoir l'air et se sentir d\u00e9j\u00e0 rod\u00e9es. La forme \"dad cap\" signifie g\u00e9n\u00e9ralement une couronne non structur\u00e9e, un bord l\u00e9g\u00e8rement incurv\u00e9 et une fermeture arri\u00e8re r\u00e9glable - id\u00e9ale pour les lignes de couvre-chefs discr\u00e8tes de tous les jours.<\/p>\n<p data-start=\"324\" data-end=\"829\">Con\u00e7ues pour les commandes de marques de style de vie, ces casquettes conviennent aux s\u00e9ries r\u00e9p\u00e9t\u00e9es pour les commandes directes, les programmes de vente au d\u00e9tail ou les uniformes. Le marquage peut \u00eatre minimal ou pro\u00e9minent - les options comprennent la broderie sur le devant ou l'application d'un \u00e9cusson, avec des demandes d'\u00e9tiquettes\/emballages suppl\u00e9mentaires disponibles sur demande. Le MOQ et le d\u00e9lai d'ex\u00e9cution varient - demandez un devis en fonction de la couleur, du lavage et des besoins de d\u00e9coration. Les acheteurs les mieux plac\u00e9s sont les labels de style de vie, les \u00e9quipes de merchandising d'\u00e9v\u00e9nements, les d\u00e9taillants et les distributeurs de produits promotionnels.<\/p>\n<ul data-start=\"831\" data-end=\"989\">\n<li data-start=\"831\" data-end=\"866\">\n<p data-start=\"833\" data-end=\"866\">Couronne non structur\u00e9e \u00e0 profil bas<\/p>\n<\/li>\n<li data-start=\"867\" data-end=\"893\">\n<p data-start=\"869\" data-end=\"893\">Silhouette \u00e0 bord incurv\u00e9<\/p>\n<\/li>\n<li data-start=\"894\" data-end=\"920\">\n<p data-start=\"896\" data-end=\"920\">Finition lav\u00e9e et us\u00e9e<\/p>\n<\/li>\n<li data-start=\"921\" data-end=\"956\">\n<p data-start=\"923\" data-end=\"956\">Options de fermeture r\u00e9glable au niveau du dos<\/p>\n<\/li>\n<li data-start=\"957\" data-end=\"989\">\n<p data-start=\"959\" data-end=\"989\">Broderie ou \u00e9cusson<\/p>\n<\/li>\n<\/ul>","protected":false},"excerpt":{"rendered":"<p data-start=\"991\" data-end=\"1246\">Casquettes de p\u00e8re lav\u00e9es en vrac, avec une coupe d\u00e9contract\u00e9e, un profil bas et un aspect us\u00e9. Convient aux programmes de marque de style de vie avec des options de broderie ou d'\u00e9cusson, ainsi qu'\u00e0 l'\u00e9tiquetage priv\u00e9 sur demande. MOQ et d\u00e9lai de livraison variables - devis disponible.<\/p>","protected":false},"featured_media":87,"template":"","meta":{"_gspb_post_css":""},"product_brand":[],"product_cat":[19,15],"product_tag":[],"class_list":{"0":"post-65","1":"product","2":"type-product","3":"status-publish","4":"has-post-thumbnail","6":"product_cat-dad-hats","7":"product_cat-hats-caps","9":"first","10":"instock","11":"shipping-taxable","12":"purchasable","13":"product-type-simple"},"_links":{"self":[{"href":"https:\/\/customhatsmanufacturer.com\/fr\/wp-json\/wp\/v2\/product\/65","targetHints":{"allow":["GET"]}}],"collection":[{"href":"https:\/\/customhatsmanufacturer.com\/fr\/wp-json\/wp\/v2\/product"}],"about":[{"href":"https:\/\/customhatsmanufacturer.com\/fr\/wp-json\/wp\/v2\/types\/product"}],"wp:featuredmedia":[{"embeddable":true,"href":"https:\/\/customhatsmanufacturer.com\/fr\/wp-json\/wp\/v2\/media\/87"}],"wp:attachment":[{"href":"https:\/\/customhatsmanufacturer.com\/fr\/wp-json\/wp\/v2\/media?parent=65"}],"wp:term":[{"taxonomy":"product_brand","embeddable":true,"href":"https:\/\/customhatsmanufacturer.com\/fr\/wp-json\/wp\/v2\/product_brand?post=65"},{"taxonomy":"product_cat","embeddable":true,"href":"https:\/\/customhatsmanufacturer.com\/fr\/wp-json\/wp\/v2\/product_cat?post=65"},{"taxonomy":"product_tag","embeddable":true,"href":"https:\/\/customhatsmanufacturer.com\/fr\/wp-json\/wp\/v2\/product_tag?post=65"}],"curies":[{"name":"wp","href":"https:\/\/api.w.org\/{rel}","templated":true}]}}