{"id":61,"date":"2026-02-27T08:07:43","date_gmt":"2026-02-27T08:07:43","guid":{"rendered":"https:\/\/customhatsmanufacturer.com\/?post_type=product&#038;p=61"},"modified":"2026-02-27T08:07:43","modified_gmt":"2026-02-27T08:07:43","slug":"unstructured-dad-hats-with-logo-embroidery-wholesale","status":"publish","type":"product","link":"https:\/\/customhatsmanufacturer.com\/fr\/produit\/unstructured-dad-hats-with-logo-embroidery-wholesale\/","title":{"rendered":"Chapeaux de p\u00e8re non structur\u00e9s avec broderie du logo (vente en gros)"},"content":{"rendered":"<p data-start=\"0\" data-end=\"275\">Les casquettes non structur\u00e9es avec broderie de logo sont des casquettes classiques con\u00e7ues pour un usage quotidien et une pr\u00e9sentation coh\u00e9rente de la marque. La couronne d\u00e9contract\u00e9e maintient le look d\u00e9contract\u00e9, tandis que les logos cousus ajoutent une finition propre et textur\u00e9e qui conserve sa forme \u00e0 l'usage.<\/p>\n<p data-start=\"277\" data-end=\"742\">Pour les commandes B2B, nous pouvons fournir des articles vierges ou les finir selon vos sp\u00e9cifications avec une broderie plac\u00e9e sur le devant, le c\u00f4t\u00e9 ou l'arri\u00e8re (selon votre demande). Les options comprennent l'assortiment des couleurs de fil, le dimensionnement de la maquette et des ajouts tels que des \u00e9tiquettes int\u00e9rieures, des \u00e9tiquettes volantes ou des sacs en poly\u00e9thyl\u00e8ne lorsque vous avez besoin d'une livraison de type OEM. Le MOQ et le d\u00e9lai d'ex\u00e9cution varient - demandez un devis pour conna\u00eetre les prix actuels et les d\u00e9lais de production. Convient parfaitement aux marques, aux d\u00e9taillants, aux \u00e9quipes et aux organisateurs d'\u00e9v\u00e9nements qui ont besoin de couvre-chefs fiables en volume.<\/p>\n<ul data-start=\"744\" data-end=\"906\">\n<li data-start=\"744\" data-end=\"774\">\n<p data-start=\"746\" data-end=\"774\">Couronne d\u00e9contract\u00e9e et non structur\u00e9e<\/p>\n<\/li>\n<li data-start=\"775\" data-end=\"805\">\n<p data-start=\"777\" data-end=\"805\">D\u00e9coration par broderie du logo<\/p>\n<\/li>\n<li data-start=\"806\" data-end=\"844\">\n<p data-start=\"808\" data-end=\"844\">Possibilit\u00e9s de placement : avant\/lat\u00e9ral\/arri\u00e8re<\/p>\n<\/li>\n<li data-start=\"845\" data-end=\"877\">\n<p data-start=\"847\" data-end=\"877\">Options d'\u00e9tiquetage et d'emballage<\/p>\n<\/li>\n<li data-start=\"878\" data-end=\"906\">\n<p data-start=\"880\" data-end=\"906\">Approvisionnement en vrac pour les programmes<\/p>\n<\/li>\n<\/ul>","protected":false},"excerpt":{"rendered":"<p data-start=\"908\" data-end=\"1143\">Casquettes non structur\u00e9es avec broderie du logo pour les commandes en volume. Choisissez l'emplacement de la broderie et les couleurs du fil, avec des options d'\u00e9tiquetage et d'emballage suppl\u00e9mentaires pour r\u00e9pondre aux besoins des d\u00e9taillants, des \u00e9quipes ou des \u00e9v\u00e9nements.<\/p>","protected":false},"featured_media":81,"template":"","meta":{"_gspb_post_css":""},"product_brand":[],"product_cat":[19,15],"product_tag":[],"class_list":{"0":"post-61","1":"product","2":"type-product","3":"status-publish","4":"has-post-thumbnail","6":"product_cat-dad-hats","7":"product_cat-hats-caps","9":"first","10":"instock","11":"shipping-taxable","12":"purchasable","13":"product-type-simple"},"_links":{"self":[{"href":"https:\/\/customhatsmanufacturer.com\/fr\/wp-json\/wp\/v2\/product\/61","targetHints":{"allow":["GET"]}}],"collection":[{"href":"https:\/\/customhatsmanufacturer.com\/fr\/wp-json\/wp\/v2\/product"}],"about":[{"href":"https:\/\/customhatsmanufacturer.com\/fr\/wp-json\/wp\/v2\/types\/product"}],"wp:featuredmedia":[{"embeddable":true,"href":"https:\/\/customhatsmanufacturer.com\/fr\/wp-json\/wp\/v2\/media\/81"}],"wp:attachment":[{"href":"https:\/\/customhatsmanufacturer.com\/fr\/wp-json\/wp\/v2\/media?parent=61"}],"wp:term":[{"taxonomy":"product_brand","embeddable":true,"href":"https:\/\/customhatsmanufacturer.com\/fr\/wp-json\/wp\/v2\/product_brand?post=61"},{"taxonomy":"product_cat","embeddable":true,"href":"https:\/\/customhatsmanufacturer.com\/fr\/wp-json\/wp\/v2\/product_cat?post=61"},{"taxonomy":"product_tag","embeddable":true,"href":"https:\/\/customhatsmanufacturer.com\/fr\/wp-json\/wp\/v2\/product_tag?post=61"}],"curies":[{"name":"wp","href":"https:\/\/api.w.org\/{rel}","templated":true}]}}