{"id":59,"date":"2026-02-27T07:42:03","date_gmt":"2026-02-27T07:42:03","guid":{"rendered":"https:\/\/customhatsmanufacturer.com\/?post_type=product&#038;p=59"},"modified":"2026-02-27T07:42:04","modified_gmt":"2026-02-27T07:42:04","slug":"performance-baseball-hats-in-moisture-wick-fabric","status":"publish","type":"product","link":"https:\/\/customhatsmanufacturer.com\/fr\/produit\/performance-baseball-hats-in-moisture-wick-fabric\/","title":{"rendered":"Casquettes de baseball de performance en tissu anti-humidit\u00e9"},"content":{"rendered":"<p data-start=\"0\" data-end=\"519\">Con\u00e7ues dans une silhouette classique de casquette de baseball, ces casquettes de baseball performantes sont fabriqu\u00e9es dans un tissu \u00e0 \u00e9vacuation de l'humidit\u00e9 qui \u00e9vacue la transpiration de la peau et la r\u00e9partit sur toute la surface afin qu'elle puisse s\u00e9cher rapidement. C'est donc un choix judicieux pour les vestiaires, les \u00e9quipes sur le terrain et les promotions en plein air o\u00f9 la chaleur et le mouvement sont constants. Besoin d'un look sp\u00e9cifique ? Les options comprennent des panneaux frontaux structur\u00e9s ou d\u00e9contract\u00e9s, des bordures incurv\u00e9es ou plates et plusieurs styles de fermeture.<\/p>\n<p data-start=\"521\" data-end=\"899\">Pour les commandes B2B, vous pouvez sp\u00e9cifier la d\u00e9coration en fonction de votre programme - broderie, \u00e9cussons cousus ou impression de logo par transfert thermique - ainsi que les \u00e9tiquettes priv\u00e9es, les \u00e9tiquettes volantes et le marquage des cartons si n\u00e9cessaire. Le MOQ et le d\u00e9lai de livraison varient en fonction de la fabrication et de la maquette. Demandez un devis pour conna\u00eetre les d\u00e9lais de production actuels. Ce produit est id\u00e9al pour les marques, les \u00e9quipes, les \u00e9v\u00e9nements et les d\u00e9taillants qui ont besoin d'un approvisionnement reproductible en couvre-chefs.<\/p>\n<ul data-start=\"900\" data-end=\"1095\">\n<li data-start=\"900\" data-end=\"936\">\n<p data-start=\"902\" data-end=\"936\">Performance du tissu en mati\u00e8re d'\u00e9vacuation de l'humidit\u00e9<\/p>\n<\/li>\n<li data-start=\"937\" data-end=\"974\">\n<p data-start=\"939\" data-end=\"974\">Broderie, patch ou logos imprim\u00e9s<\/p>\n<\/li>\n<li data-start=\"975\" data-end=\"1003\">\n<p data-start=\"977\" data-end=\"1003\">Options de bord et de profil<\/p>\n<\/li>\n<li data-start=\"1004\" data-end=\"1041\">\n<p data-start=\"1006\" data-end=\"1041\">Plusieurs styles de fermeture disponibles<\/p>\n<\/li>\n<li data-start=\"1042\" data-end=\"1067\">\n<p data-start=\"1044\" data-end=\"1067\">Compl\u00e9ments sous label priv\u00e9<\/p>\n<\/li>\n<li data-start=\"1068\" data-end=\"1095\">\n<p data-start=\"1070\" data-end=\"1095\">Emballage en carton pour le vrac<\/p>\n<\/li>\n<\/ul>","protected":false},"excerpt":{"rendered":"<p data-start=\"1097\" data-end=\"1328\">Casquettes performantes \u00e0 \u00e9vacuation de l'humidit\u00e9 con\u00e7ues pour les programmes de v\u00eatements actifs. Pr\u00e9cisez la d\u00e9coration (broderie, \u00e9cusson ou impression par transfert thermique) et les d\u00e9tails de l'emballage pour un approvisionnement en vrac. MOQ et d\u00e9lais de livraison bas\u00e9s sur des devis.<\/p>","protected":false},"featured_media":72,"template":"","meta":{"_gspb_post_css":""},"product_brand":[],"product_cat":[18,15],"product_tag":[],"class_list":{"0":"post-59","1":"product","2":"type-product","3":"status-publish","4":"has-post-thumbnail","6":"product_cat-baseball-hats","7":"product_cat-hats-caps","9":"first","10":"instock","11":"shipping-taxable","12":"purchasable","13":"product-type-simple"},"_links":{"self":[{"href":"https:\/\/customhatsmanufacturer.com\/fr\/wp-json\/wp\/v2\/product\/59","targetHints":{"allow":["GET"]}}],"collection":[{"href":"https:\/\/customhatsmanufacturer.com\/fr\/wp-json\/wp\/v2\/product"}],"about":[{"href":"https:\/\/customhatsmanufacturer.com\/fr\/wp-json\/wp\/v2\/types\/product"}],"wp:featuredmedia":[{"embeddable":true,"href":"https:\/\/customhatsmanufacturer.com\/fr\/wp-json\/wp\/v2\/media\/72"}],"wp:attachment":[{"href":"https:\/\/customhatsmanufacturer.com\/fr\/wp-json\/wp\/v2\/media?parent=59"}],"wp:term":[{"taxonomy":"product_brand","embeddable":true,"href":"https:\/\/customhatsmanufacturer.com\/fr\/wp-json\/wp\/v2\/product_brand?post=59"},{"taxonomy":"product_cat","embeddable":true,"href":"https:\/\/customhatsmanufacturer.com\/fr\/wp-json\/wp\/v2\/product_cat?post=59"},{"taxonomy":"product_tag","embeddable":true,"href":"https:\/\/customhatsmanufacturer.com\/fr\/wp-json\/wp\/v2\/product_tag?post=59"}],"curies":[{"name":"wp","href":"https:\/\/api.w.org\/{rel}","templated":true}]}}