{"id":336,"date":"2026-02-28T07:09:44","date_gmt":"2026-02-28T07:09:44","guid":{"rendered":"https:\/\/customhatsmanufacturer.com\/?post_type=product&#038;p=336"},"modified":"2026-02-28T07:09:44","modified_gmt":"2026-02-28T07:09:44","slug":"compression-socks-with-custom-branding-supplier","status":"publish","type":"product","link":"https:\/\/customhatsmanufacturer.com\/fr\/produit\/compression-socks-with-custom-branding-supplier\/","title":{"rendered":"Chaussettes de compression avec marquage personnalis\u00e9 (fournisseur)"},"content":{"rendered":"<p data-start=\"0\" data-end=\"383\">Les chaussettes de compression avec marquage personnalis\u00e9 vous permettent d'apposer votre nom sur un produit de base de la performance sans trop compliquer la fabrication. Con\u00e7ues pour offrir un bon maintien, elles sont g\u00e9n\u00e9ralement fabriqu\u00e9es sur des machines \u00e0 tricoter circulaires pour un \u00e9tirement constant et une finition propre. La taille, la longueur et le rembourrage peuvent \u00eatre sp\u00e9cifi\u00e9s pour r\u00e9pondre aux besoins de votre march\u00e9 final.<\/p>\n<p data-start=\"385\" data-end=\"865\">Pour l'image de marque, vous pouvez choisir un logo jacquard tricot\u00e9, un placement de motif ou d'autres options de marquage telles que des \u00e9tiquettes tiss\u00e9es ou des \u00e9l\u00e9ments imprim\u00e9s sur demande. Faites-nous part de votre maquette, de vos r\u00e9f\u00e9rences de couleurs et de l'utilisation vis\u00e9e (sport, voyage, v\u00eatements de travail), et la production pourra s'aligner sur votre programme, depuis l'\u00e9chantillonnage jusqu'aux commandes r\u00e9p\u00e9t\u00e9es. La quantit\u00e9 et le d\u00e9lai de livraison varient - demandez un devis. Cette solution est id\u00e9ale pour les marques, les \u00e9quipes, les \u00e9v\u00e9nements et les d\u00e9taillants qui ont besoin de commandes fiables et r\u00e9p\u00e9t\u00e9es.<\/p>\n<ul data-start=\"867\" data-end=\"1064\">\n<li data-start=\"867\" data-end=\"906\">\n<p data-start=\"869\" data-end=\"906\">Options de niveau de compression disponibles<\/p>\n<\/li>\n<li data-start=\"907\" data-end=\"936\">\n<p data-start=\"909\" data-end=\"936\">Marquage jacquard tricot\u00e9<\/p>\n<\/li>\n<li data-start=\"937\" data-end=\"963\">\n<p data-start=\"939\" data-end=\"963\">Gammes de tailles et de longueurs<\/p>\n<\/li>\n<li data-start=\"964\" data-end=\"997\">\n<p data-start=\"966\" data-end=\"997\">Zones d'amortissement comme sp\u00e9cifi\u00e9<\/p>\n<\/li>\n<li data-start=\"998\" data-end=\"1029\">\n<p data-start=\"1000\" data-end=\"1029\">Programmes de fils aux couleurs assorties<\/p>\n<\/li>\n<li data-start=\"1030\" data-end=\"1064\">\n<p data-start=\"1032\" data-end=\"1064\">Options d'emballage sur demande<\/p>\n<\/li>\n<\/ul>","protected":false},"excerpt":{"rendered":"<p data-start=\"1066\" data-end=\"1332\">Chaussettes de compression fabriqu\u00e9es par le fournisseur et con\u00e7ues pour un marquage personnalis\u00e9. Sp\u00e9cifiez l'emplacement du logo et choisissez les options d'identification jacquard ou imprim\u00e9e. Con\u00e7ues pour les achats en gros et les programmes de marques priv\u00e9es, la quantit\u00e9 et le d\u00e9lai de livraison varient en fonction du mod\u00e8le.<\/p>","protected":false},"featured_media":347,"template":"","meta":{"_gspb_post_css":""},"product_brand":[],"product_cat":[38,36],"product_tag":[],"class_list":{"0":"post-336","1":"product","2":"type-product","3":"status-publish","4":"has-post-thumbnail","6":"product_cat-socks","7":"product_cat-accessories","9":"first","10":"instock","11":"shipping-taxable","12":"purchasable","13":"product-type-simple"},"_links":{"self":[{"href":"https:\/\/customhatsmanufacturer.com\/fr\/wp-json\/wp\/v2\/product\/336","targetHints":{"allow":["GET"]}}],"collection":[{"href":"https:\/\/customhatsmanufacturer.com\/fr\/wp-json\/wp\/v2\/product"}],"about":[{"href":"https:\/\/customhatsmanufacturer.com\/fr\/wp-json\/wp\/v2\/types\/product"}],"wp:featuredmedia":[{"embeddable":true,"href":"https:\/\/customhatsmanufacturer.com\/fr\/wp-json\/wp\/v2\/media\/347"}],"wp:attachment":[{"href":"https:\/\/customhatsmanufacturer.com\/fr\/wp-json\/wp\/v2\/media?parent=336"}],"wp:term":[{"taxonomy":"product_brand","embeddable":true,"href":"https:\/\/customhatsmanufacturer.com\/fr\/wp-json\/wp\/v2\/product_brand?post=336"},{"taxonomy":"product_cat","embeddable":true,"href":"https:\/\/customhatsmanufacturer.com\/fr\/wp-json\/wp\/v2\/product_cat?post=336"},{"taxonomy":"product_tag","embeddable":true,"href":"https:\/\/customhatsmanufacturer.com\/fr\/wp-json\/wp\/v2\/product_tag?post=336"}],"curies":[{"name":"wp","href":"https:\/\/api.w.org\/{rel}","templated":true}]}}