{"id":33,"date":"2026-02-27T07:19:02","date_gmt":"2026-02-27T07:19:02","guid":{"rendered":"https:\/\/customhatsmanufacturer.com\/?post_type=product&#038;p=33"},"modified":"2026-02-27T07:19:02","modified_gmt":"2026-02-27T07:19:02","slug":"classic-mesh-trucker-hats-with-logo-patch-oem","status":"publish","type":"product","link":"https:\/\/customhatsmanufacturer.com\/fr\/produit\/classic-mesh-trucker-hats-with-logo-patch-oem\/","title":{"rendered":"Casquettes Trucker Classic Mesh avec Logo Patch (OEM)"},"content":{"rendered":"<p data-start=\"0\" data-end=\"298\">Les casquettes trucker classiques en maille avec un \u00e9cusson logo sont un style de casquette de base con\u00e7u pour une utilisation quotidienne et respirante. L'arri\u00e8re en maille permet \u00e0 l'air de circuler, tandis que le panneau avant offre \u00e0 l'\u00e9cusson un emplacement propre et bien visible pour le marquage.<\/p>\n<p data-start=\"300\" data-end=\"712\">Con\u00e7ues pour le sourcing B2B, ces casquettes peuvent \u00eatre produites selon vos instructions OEM - les couleurs, la taille et l'emplacement des \u00e9cussons sont sp\u00e9cifi\u00e9s en fonction de vos besoins, et les styles d'\u00e9cussons (tiss\u00e9s, brod\u00e9s, en similicuir, en PVC) peuvent \u00eatre demand\u00e9s. Les profils de fermeture et de bord peuvent \u00e9galement \u00eatre s\u00e9lectionn\u00e9s pour correspondre \u00e0 votre march\u00e9. Le MOQ et le d\u00e9lai de livraison varient - demandez un devis. Id\u00e9al pour les marques, les \u00e9quipes, les organisateurs d'\u00e9v\u00e9nements et les d\u00e9taillants.<\/p>\n<ul data-start=\"713\" data-end=\"864\">\n<li data-start=\"713\" data-end=\"744\">\n<p data-start=\"715\" data-end=\"744\">Panneaux dorsaux en maille respirante<\/p>\n<\/li>\n<li data-start=\"745\" data-end=\"773\">\n<p data-start=\"747\" data-end=\"773\">Zone de marquage du logo<\/p>\n<\/li>\n<li data-start=\"774\" data-end=\"807\">\n<p data-start=\"776\" data-end=\"807\">Options de style d'\u00e9cusson disponibles<\/p>\n<\/li>\n<li data-start=\"808\" data-end=\"838\">\n<p data-start=\"810\" data-end=\"838\">Choix de fermetures r\u00e9glables<\/p>\n<\/li>\n<li data-start=\"839\" data-end=\"864\">\n<p data-start=\"841\" data-end=\"864\">Correspondance des couleurs OEM<\/p>\n<\/li>\n<\/ul>","protected":false},"excerpt":{"rendered":"<p data-start=\"866\" data-end=\"1097\">Casquette trucker classique en maille finie avec une zone de patch du logo pour marquer la marque. Con\u00e7ues pour les fournisseurs OEM et les programmes en vrac, avec un style d'\u00e9cusson, un emplacement et des couleurs configurables. MOQ et d\u00e9lais bas\u00e9s sur des devis.<\/p>","protected":false},"featured_media":56,"template":"","meta":{"_gspb_post_css":""},"product_brand":[],"product_cat":[17,15],"product_tag":[],"class_list":{"0":"post-33","1":"product","2":"type-product","3":"status-publish","4":"has-post-thumbnail","6":"product_cat-trucker-hats","7":"product_cat-hats-caps","9":"first","10":"instock","11":"shipping-taxable","12":"purchasable","13":"product-type-simple"},"_links":{"self":[{"href":"https:\/\/customhatsmanufacturer.com\/fr\/wp-json\/wp\/v2\/product\/33","targetHints":{"allow":["GET"]}}],"collection":[{"href":"https:\/\/customhatsmanufacturer.com\/fr\/wp-json\/wp\/v2\/product"}],"about":[{"href":"https:\/\/customhatsmanufacturer.com\/fr\/wp-json\/wp\/v2\/types\/product"}],"wp:featuredmedia":[{"embeddable":true,"href":"https:\/\/customhatsmanufacturer.com\/fr\/wp-json\/wp\/v2\/media\/56"}],"wp:attachment":[{"href":"https:\/\/customhatsmanufacturer.com\/fr\/wp-json\/wp\/v2\/media?parent=33"}],"wp:term":[{"taxonomy":"product_brand","embeddable":true,"href":"https:\/\/customhatsmanufacturer.com\/fr\/wp-json\/wp\/v2\/product_brand?post=33"},{"taxonomy":"product_cat","embeddable":true,"href":"https:\/\/customhatsmanufacturer.com\/fr\/wp-json\/wp\/v2\/product_cat?post=33"},{"taxonomy":"product_tag","embeddable":true,"href":"https:\/\/customhatsmanufacturer.com\/fr\/wp-json\/wp\/v2\/product_tag?post=33"}],"curies":[{"name":"wp","href":"https:\/\/api.w.org\/{rel}","templated":true}]}}