{"id":31,"date":"2026-02-27T07:12:00","date_gmt":"2026-02-27T07:12:00","guid":{"rendered":"https:\/\/customhatsmanufacturer.com\/?post_type=product&#038;p=31"},"modified":"2026-02-27T07:12:00","modified_gmt":"2026-02-27T07:12:00","slug":"custom-trucker-hats-with-mesh-back-wholesale","status":"publish","type":"product","link":"https:\/\/customhatsmanufacturer.com\/fr\/produit\/custom-trucker-hats-with-mesh-back-wholesale\/","title":{"rendered":"Casquettes Trucker personnalis\u00e9es avec dos en maille (Wholesale)"},"content":{"rendered":"<p data-start=\"0\" data-end=\"476\">Con\u00e7us pour \u00eatre port\u00e9s par temps chaud et pour offrir une grande visibilit\u00e9, ces casquettes trucker personnalis\u00e9es sont dot\u00e9es d'un dos en maille a\u00e9r\u00e9e et d'un panneau avant \u00e9pur\u00e9 con\u00e7u pour accueillir votre \u0153uvre d'art. La maille favorise la circulation de l'air sur le chantier, au stand ou sur la route, tandis que l'aspect structur\u00e9 reste adapt\u00e9 \u00e0 la vente au d\u00e9tail. Choisissez le profil et la sensation de bord qui correspondent \u00e0 votre ligne - les options peuvent inclure des visi\u00e8res courbes ou plates et diff\u00e9rentes dispositions de panneaux, selon le style que vous s\u00e9lectionnez.<\/p>\n<p data-start=\"478\" data-end=\"951\">Pour les programmes de vente en gros, nous prenons en charge la d\u00e9coration de la marque, depuis le simple placement du logo jusqu'aux marques multicolores. Les options comprennent la broderie, les \u00e9cussons cousus ou les applications imprim\u00e9es, la correspondance des couleurs \u00e9tant disponible sur demande. Les quantit\u00e9s command\u00e9es, l'emballage et les d\u00e9lais de production varient en fonction de la fabrication et de la d\u00e9coration. Demandez un devis en joignant votre fichier de logo pour un examen plus rapide des sp\u00e9cifications. Ces produits conviennent parfaitement aux marques commerciales, aux \u00e9quipes sportives, aux organisateurs d'\u00e9v\u00e9nements et aux d\u00e9taillants qui ont besoin d'un r\u00e9approvisionnement r\u00e9gulier.<\/p>\n<ul data-start=\"953\" data-end=\"1148\">\n<li data-start=\"953\" data-end=\"984\">\n<p data-start=\"955\" data-end=\"984\">Panneaux dorsaux en maille respirante<\/p>\n<\/li>\n<li data-start=\"985\" data-end=\"1009\">\n<p data-start=\"987\" data-end=\"1009\">Panneau frontal pour le logo<\/p>\n<\/li>\n<li data-start=\"1010\" data-end=\"1041\">\n<p data-start=\"1012\" data-end=\"1041\">Broderie, \u00e9cusson ou impression<\/p>\n<\/li>\n<li data-start=\"1042\" data-end=\"1082\">\n<p data-start=\"1044\" data-end=\"1082\">Options de fermeture r\u00e9glables disponibles<\/p>\n<\/li>\n<li data-start=\"1083\" data-end=\"1115\">\n<p data-start=\"1085\" data-end=\"1115\">Choix de visi\u00e8res courbes ou plates<\/p>\n<\/li>\n<li data-start=\"1116\" data-end=\"1148\">\n<p data-start=\"1118\" data-end=\"1148\">Options d'emballage pour la vente au d\u00e9tail<\/p>\n<\/li>\n<\/ul>","protected":false},"excerpt":{"rendered":"<p data-start=\"1150\" data-end=\"1390\">Vente en gros de casquettes trucker \u00e0 dos en maille avec un panneau frontal personnalisable. Ajoutez des broderies, des \u00e9cussons ou des impressions pour correspondre aux besoins de votre marque, de votre \u00e9quipe ou de votre \u00e9v\u00e9nement. Les d\u00e9tails du style et les volumes de commande sont construits sur mesure - devis disponible.<\/p>","protected":false},"featured_media":48,"template":"","meta":{"_gspb_post_css":""},"product_brand":[],"product_cat":[17,15],"product_tag":[],"class_list":{"0":"post-31","1":"product","2":"type-product","3":"status-publish","4":"has-post-thumbnail","6":"product_cat-trucker-hats","7":"product_cat-hats-caps","9":"first","10":"instock","11":"shipping-taxable","12":"purchasable","13":"product-type-simple"},"_links":{"self":[{"href":"https:\/\/customhatsmanufacturer.com\/fr\/wp-json\/wp\/v2\/product\/31","targetHints":{"allow":["GET"]}}],"collection":[{"href":"https:\/\/customhatsmanufacturer.com\/fr\/wp-json\/wp\/v2\/product"}],"about":[{"href":"https:\/\/customhatsmanufacturer.com\/fr\/wp-json\/wp\/v2\/types\/product"}],"wp:featuredmedia":[{"embeddable":true,"href":"https:\/\/customhatsmanufacturer.com\/fr\/wp-json\/wp\/v2\/media\/48"}],"wp:attachment":[{"href":"https:\/\/customhatsmanufacturer.com\/fr\/wp-json\/wp\/v2\/media?parent=31"}],"wp:term":[{"taxonomy":"product_brand","embeddable":true,"href":"https:\/\/customhatsmanufacturer.com\/fr\/wp-json\/wp\/v2\/product_brand?post=31"},{"taxonomy":"product_cat","embeddable":true,"href":"https:\/\/customhatsmanufacturer.com\/fr\/wp-json\/wp\/v2\/product_cat?post=31"},{"taxonomy":"product_tag","embeddable":true,"href":"https:\/\/customhatsmanufacturer.com\/fr\/wp-json\/wp\/v2\/product_tag?post=31"}],"curies":[{"name":"wp","href":"https:\/\/api.w.org\/{rel}","templated":true}]}}