{"id":309,"date":"2026-02-28T06:50:14","date_gmt":"2026-02-28T06:50:14","guid":{"rendered":"https:\/\/customhatsmanufacturer.com\/?post_type=product&#038;p=309"},"modified":"2026-02-28T06:50:14","modified_gmt":"2026-02-28T06:50:14","slug":"winter-scarves-with-custom-label-oem-supplier","status":"publish","type":"product","link":"https:\/\/customhatsmanufacturer.com\/fr\/produit\/winter-scarves-with-custom-label-oem-supplier\/","title":{"rendered":"Echarpes d'hiver avec \u00e9tiquette personnalis\u00e9e (Fournisseur OEM)"},"content":{"rendered":"<p data-start=\"0\" data-end=\"455\">Les \u00e9charpes d'hiver avec \u00e9tiquette personnalis\u00e9e sont des accessoires de cou pour la saison froide, con\u00e7us pour un marquage priv\u00e9. Le corps de l'\u00e9charpe peut \u00eatre fabriqu\u00e9 en tricot ou en tissu, en fonction de l'aspect que vous souhaitez donner \u00e0 votre produit, avec des finitions telles que des bords nets ou des franges, disponibles sur demande. L'identit\u00e9 de votre marque est ajout\u00e9e par le biais d'une \u00e9tiquette cousue, avec des options telles que des \u00e9tiquettes tiss\u00e9es, des \u00e9tiquettes en tissu imprim\u00e9es et des \u00e9tiquettes d'entretien pour correspondre \u00e0 vos normes d'emballage.<\/p>\n<p data-start=\"457\" data-end=\"813\">En tant que fournisseur OEM, nous prenons en charge la production r\u00e9p\u00e9titive pour les commandes suppl\u00e9mentaires, les commandes saisonni\u00e8res et les programmes d'uniformes. Envoyez-nous le fichier de votre logo et toutes les tailles et couleurs souhait\u00e9es, puis nous confirmerons l'emplacement des \u00e9tiquettes, les jeux d'\u00e9tiquettes et l'emballage afin que les marchandises arrivent pr\u00eates pour votre flux de distribution. La quantit\u00e9 et le d\u00e9lai de livraison varient - demandez un devis. Id\u00e9al pour les marques, les \u00e9quipes, les \u00e9v\u00e9nements et les d\u00e9taillants.<\/p>\n<ul data-start=\"815\" data-end=\"971\">\n<li data-start=\"815\" data-end=\"853\">\n<p data-start=\"817\" data-end=\"853\">Options de construction tricot\u00e9e ou tiss\u00e9e<\/p>\n<\/li>\n<li data-start=\"854\" data-end=\"878\">\n<p data-start=\"856\" data-end=\"878\">\u00c9tiquette personnalis\u00e9e cousue<\/p>\n<\/li>\n<li data-start=\"879\" data-end=\"904\">\n<p data-start=\"881\" data-end=\"904\">\u00c9tiquettes tiss\u00e9es ou imprim\u00e9es<\/p>\n<\/li>\n<li data-start=\"905\" data-end=\"938\">\n<p data-start=\"907\" data-end=\"938\">Finitions \u00e0 franges ou \u00e0 bords nets<\/p>\n<\/li>\n<li data-start=\"939\" data-end=\"971\">\n<p data-start=\"941\" data-end=\"971\">Options d'emballage pour la vente au d\u00e9tail<\/p>\n<\/li>\n<\/ul>","protected":false},"excerpt":{"rendered":"<p data-start=\"973\" data-end=\"1221\">Des \u00e9charpes pour la saison froide fournies avec votre propre marque cousue. Choisissez le style et l'emplacement de l'\u00e9tiquette pour qu'elle corresponde \u00e0 votre ligne, puis commandez des quantit\u00e9s de production pour la vente au d\u00e9tail, les uniformes ou les cadeaux d'entreprise. Devis sur la base de vos sp\u00e9cifications.<\/p>","protected":false},"featured_media":330,"template":"","meta":{"_gspb_post_css":""},"product_brand":[],"product_cat":[37,36],"product_tag":[],"class_list":{"0":"post-309","1":"product","2":"type-product","3":"status-publish","4":"has-post-thumbnail","6":"product_cat-scarves","7":"product_cat-accessories","9":"first","10":"instock","11":"shipping-taxable","12":"purchasable","13":"product-type-simple"},"_links":{"self":[{"href":"https:\/\/customhatsmanufacturer.com\/fr\/wp-json\/wp\/v2\/product\/309","targetHints":{"allow":["GET"]}}],"collection":[{"href":"https:\/\/customhatsmanufacturer.com\/fr\/wp-json\/wp\/v2\/product"}],"about":[{"href":"https:\/\/customhatsmanufacturer.com\/fr\/wp-json\/wp\/v2\/types\/product"}],"wp:featuredmedia":[{"embeddable":true,"href":"https:\/\/customhatsmanufacturer.com\/fr\/wp-json\/wp\/v2\/media\/330"}],"wp:attachment":[{"href":"https:\/\/customhatsmanufacturer.com\/fr\/wp-json\/wp\/v2\/media?parent=309"}],"wp:term":[{"taxonomy":"product_brand","embeddable":true,"href":"https:\/\/customhatsmanufacturer.com\/fr\/wp-json\/wp\/v2\/product_brand?post=309"},{"taxonomy":"product_cat","embeddable":true,"href":"https:\/\/customhatsmanufacturer.com\/fr\/wp-json\/wp\/v2\/product_cat?post=309"},{"taxonomy":"product_tag","embeddable":true,"href":"https:\/\/customhatsmanufacturer.com\/fr\/wp-json\/wp\/v2\/product_tag?post=309"}],"curies":[{"name":"wp","href":"https:\/\/api.w.org\/{rel}","templated":true}]}}