{"id":307,"date":"2026-02-28T06:40:14","date_gmt":"2026-02-28T06:40:14","guid":{"rendered":"https:\/\/customhatsmanufacturer.com\/?post_type=product&#038;p=307"},"modified":"2026-02-28T06:40:15","modified_gmt":"2026-02-28T06:40:15","slug":"custom-knit-scarves-with-woven-logo-wholesale","status":"publish","type":"product","link":"https:\/\/customhatsmanufacturer.com\/fr\/produit\/custom-knit-scarves-with-woven-logo-wholesale\/","title":{"rendered":"\u00c9charpes en tricot personnalis\u00e9es avec logo tiss\u00e9 (vente en gros)"},"content":{"rendered":"<p data-start=\"0\" data-end=\"510\">Les \u00e9charpes en tricot personnalis\u00e9es avec un logo tiss\u00e9 conf\u00e8rent \u00e0 votre ligne un aspect caract\u00e9ristique qui semble int\u00e9gr\u00e9, et non coll\u00e9 ult\u00e9rieurement. La marque est cr\u00e9\u00e9e gr\u00e2ce \u00e0 un motif en tricot tiss\u00e9, de sorte que la marque fait partie de la structure du tissu plut\u00f4t que d'\u00eatre une d\u00e9coration de surface ajout\u00e9e. Utilisez-les comme \u00e9charpes de supporters, comme accessoires de vente au d\u00e9tail ou comme ajouts aux uniformes. Les mises en page peuvent aller d'un texte \u00e9pur\u00e9 \u00e0 des motifs plus graphiques, en fonction de la complexit\u00e9 de l'\u0153uvre d'art.<\/p>\n<p data-start=\"512\" data-end=\"904\">Pour les achats en gros, nous simplifions les sp\u00e9cifications, les \u00e9chantillons et les commandes : partagez votre logo, confirmez l'emplacement et les couleurs, puis approuvez le dossier de production. Les options comprennent la taille et le traitement des franges, ainsi que des variations de motifs pour correspondre \u00e0 une collection ou \u00e0 une campagne. La quantit\u00e9 et le d\u00e9lai de production varient : demandez un devis pour conna\u00eetre les prix et les d\u00e9lais actuels. Convient parfaitement aux marques, aux \u00e9quipes, aux \u00e9v\u00e9nements et aux d\u00e9taillants.<\/p>\n<ul data-start=\"906\" data-end=\"1087\">\n<li data-start=\"906\" data-end=\"939\">\n<p data-start=\"908\" data-end=\"939\">Logo tiss\u00e9 int\u00e9gr\u00e9 dans la maille<\/p>\n<\/li>\n<li data-start=\"940\" data-end=\"978\">\n<p data-start=\"942\" data-end=\"978\">Options de couleurs et de mise en page personnalis\u00e9es<\/p>\n<\/li>\n<li data-start=\"979\" data-end=\"1016\">\n<p data-start=\"981\" data-end=\"1016\">Options de taille disponibles sur demande<\/p>\n<\/li>\n<li data-start=\"1017\" data-end=\"1049\">\n<p data-start=\"1019\" data-end=\"1049\">Finitions en frange ou en bout net<\/p>\n<\/li>\n<li data-start=\"1050\" data-end=\"1087\">\n<p data-start=\"1052\" data-end=\"1087\">Options d'emballage et d'\u00e9tiquetage en vrac<\/p>\n<\/li>\n<\/ul>","protected":false},"excerpt":{"rendered":"<p data-start=\"1089\" data-end=\"1334\">Vente en gros d'\u00e9charpes en tricot personnalis\u00e9es avec un logo tricot\u00e9 dans le design. Configurez les couleurs, l'emplacement et les options de finition en fonction de votre programme. QMOR et d\u00e9lais de livraison bas\u00e9s sur des devis pour l'approvisionnement en vrac et les s\u00e9ries r\u00e9p\u00e9titives.<\/p>","protected":false},"featured_media":323,"template":"","meta":{"_gspb_post_css":""},"product_brand":[],"product_cat":[37,36],"product_tag":[],"class_list":{"0":"post-307","1":"product","2":"type-product","3":"status-publish","4":"has-post-thumbnail","6":"product_cat-scarves","7":"product_cat-accessories","9":"first","10":"instock","11":"shipping-taxable","12":"purchasable","13":"product-type-simple"},"_links":{"self":[{"href":"https:\/\/customhatsmanufacturer.com\/fr\/wp-json\/wp\/v2\/product\/307","targetHints":{"allow":["GET"]}}],"collection":[{"href":"https:\/\/customhatsmanufacturer.com\/fr\/wp-json\/wp\/v2\/product"}],"about":[{"href":"https:\/\/customhatsmanufacturer.com\/fr\/wp-json\/wp\/v2\/types\/product"}],"wp:featuredmedia":[{"embeddable":true,"href":"https:\/\/customhatsmanufacturer.com\/fr\/wp-json\/wp\/v2\/media\/323"}],"wp:attachment":[{"href":"https:\/\/customhatsmanufacturer.com\/fr\/wp-json\/wp\/v2\/media?parent=307"}],"wp:term":[{"taxonomy":"product_brand","embeddable":true,"href":"https:\/\/customhatsmanufacturer.com\/fr\/wp-json\/wp\/v2\/product_brand?post=307"},{"taxonomy":"product_cat","embeddable":true,"href":"https:\/\/customhatsmanufacturer.com\/fr\/wp-json\/wp\/v2\/product_cat?post=307"},{"taxonomy":"product_tag","embeddable":true,"href":"https:\/\/customhatsmanufacturer.com\/fr\/wp-json\/wp\/v2\/product_tag?post=307"}],"curies":[{"name":"wp","href":"https:\/\/api.w.org\/{rel}","templated":true}]}}