{"id":305,"date":"2026-02-28T06:31:29","date_gmt":"2026-02-28T06:31:29","guid":{"rendered":"https:\/\/customhatsmanufacturer.com\/?post_type=product&#038;p=305"},"modified":"2026-02-28T06:31:29","modified_gmt":"2026-02-28T06:31:29","slug":"lightweight-windbreakers-for-promotions-bulk","status":"publish","type":"product","link":"https:\/\/customhatsmanufacturer.com\/fr\/produit\/lightweight-windbreakers-for-promotions-bulk\/","title":{"rendered":"Coupe-vent l\u00e9gers pour les promotions (en vrac)"},"content":{"rendered":"<p data-start=\"0\" data-end=\"395\">Les coupe-vent l\u00e9gers pour les promotions (en vrac) sont des vestes \u00e0 coque l\u00e9g\u00e8re con\u00e7ues pour couper la brise sans l'encombrement d'un manteau lourd. Les mod\u00e8les typiques utilisent une construction simple, \u00e0 une seule couche, pour faciliter la superposition, avec des d\u00e9tails pratiques tels qu'une fermeture \u00e9clair int\u00e9grale, des poignets et un ourlet \u00e9lastiques, et une capuche ou un col escamotable en option, selon le programme.<\/p>\n<p data-start=\"397\" data-end=\"821\">Pour les commandes B2B, ces articles sont con\u00e7us pour assurer la visibilit\u00e9 de la marque - choisissez une d\u00e9coration comme la broderie ou l'impression du logo, avec des options d'emplacement qui peuvent inclure la poitrine gauche, la manche ou le dos. Les coloris, les tailles et l'emballage peuvent \u00eatre adapt\u00e9s \u00e0 votre d\u00e9ploiement dans le cadre d'une demande OEM ; la quantit\u00e9 de pi\u00e8ces et le d\u00e9lai de livraison varient - demandez un devis. Id\u00e9al pour les marques, les \u00e9quipes, les \u00e9v\u00e9nements et les d\u00e9taillants qui cr\u00e9ent des v\u00eatements d'ext\u00e9rieur coordonn\u00e9s.<\/p>\n<ul data-start=\"823\" data-end=\"988\">\n<li data-start=\"823\" data-end=\"859\">\n<p data-start=\"825\" data-end=\"859\">Coquille l\u00e9g\u00e8re et coupe-vent<\/p>\n<\/li>\n<li data-start=\"860\" data-end=\"888\">\n<p data-start=\"862\" data-end=\"888\">Fermeture zipp\u00e9e sur le devant<\/p>\n<\/li>\n<li data-start=\"889\" data-end=\"921\">\n<p data-start=\"891\" data-end=\"921\">Option poignets et ourlets \u00e9lastiques<\/p>\n<\/li>\n<li data-start=\"922\" data-end=\"949\">\n<p data-start=\"924\" data-end=\"949\">Style \u00e0 capuche ou \u00e0 col<\/p>\n<\/li>\n<li data-start=\"950\" data-end=\"988\">\n<p data-start=\"952\" data-end=\"988\">Placement de la broderie ou de l'impression du logo<\/p>\n<\/li>\n<\/ul>","protected":false},"excerpt":{"rendered":"<p data-start=\"990\" data-end=\"1253\">Vestes coupe-vent l\u00e9g\u00e8res en vrac pour les promotions, con\u00e7ues pour une superposition facile et la visibilit\u00e9 du logo. Broderie ou marquage imprim\u00e9 disponible sur demande, avec des assortiments coordonn\u00e9s de couleurs et de tailles pour les programmes de vente en gros et les programmes OEM.<\/p>","protected":false},"featured_media":317,"template":"","meta":{"_gspb_post_css":""},"product_brand":[],"product_cat":[35,25],"product_tag":[],"class_list":{"0":"post-305","1":"product","2":"type-product","3":"status-publish","4":"has-post-thumbnail","6":"product_cat-jackets","7":"product_cat-clothing","9":"first","10":"instock","11":"shipping-taxable","12":"purchasable","13":"product-type-simple"},"_links":{"self":[{"href":"https:\/\/customhatsmanufacturer.com\/fr\/wp-json\/wp\/v2\/product\/305","targetHints":{"allow":["GET"]}}],"collection":[{"href":"https:\/\/customhatsmanufacturer.com\/fr\/wp-json\/wp\/v2\/product"}],"about":[{"href":"https:\/\/customhatsmanufacturer.com\/fr\/wp-json\/wp\/v2\/types\/product"}],"wp:featuredmedia":[{"embeddable":true,"href":"https:\/\/customhatsmanufacturer.com\/fr\/wp-json\/wp\/v2\/media\/317"}],"wp:attachment":[{"href":"https:\/\/customhatsmanufacturer.com\/fr\/wp-json\/wp\/v2\/media?parent=305"}],"wp:term":[{"taxonomy":"product_brand","embeddable":true,"href":"https:\/\/customhatsmanufacturer.com\/fr\/wp-json\/wp\/v2\/product_brand?post=305"},{"taxonomy":"product_cat","embeddable":true,"href":"https:\/\/customhatsmanufacturer.com\/fr\/wp-json\/wp\/v2\/product_cat?post=305"},{"taxonomy":"product_tag","embeddable":true,"href":"https:\/\/customhatsmanufacturer.com\/fr\/wp-json\/wp\/v2\/product_tag?post=305"}],"curies":[{"name":"wp","href":"https:\/\/api.w.org\/{rel}","templated":true}]}}