{"id":28,"date":"2026-02-27T06:57:25","date_gmt":"2026-02-27T06:57:25","guid":{"rendered":"https:\/\/customhatsmanufacturer.com\/?post_type=product&#038;p=28"},"modified":"2026-02-27T06:57:26","modified_gmt":"2026-02-27T06:57:26","slug":"custom-embroidered-snapback-caps-wholesale","status":"publish","type":"product","link":"https:\/\/customhatsmanufacturer.com\/fr\/produit\/custom-embroidered-snapback-caps-wholesale\/","title":{"rendered":"Casquettes brod\u00e9es personnalis\u00e9es (Wholesale)"},"content":{"rendered":"<p data-start=\"0\" data-end=\"342\">Les casquettes brod\u00e9es sont des casques ajustables con\u00e7us pour les programmes de marque - pensez \u00e0 la vente au d\u00e9tail, aux uniformes du personnel ou aux cadeaux publicitaires. La fermeture \u00e0 bouton-pression simplifie le choix de la taille, tandis que la broderie donne \u00e0 votre logo une finition propre et cousue, con\u00e7ue pour un usage r\u00e9gulier.<\/p>\n<p data-start=\"344\" data-end=\"836\">Pour les commandes B2B, nous prenons en charge les flux de travail artwork-to-stitch et les s\u00e9ries de production dans les quantit\u00e9s dont vous avez besoin, avec des options pour l'emplacement (devant, c\u00f4t\u00e9 ou arri\u00e8re) et les styles de broderie tels que la bouff\u00e9e plate ou 3D sur demande. Choisissez votre mod\u00e8le de casquette pr\u00e9f\u00e9r\u00e9 - couronnes structur\u00e9es ou non, bordures plates ou incurv\u00e9es, et dispositions \u00e0 5 ou 6 panneaux peuvent \u00eatre sp\u00e9cifi\u00e9es lors de l'\u00e9chantillonnage. La quantit\u00e9 et le d\u00e9lai de livraison varient - demandez un devis. Id\u00e9al pour les marques, les \u00e9quipes, les \u00e9v\u00e9nements et les d\u00e9taillants.<\/p>\n<ul data-start=\"837\" data-end=\"994\">\n<li data-start=\"837\" data-end=\"868\">\n<p data-start=\"839\" data-end=\"868\">Fermeture r\u00e9glable par pression<\/p>\n<\/li>\n<li data-start=\"869\" data-end=\"899\">\n<p data-start=\"871\" data-end=\"899\">Placement de logos brod\u00e9s<\/p>\n<\/li>\n<li data-start=\"900\" data-end=\"926\">\n<p data-start=\"902\" data-end=\"926\">Option de bouff\u00e9e plate ou 3D<\/p>\n<\/li>\n<li data-start=\"927\" data-end=\"968\">\n<p data-start=\"929\" data-end=\"968\">Choix de couronnes structur\u00e9es\/non structur\u00e9es<\/p>\n<\/li>\n<li data-start=\"969\" data-end=\"994\">\n<p data-start=\"971\" data-end=\"994\">Choix du style de bord<\/p>\n<\/li>\n<\/ul>","protected":false},"excerpt":{"rendered":"<p data-start=\"996\" data-end=\"1282\">Casquettes snapback pr\u00eates pour la vente en gros, avec broderie personnalis\u00e9e pour les logos et les dessins. Con\u00e7ues pour les programmes en vrac, elles sont dot\u00e9es d'une fermeture \u00e0 bouton-pression r\u00e9glable et de styles de casquettes configurables. Sp\u00e9cifiez l'emplacement et les effets de point lors de l'\u00e9chantillonnage ; demandez un devis pour les quantit\u00e9s et les d\u00e9lais.<\/p>","protected":false},"featured_media":34,"template":"","meta":{"_gspb_post_css":""},"product_brand":[],"product_cat":[16,15],"product_tag":[],"class_list":{"0":"post-28","1":"product","2":"type-product","3":"status-publish","4":"has-post-thumbnail","6":"product_cat-snapback-hats","7":"product_cat-hats-caps","9":"first","10":"instock","11":"shipping-taxable","12":"purchasable","13":"product-type-simple"},"_links":{"self":[{"href":"https:\/\/customhatsmanufacturer.com\/fr\/wp-json\/wp\/v2\/product\/28","targetHints":{"allow":["GET"]}}],"collection":[{"href":"https:\/\/customhatsmanufacturer.com\/fr\/wp-json\/wp\/v2\/product"}],"about":[{"href":"https:\/\/customhatsmanufacturer.com\/fr\/wp-json\/wp\/v2\/types\/product"}],"wp:featuredmedia":[{"embeddable":true,"href":"https:\/\/customhatsmanufacturer.com\/fr\/wp-json\/wp\/v2\/media\/34"}],"wp:attachment":[{"href":"https:\/\/customhatsmanufacturer.com\/fr\/wp-json\/wp\/v2\/media?parent=28"}],"wp:term":[{"taxonomy":"product_brand","embeddable":true,"href":"https:\/\/customhatsmanufacturer.com\/fr\/wp-json\/wp\/v2\/product_brand?post=28"},{"taxonomy":"product_cat","embeddable":true,"href":"https:\/\/customhatsmanufacturer.com\/fr\/wp-json\/wp\/v2\/product_cat?post=28"},{"taxonomy":"product_tag","embeddable":true,"href":"https:\/\/customhatsmanufacturer.com\/fr\/wp-json\/wp\/v2\/product_tag?post=28"}],"curies":[{"name":"wp","href":"https:\/\/api.w.org\/{rel}","templated":true}]}}