{"id":279,"date":"2026-02-28T05:52:56","date_gmt":"2026-02-28T05:52:56","guid":{"rendered":"https:\/\/customhatsmanufacturer.com\/?post_type=product&#038;p=279"},"modified":"2026-02-28T05:52:56","modified_gmt":"2026-02-28T05:52:56","slug":"modern-fit-pant-suit-sets-for-hospitality-oem","status":"publish","type":"product","link":"https:\/\/customhatsmanufacturer.com\/fr\/produit\/modern-fit-pant-suit-sets-for-hospitality-oem\/","title":{"rendered":"Ensembles de costumes pantalons de coupe moderne pour l'h\u00f4tellerie (OEM)"},"content":{"rendered":"<p data-start=\"0\" data-end=\"441\">Les ensembles de costumes pantalons \u00e0 coupe moderne pour l'h\u00f4tellerie sont des ensembles d'uniformes coordonn\u00e9s - typiquement une veste sur mesure associ\u00e9e \u00e0 un pantalon assorti - con\u00e7us pour que les \u00e9quipes en contact avec le public aient une apparence coh\u00e9rente et professionnelle d'une \u00e9quipe \u00e0 l'autre. Con\u00e7us pour une silhouette nette et contemporaine, ces ensembles soutiennent les programmes d'uniformes o\u00f9 l'image, la coupe et le style r\u00e9p\u00e9titif sont importants pour tous les r\u00f4les et tous les lieux.<\/p>\n<p data-start=\"443\" data-end=\"973\">Propos\u00e9s pour la production OEM, ces ensembles de costumes pantalons peuvent \u00eatre d\u00e9velopp\u00e9s pour votre ligne avec des d\u00e9tails de marque tels que l'assortiment de couleurs, les s\u00e9ries de tailles et les ajustements de garnitures. Les options de marquage sont disponibles sur demande et peuvent inclure la broderie de logo, le monogramme ou des applications de transfert thermique en fonction de votre emplacement et de votre s\u00e9lection de tissu. La quantit\u00e9 et le d\u00e9lai d'ex\u00e9cution varient - demandez un devis. Convient parfaitement aux marques de l'h\u00f4tellerie, aux gestionnaires de programmes d'uniformes et aux distributeurs fournissant des h\u00f4tels, des centres de vill\u00e9giature et des salles de spectacle.<\/p>\n<ul data-start=\"975\" data-end=\"1136\">\n<li data-start=\"975\" data-end=\"999\">\n<p data-start=\"977\" data-end=\"999\">Coupe moderne<\/p>\n<\/li>\n<li data-start=\"1000\" data-end=\"1029\">\n<p data-start=\"1002\" data-end=\"1029\">Veste et pantalon assortis<\/p>\n<\/li>\n<li data-start=\"1030\" data-end=\"1063\">\n<p data-start=\"1032\" data-end=\"1063\">Soutien au d\u00e9veloppement de la marque OEM<\/p>\n<\/li>\n<li data-start=\"1064\" data-end=\"1100\">\n<p data-start=\"1066\" data-end=\"1100\">Possibilit\u00e9s de placement du logo<\/p>\n<\/li>\n<li data-start=\"1101\" data-end=\"1136\">\n<p data-start=\"1103\" data-end=\"1136\">Coordination uniforme bas\u00e9e sur les r\u00f4les<\/p>\n<\/li>\n<\/ul>","protected":false},"excerpt":{"rendered":"<p data-start=\"1138\" data-end=\"1360\">Ensemble de pantalons de coupe moderne pour les programmes d'uniformes de l'h\u00f4tellerie et de la restauration, con\u00e7u pour les fournisseurs d'\u00e9quipement d'origine. Vestes et pantalons coordonn\u00e9s avec logo en option et tailles modulables pour les commandes en gros.<\/p>","protected":false},"featured_media":303,"template":"","meta":{"_gspb_post_css":""},"product_brand":[],"product_cat":[34,25],"product_tag":[],"class_list":{"0":"post-279","1":"product","2":"type-product","3":"status-publish","4":"has-post-thumbnail","6":"product_cat-pant-suit","7":"product_cat-clothing","9":"first","10":"instock","11":"shipping-taxable","12":"purchasable","13":"product-type-simple"},"_links":{"self":[{"href":"https:\/\/customhatsmanufacturer.com\/fr\/wp-json\/wp\/v2\/product\/279","targetHints":{"allow":["GET"]}}],"collection":[{"href":"https:\/\/customhatsmanufacturer.com\/fr\/wp-json\/wp\/v2\/product"}],"about":[{"href":"https:\/\/customhatsmanufacturer.com\/fr\/wp-json\/wp\/v2\/types\/product"}],"wp:featuredmedia":[{"embeddable":true,"href":"https:\/\/customhatsmanufacturer.com\/fr\/wp-json\/wp\/v2\/media\/303"}],"wp:attachment":[{"href":"https:\/\/customhatsmanufacturer.com\/fr\/wp-json\/wp\/v2\/media?parent=279"}],"wp:term":[{"taxonomy":"product_brand","embeddable":true,"href":"https:\/\/customhatsmanufacturer.com\/fr\/wp-json\/wp\/v2\/product_brand?post=279"},{"taxonomy":"product_cat","embeddable":true,"href":"https:\/\/customhatsmanufacturer.com\/fr\/wp-json\/wp\/v2\/product_cat?post=279"},{"taxonomy":"product_tag","embeddable":true,"href":"https:\/\/customhatsmanufacturer.com\/fr\/wp-json\/wp\/v2\/product_tag?post=279"}],"curies":[{"name":"wp","href":"https:\/\/api.w.org\/{rel}","templated":true}]}}