{"id":278,"date":"2026-02-28T05:44:15","date_gmt":"2026-02-28T05:44:15","guid":{"rendered":"https:\/\/customhatsmanufacturer.com\/?post_type=product&#038;p=278"},"modified":"2026-02-28T05:44:15","modified_gmt":"2026-02-28T05:44:15","slug":"womens-tailored-pant-suits-in-bulk-supplier","status":"publish","type":"product","link":"https:\/\/customhatsmanufacturer.com\/fr\/produit\/womens-tailored-pant-suits-in-bulk-supplier\/","title":{"rendered":"Tailleurs pantalons pour femmes en vrac (fournisseur)"},"content":{"rendered":"<p data-start=\"0\" data-end=\"387\">Les tailleurs pantalons pour femmes en vrac sont des ensembles coordonn\u00e9s de deux pi\u00e8ces con\u00e7us pour un look poli et uniforme - typiquement une veste structur\u00e9e associ\u00e9e \u00e0 un pantalon de tailleur assorti. Cette cat\u00e9gorie est con\u00e7ue autour de lignes \u00e9pur\u00e9es et de tailles coh\u00e9rentes sur l'ensemble des s\u00e9ries, ce qui vous permet de stocker ou de fournir un programme coh\u00e9rent de tailleurs pour les magasins, les v\u00eatements d'entreprise ou les collections de revente.<\/p>\n<p data-start=\"389\" data-end=\"848\">En tant qu'offre ax\u00e9e sur les fournisseurs, les commandes sont configur\u00e9es pour des achats \u00e9volutifs et r\u00e9p\u00e9tables. Le marquage peut \u00eatre ajout\u00e9 sur demande, avec des options telles que des \u00e9tiquettes de marque tiss\u00e9es, des marques brod\u00e9es, des \u00e9tiquettes volantes ou des emballages personnalis\u00e9s pour s'aligner sur la pr\u00e9sentation de votre ligne. Le MOQ et le d\u00e9lai de livraison varient - demandez un devis. Les acheteurs les mieux plac\u00e9s sont les marques de mode, les programmes d'uniformes, les partenaires en mati\u00e8re d'organisation d'\u00e9v\u00e9nements et les d\u00e9taillants multilocaux.<\/p>\n<ul data-start=\"850\" data-end=\"1049\">\n<li data-start=\"850\" data-end=\"883\">\n<p data-start=\"852\" data-end=\"883\">Ensemble veste + pantalon assortis<\/p>\n<\/li>\n<li data-start=\"884\" data-end=\"919\">\n<p data-start=\"886\" data-end=\"919\">Silhouette tailleur et structur\u00e9e<\/p>\n<\/li>\n<li data-start=\"920\" data-end=\"950\">\n<p data-start=\"922\" data-end=\"950\">Soutien \u00e0 la taille et \u00e0 la couleur<\/p>\n<\/li>\n<li data-start=\"951\" data-end=\"986\">\n<p data-start=\"953\" data-end=\"986\">Options d'\u00e9tiquetage priv\u00e9 disponibles<\/p>\n<\/li>\n<li data-start=\"987\" data-end=\"1014\">\n<p data-start=\"989\" data-end=\"1014\">Broderie sur demande<\/p>\n<\/li>\n<li data-start=\"1015\" data-end=\"1049\">\n<p data-start=\"1017\" data-end=\"1049\">Compl\u00e9ments d'emballage pour la vente au d\u00e9tail<\/p>\n<\/li>\n<\/ul>","protected":false},"excerpt":{"rendered":"<p data-start=\"1051\" data-end=\"1290\">Ensembles de tailleur deux pi\u00e8ces pour femmes pour les achats en gros. Commandes pr\u00eates \u00e0 l'emploi avec possibilit\u00e9 d'\u00e9tiquetage priv\u00e9, de broderie et d'am\u00e9lioration de l'emballage sur demande. Production sur devis pour des commandes r\u00e9guli\u00e8res.<\/p>","protected":false},"featured_media":299,"template":"","meta":{"_gspb_post_css":""},"product_brand":[],"product_cat":[34,25],"product_tag":[],"class_list":{"0":"post-278","1":"product","2":"type-product","3":"status-publish","4":"has-post-thumbnail","6":"product_cat-pant-suit","7":"product_cat-clothing","9":"first","10":"instock","11":"shipping-taxable","12":"purchasable","13":"product-type-simple"},"_links":{"self":[{"href":"https:\/\/customhatsmanufacturer.com\/fr\/wp-json\/wp\/v2\/product\/278","targetHints":{"allow":["GET"]}}],"collection":[{"href":"https:\/\/customhatsmanufacturer.com\/fr\/wp-json\/wp\/v2\/product"}],"about":[{"href":"https:\/\/customhatsmanufacturer.com\/fr\/wp-json\/wp\/v2\/types\/product"}],"wp:featuredmedia":[{"embeddable":true,"href":"https:\/\/customhatsmanufacturer.com\/fr\/wp-json\/wp\/v2\/media\/299"}],"wp:attachment":[{"href":"https:\/\/customhatsmanufacturer.com\/fr\/wp-json\/wp\/v2\/media?parent=278"}],"wp:term":[{"taxonomy":"product_brand","embeddable":true,"href":"https:\/\/customhatsmanufacturer.com\/fr\/wp-json\/wp\/v2\/product_brand?post=278"},{"taxonomy":"product_cat","embeddable":true,"href":"https:\/\/customhatsmanufacturer.com\/fr\/wp-json\/wp\/v2\/product_cat?post=278"},{"taxonomy":"product_tag","embeddable":true,"href":"https:\/\/customhatsmanufacturer.com\/fr\/wp-json\/wp\/v2\/product_tag?post=278"}],"curies":[{"name":"wp","href":"https:\/\/api.w.org\/{rel}","templated":true}]}}