{"id":277,"date":"2026-02-28T05:37:27","date_gmt":"2026-02-28T05:37:27","guid":{"rendered":"https:\/\/customhatsmanufacturer.com\/?post_type=product&#038;p=277"},"modified":"2026-02-28T05:37:27","modified_gmt":"2026-02-28T05:37:27","slug":"custom-pant-suits-for-corporate-uniforms-wholesale","status":"publish","type":"product","link":"https:\/\/customhatsmanufacturer.com\/fr\/produit\/custom-pant-suits-for-corporate-uniforms-wholesale\/","title":{"rendered":"Combinaisons pantalons personnalis\u00e9es pour uniformes d'entreprise (vente en gros)"},"content":{"rendered":"<p data-start=\"0\" data-end=\"385\">Les costumes pantalons personnalis\u00e9s pour les uniformes d'entreprise (en gros) sont des ensembles de costumes coordonn\u00e9s con\u00e7us pour pr\u00e9senter une apparence professionnelle coh\u00e9rente au sein des \u00e9quipes d'accueil, de vente, d'administration et de gestion. Con\u00e7us comme un programme de blazers et de pantalons assortis, ils conviennent aux d\u00e9ploiements o\u00f9 la coh\u00e9rence des coupes, les lignes \u00e9pur\u00e9es et la pr\u00e9sentation de la marque importent plus que le style tendance.<\/p>\n<p data-start=\"387\" data-end=\"951\">Pour les commandes B2B, ces ensembles sont g\u00e9n\u00e9ralement produits selon vos sp\u00e9cifications - la correspondance des couleurs, les gammes de tailles et l'\u00e9tiquetage peuvent \u00eatre int\u00e9gr\u00e9s dans le tirage. Le placement du logo est g\u00e9n\u00e9ralement trait\u00e9 comme une option de finition, les m\u00e9thodes de d\u00e9coration telles que la broderie ou le transfert thermique \u00e9tant disponibles sur demande. Le MOQ et le d\u00e9lai de livraison varient - demandez un devis avec les quantit\u00e9s, le d\u00e9lai de livraison pr\u00e9vu et les fichiers de marque. Les acheteurs les mieux plac\u00e9s sont les programmes d'uniformes, les distributeurs de v\u00eatements d'entreprise et les d\u00e9taillants qui fournissent des v\u00eatements de travail pr\u00eats \u00e0 l'emploi.<\/p>\n<ul data-start=\"953\" data-end=\"1148\">\n<li data-start=\"953\" data-end=\"986\">\n<p data-start=\"955\" data-end=\"986\">Ensemble blazer + pantalon assorti<\/p>\n<\/li>\n<li data-start=\"987\" data-end=\"1022\">\n<p data-start=\"989\" data-end=\"1022\">Style pr\u00eat \u00e0 l'emploi pour les uniformes d'entreprise<\/p>\n<\/li>\n<li data-start=\"1023\" data-end=\"1049\">\n<p data-start=\"1025\" data-end=\"1049\">Possibilit\u00e9 de broder le logo<\/p>\n<\/li>\n<li data-start=\"1050\" data-end=\"1079\">\n<p data-start=\"1052\" data-end=\"1079\">Option de logo par transfert thermique<\/p>\n<\/li>\n<li data-start=\"1080\" data-end=\"1113\">\n<p data-start=\"1082\" data-end=\"1113\">Planification de la gamme de tailles disponible<\/p>\n<\/li>\n<li data-start=\"1114\" data-end=\"1148\">\n<p data-start=\"1116\" data-end=\"1148\">Options d'\u00e9tiquetage priv\u00e9<\/p>\n<\/li>\n<\/ul>","protected":false},"excerpt":{"rendered":"<p data-start=\"1150\" data-end=\"1397\">Vente en gros d'ensembles de pantalons personnalis\u00e9s pour les programmes d'uniformes d'entreprise. Blazer et pantalon coordonn\u00e9s avec d\u00e9coration de logo et \u00e9tiquetage de marque en option. Con\u00e7us pour les commandes en gros lorsque la coh\u00e9rence de la pr\u00e9sentation et de la taille est importante.<\/p>","protected":false},"featured_media":295,"template":"","meta":{"_gspb_post_css":""},"product_brand":[],"product_cat":[34,25],"product_tag":[],"class_list":{"0":"post-277","1":"product","2":"type-product","3":"status-publish","4":"has-post-thumbnail","6":"product_cat-pant-suit","7":"product_cat-clothing","9":"first","10":"instock","11":"shipping-taxable","12":"purchasable","13":"product-type-simple"},"_links":{"self":[{"href":"https:\/\/customhatsmanufacturer.com\/fr\/wp-json\/wp\/v2\/product\/277","targetHints":{"allow":["GET"]}}],"collection":[{"href":"https:\/\/customhatsmanufacturer.com\/fr\/wp-json\/wp\/v2\/product"}],"about":[{"href":"https:\/\/customhatsmanufacturer.com\/fr\/wp-json\/wp\/v2\/types\/product"}],"wp:featuredmedia":[{"embeddable":true,"href":"https:\/\/customhatsmanufacturer.com\/fr\/wp-json\/wp\/v2\/media\/295"}],"wp:attachment":[{"href":"https:\/\/customhatsmanufacturer.com\/fr\/wp-json\/wp\/v2\/media?parent=277"}],"wp:term":[{"taxonomy":"product_brand","embeddable":true,"href":"https:\/\/customhatsmanufacturer.com\/fr\/wp-json\/wp\/v2\/product_brand?post=277"},{"taxonomy":"product_cat","embeddable":true,"href":"https:\/\/customhatsmanufacturer.com\/fr\/wp-json\/wp\/v2\/product_cat?post=277"},{"taxonomy":"product_tag","embeddable":true,"href":"https:\/\/customhatsmanufacturer.com\/fr\/wp-json\/wp\/v2\/product_tag?post=277"}],"curies":[{"name":"wp","href":"https:\/\/api.w.org\/{rel}","templated":true}]}}