{"id":276,"date":"2026-02-28T05:30:17","date_gmt":"2026-02-28T05:30:17","guid":{"rendered":"https:\/\/customhatsmanufacturer.com\/?post_type=product&#038;p=276"},"modified":"2026-02-28T05:30:17","modified_gmt":"2026-02-28T05:30:17","slug":"jogger-pants-for-streetwear-brands-oem","status":"publish","type":"product","link":"https:\/\/customhatsmanufacturer.com\/fr\/produit\/jogger-pants-for-streetwear-brands-oem\/","title":{"rendered":"Pantalon de jogging pour les marques de streetwear (OEM)"},"content":{"rendered":"<p data-start=\"0\" data-end=\"402\">Con\u00e7u pour les marques de streetwear qui ont besoin d'une silhouette de jogger coh\u00e9rente, ce pantalon de jogging associe une ceinture confortable (\u00e9lastique et\/ou cordon de serrage) \u00e0 une jambe fusel\u00e9e et \u00e0 des poignets de cheville ajust\u00e9s - les caract\u00e9ristiques qui d\u00e9finissent les \u201cjoggers\u201d. Cela cr\u00e9e une base nette pour les collections saisonni\u00e8res, les collections principales et les programmes de merchandising o\u00f9 la coupe et la marque restent au centre des pr\u00e9occupations.<\/p>\n<p data-start=\"404\" data-end=\"908\">Con\u00e7us pour le d\u00e9veloppement OEM, vous pouvez fournir votre pack technique ou un \u00e9chantillon de r\u00e9f\u00e9rence et nous produirons selon vos sp\u00e9cifications, puis nous terminerons le v\u00eatement avec les identifiants de votre marque (\u00e9tiquettes, garnitures et emballage, selon votre demande). Les options comprennent le placement du logo par broderie ou impression, ainsi que la gradation des tailles et des coloris pour correspondre \u00e0 votre gamme. La quantit\u00e9 et le d\u00e9lai de livraison varient - demandez un devis. Ce produit est id\u00e9al pour les marques de streetwear, les d\u00e9taillants et les \u00e9quipes promotionnelles qui cr\u00e9ent des assortiments de marques priv\u00e9es.<\/p>\n<ul data-start=\"909\" data-end=\"1101\">\n<li data-start=\"909\" data-end=\"942\">\n<p data-start=\"911\" data-end=\"942\">Coupe fusel\u00e9e jogger streetwear<\/p>\n<\/li>\n<li data-start=\"943\" data-end=\"977\">\n<p data-start=\"945\" data-end=\"977\">Options taille \u00e9lastique\/cordon de serrage<\/p>\n<\/li>\n<li data-start=\"978\" data-end=\"1000\">\n<p data-start=\"980\" data-end=\"1000\">Chevilles \u00e0 poignets serr\u00e9s<\/p>\n<\/li>\n<li data-start=\"1001\" data-end=\"1033\">\n<p data-start=\"1003\" data-end=\"1033\">Personnalisation des \u00e9tiquettes et des garnitures<\/p>\n<\/li>\n<li data-start=\"1034\" data-end=\"1063\">\n<p data-start=\"1036\" data-end=\"1063\">Broderie ou impression de logos<\/p>\n<\/li>\n<li data-start=\"1064\" data-end=\"1101\">\n<p data-start=\"1066\" data-end=\"1101\">Support pour le classement des couleurs et des tailles<\/p>\n<\/li>\n<\/ul>","protected":false},"excerpt":{"rendered":"<p data-start=\"1103\" data-end=\"1352\">Pantalon de jogging OEM con\u00e7u pour les marques de streetwear. Jambe fusel\u00e9e standard avec chevilles \u00e0 revers, avec options de logos brod\u00e9s\/imprim\u00e9s, d'\u00e9tiquettes tiss\u00e9es et de garnitures personnalis\u00e9es. Con\u00e7us pour des s\u00e9ries en gros, les pantalons sont livr\u00e9s \u00e0 la demande et dans les d\u00e9lais pr\u00e9vus par les sp\u00e9cifications.<\/p>","protected":false},"featured_media":291,"template":"","meta":{"_gspb_post_css":""},"product_brand":[],"product_cat":[33,25],"product_tag":[],"class_list":{"0":"post-276","1":"product","2":"type-product","3":"status-publish","4":"has-post-thumbnail","6":"product_cat-pants","7":"product_cat-clothing","9":"first","10":"instock","11":"shipping-taxable","12":"purchasable","13":"product-type-simple"},"_links":{"self":[{"href":"https:\/\/customhatsmanufacturer.com\/fr\/wp-json\/wp\/v2\/product\/276","targetHints":{"allow":["GET"]}}],"collection":[{"href":"https:\/\/customhatsmanufacturer.com\/fr\/wp-json\/wp\/v2\/product"}],"about":[{"href":"https:\/\/customhatsmanufacturer.com\/fr\/wp-json\/wp\/v2\/types\/product"}],"wp:featuredmedia":[{"embeddable":true,"href":"https:\/\/customhatsmanufacturer.com\/fr\/wp-json\/wp\/v2\/media\/291"}],"wp:attachment":[{"href":"https:\/\/customhatsmanufacturer.com\/fr\/wp-json\/wp\/v2\/media?parent=276"}],"wp:term":[{"taxonomy":"product_brand","embeddable":true,"href":"https:\/\/customhatsmanufacturer.com\/fr\/wp-json\/wp\/v2\/product_brand?post=276"},{"taxonomy":"product_cat","embeddable":true,"href":"https:\/\/customhatsmanufacturer.com\/fr\/wp-json\/wp\/v2\/product_cat?post=276"},{"taxonomy":"product_tag","embeddable":true,"href":"https:\/\/customhatsmanufacturer.com\/fr\/wp-json\/wp\/v2\/product_tag?post=276"}],"curies":[{"name":"wp","href":"https:\/\/api.w.org\/{rel}","templated":true}]}}