{"id":275,"date":"2026-02-28T05:25:59","date_gmt":"2026-02-28T05:25:59","guid":{"rendered":"https:\/\/customhatsmanufacturer.com\/?post_type=product&#038;p=275"},"modified":"2026-02-28T05:25:59","modified_gmt":"2026-02-28T05:25:59","slug":"stretch-chino-pants-for-uniform-suppliers-bulk","status":"publish","type":"product","link":"https:\/\/customhatsmanufacturer.com\/fr\/produit\/stretch-chino-pants-for-uniform-suppliers-bulk\/","title":{"rendered":"Pantalon chino extensible pour les fournisseurs d'uniformes (en vrac)"},"content":{"rendered":"<p data-start=\"0\" data-end=\"279\">Con\u00e7u pour les programmes d'uniformes, ce pantalon chino extensible offre un aspect propre et professionnel avec une souplesse accrue pour une mobilit\u00e9 tout au long de la journ\u00e9e. Le profil chino aide les \u00e9quipes \u00e0 pr\u00e9senter une apparence coh\u00e9rente et soign\u00e9e, que ce soit en contact avec la client\u00e8le ou dans les services internes.<\/p>\n<p data-start=\"281\" data-end=\"779\">Con\u00e7us pour les fournisseurs d'uniformes qui commandent en gros, ils prennent en charge les assortiments de tailles et les commandes r\u00e9p\u00e9t\u00e9es pour les comptes multilocaux. L'\u00e9tiquetage et l'emballage sous marque priv\u00e9e peuvent \u00eatre organis\u00e9s pour les programmes de revente. Le marquage est disponible sur demande - les options comprennent la broderie du logo ou les transferts par thermoscellage pour un placement discret. La quantit\u00e9 et le d\u00e9lai de livraison varient - demandez un devis. Ce produit est id\u00e9al pour les marques de v\u00eatements de travail, les fournisseurs d'uniformes, les d\u00e9taillants scolaires et les \u00e9quipes charg\u00e9es de l'organisation d'\u00e9v\u00e9nements.<\/p>\n<ul data-start=\"780\" data-end=\"931\">\n<li data-start=\"780\" data-end=\"811\">\n<p data-start=\"782\" data-end=\"811\">Pantalon d'uniforme de style chinois<\/p>\n<\/li>\n<li data-start=\"812\" data-end=\"840\">\n<p data-start=\"814\" data-end=\"840\">Confort d'\u00e9tirement int\u00e9gr\u00e9<\/p>\n<\/li>\n<li data-start=\"841\" data-end=\"867\">\n<p data-start=\"843\" data-end=\"867\">La taille en vrac est respectueuse de l'\u00e9coulement<\/p>\n<\/li>\n<li data-start=\"868\" data-end=\"899\">\n<p data-start=\"870\" data-end=\"899\">Options de marquage sur demande<\/p>\n<\/li>\n<li data-start=\"900\" data-end=\"931\">\n<p data-start=\"902\" data-end=\"931\">Des commandes de programmes coh\u00e9rentes<\/p>\n<\/li>\n<\/ul>","protected":false},"excerpt":{"rendered":"<p data-start=\"933\" data-end=\"1221\">Pantalon chino extensible fourni en vrac pour les programmes d'uniformes, avec une pr\u00e9sentation propre de style chino et une extensibilit\u00e9 int\u00e9gr\u00e9e. Broderie de logo ou marquage par transfert thermique en option et emballage sous marque de distributeur disponibles sur demande.<\/p>","protected":false},"featured_media":287,"template":"","meta":{"_gspb_post_css":""},"product_brand":[],"product_cat":[33,25],"product_tag":[],"class_list":{"0":"post-275","1":"product","2":"type-product","3":"status-publish","4":"has-post-thumbnail","6":"product_cat-pants","7":"product_cat-clothing","9":"first","10":"instock","11":"shipping-taxable","12":"purchasable","13":"product-type-simple"},"_links":{"self":[{"href":"https:\/\/customhatsmanufacturer.com\/fr\/wp-json\/wp\/v2\/product\/275","targetHints":{"allow":["GET"]}}],"collection":[{"href":"https:\/\/customhatsmanufacturer.com\/fr\/wp-json\/wp\/v2\/product"}],"about":[{"href":"https:\/\/customhatsmanufacturer.com\/fr\/wp-json\/wp\/v2\/types\/product"}],"wp:featuredmedia":[{"embeddable":true,"href":"https:\/\/customhatsmanufacturer.com\/fr\/wp-json\/wp\/v2\/media\/287"}],"wp:attachment":[{"href":"https:\/\/customhatsmanufacturer.com\/fr\/wp-json\/wp\/v2\/media?parent=275"}],"wp:term":[{"taxonomy":"product_brand","embeddable":true,"href":"https:\/\/customhatsmanufacturer.com\/fr\/wp-json\/wp\/v2\/product_brand?post=275"},{"taxonomy":"product_cat","embeddable":true,"href":"https:\/\/customhatsmanufacturer.com\/fr\/wp-json\/wp\/v2\/product_cat?post=275"},{"taxonomy":"product_tag","embeddable":true,"href":"https:\/\/customhatsmanufacturer.com\/fr\/wp-json\/wp\/v2\/product_tag?post=275"}],"curies":[{"name":"wp","href":"https:\/\/api.w.org\/{rel}","templated":true}]}}