{"id":249,"date":"2026-02-27T13:27:35","date_gmt":"2026-02-27T13:27:35","guid":{"rendered":"https:\/\/customhatsmanufacturer.com\/?post_type=product&#038;p=249"},"modified":"2026-02-27T13:27:35","modified_gmt":"2026-02-27T13:27:35","slug":"cotton-knit-sweaters-for-retail-brands-oem","status":"publish","type":"product","link":"https:\/\/customhatsmanufacturer.com\/fr\/produit\/cotton-knit-sweaters-for-retail-brands-oem\/","title":{"rendered":"Chandails en tricot de coton pour les marques de d\u00e9tail (OEM)"},"content":{"rendered":"<p data-start=\"0\" data-end=\"396\">Des pulls en coton tricot\u00e9 pour les marques de d\u00e9tail qui ont besoin d'une production OEM sans perdre le contr\u00f4le des d\u00e9tails. L'objectif est d'obtenir un pull-over en tricot propre, facile \u00e0 vendre et pouvant \u00eatre r\u00e9p\u00e9t\u00e9 d'une saison \u00e0 l'autre, conforme \u00e0 vos mesures, \u00e0 vos garnitures et aux normes de votre marque. Pr\u00e9cisez les d\u00e9tails de construction tels que les poignets et les ourlets c\u00f4tel\u00e9s, la forme de l'encolure et le toucher g\u00e9n\u00e9ral du fil de coton.<\/p>\n<p data-start=\"398\" data-end=\"912\">Partagez un pack technique ou un \u00e9chantillon de r\u00e9f\u00e9rence pour d\u00e9finir la coupe, le mod\u00e8le de point et les coloris ; le d\u00e9veloppement de l'\u00e9chantillon et le calibrage de la taille peuvent \u00eatre organis\u00e9s selon les besoins. La pr\u00e9sentation de la marque est assur\u00e9e par des options telles que la broderie, les logos en tricot jacquard, les \u00e9tiquettes tiss\u00e9es ou les \u00e9tiquettes de cou imprim\u00e9es, avec des \u00e9tiquettes volantes et des emballages disponibles sur demande. La quantit\u00e9 et le d\u00e9lai de livraison varient - demandez un devis. Convient parfaitement aux marques de mode, aux cha\u00eenes de magasins, aux uniformes et aux \u00e9quipes de merchandising d'\u00e9v\u00e9nements.<\/p>\n<ul data-start=\"914\" data-end=\"1100\">\n<li data-start=\"914\" data-end=\"942\">\n<p data-start=\"916\" data-end=\"942\">Construction en tricot de coton<\/p>\n<\/li>\n<li data-start=\"943\" data-end=\"971\">\n<p data-start=\"945\" data-end=\"971\">OEM, production sp\u00e9cifique<\/p>\n<\/li>\n<li data-start=\"972\" data-end=\"998\">\n<p data-start=\"974\" data-end=\"998\">Garnitures nervur\u00e9es selon les sp\u00e9cifications<\/p>\n<\/li>\n<li data-start=\"999\" data-end=\"1038\">\n<p data-start=\"1001\" data-end=\"1038\">Options de broderie ou de logo jacquard<\/p>\n<\/li>\n<li data-start=\"1039\" data-end=\"1066\">\n<p data-start=\"1041\" data-end=\"1066\">\u00c9tiquettes tiss\u00e9es ou imprim\u00e9es<\/p>\n<\/li>\n<li data-start=\"1067\" data-end=\"1100\">\n<p data-start=\"1069\" data-end=\"1100\">\u00c9tiquettes et options d'emballage<\/p>\n<\/li>\n<\/ul>","protected":false},"excerpt":{"rendered":"<p data-start=\"1102\" data-end=\"1337\">Pulls en coton tricot\u00e9 OEM pour les marques de vente au d\u00e9tail. Fabriqu\u00e9s selon vos sp\u00e9cifications, ils peuvent \u00eatre marqu\u00e9s en option (\u00e9tiquettes tiss\u00e9es, \u00e9tiquettes de cou imprim\u00e9es, broderie ou logos jacquard) et command\u00e9s en gros ou en vrac pour les programmes saisonniers r\u00e9p\u00e9titifs.<\/p>","protected":false},"featured_media":272,"template":"","meta":{"_gspb_post_css":""},"product_brand":[],"product_cat":[32,25],"product_tag":[],"class_list":{"0":"post-249","1":"product","2":"type-product","3":"status-publish","4":"has-post-thumbnail","6":"product_cat-sweaters-jumpers","7":"product_cat-clothing","9":"first","10":"instock","11":"shipping-taxable","12":"purchasable","13":"product-type-simple"},"_links":{"self":[{"href":"https:\/\/customhatsmanufacturer.com\/fr\/wp-json\/wp\/v2\/product\/249","targetHints":{"allow":["GET"]}}],"collection":[{"href":"https:\/\/customhatsmanufacturer.com\/fr\/wp-json\/wp\/v2\/product"}],"about":[{"href":"https:\/\/customhatsmanufacturer.com\/fr\/wp-json\/wp\/v2\/types\/product"}],"wp:featuredmedia":[{"embeddable":true,"href":"https:\/\/customhatsmanufacturer.com\/fr\/wp-json\/wp\/v2\/media\/272"}],"wp:attachment":[{"href":"https:\/\/customhatsmanufacturer.com\/fr\/wp-json\/wp\/v2\/media?parent=249"}],"wp:term":[{"taxonomy":"product_brand","embeddable":true,"href":"https:\/\/customhatsmanufacturer.com\/fr\/wp-json\/wp\/v2\/product_brand?post=249"},{"taxonomy":"product_cat","embeddable":true,"href":"https:\/\/customhatsmanufacturer.com\/fr\/wp-json\/wp\/v2\/product_cat?post=249"},{"taxonomy":"product_tag","embeddable":true,"href":"https:\/\/customhatsmanufacturer.com\/fr\/wp-json\/wp\/v2\/product_tag?post=249"}],"curies":[{"name":"wp","href":"https:\/\/api.w.org\/{rel}","templated":true}]}}