{"id":248,"date":"2026-02-27T13:24:33","date_gmt":"2026-02-27T13:24:33","guid":{"rendered":"https:\/\/customhatsmanufacturer.com\/?post_type=product&#038;p=248"},"modified":"2026-02-27T13:24:33","modified_gmt":"2026-02-27T13:24:33","slug":"merino-wool-jumpers-for-corporate-gifts-bulk","status":"publish","type":"product","link":"https:\/\/customhatsmanufacturer.com\/fr\/produit\/merino-wool-jumpers-for-corporate-gifts-bulk\/","title":{"rendered":"Pulls en laine m\u00e9rinos pour cadeaux d'entreprise (en vrac)"},"content":{"rendered":"<p data-start=\"0\" data-end=\"373\">Pulls en laine m\u00e9rinos con\u00e7us pour les programmes de cadeaux d'entreprise, livr\u00e9s en vrac pour une pr\u00e9sentation coh\u00e9rente au sein des \u00e9quipes et des campagnes. Ils sont parfaits pour les cadeaux aux clients, les r\u00e9compenses au personnel et les ensembles de conf\u00e9rence. En tant qu'\u00e9l\u00e9ment de base des pulls en tricot, la construction en m\u00e9rinos permet un drap\u00e9 propre et un port confortable pour les r\u00e9unions, les jours de voyage et les uniformes superpos\u00e9s.<\/p>\n<p data-start=\"375\" data-end=\"889\">Con\u00e7us pour les achats B2B et les projets OEM, ces pulls peuvent \u00eatre fournis avec des options de marquage telles que la broderie de logo, des \u00e9tiquettes tiss\u00e9es ou des \u00e9tiquettes volantes de marque et des emballages pr\u00eats \u00e0 \u00eatre offerts (disponibles sur demande). S\u00e9lectionnez une taille et une palette de couleurs qui correspondent aux lignes directrices de votre marque, puis commandez \u00e0 nouveau pour les nouvelles embauches ou les changements saisonniers sans avoir \u00e0 reconstruire votre cahier des charges \u00e0 partir de z\u00e9ro. La quantit\u00e9 et le d\u00e9lai de livraison varient - demandez un devis. Convient parfaitement aux marques, aux \u00e9quipes RH, aux organisateurs d'\u00e9v\u00e9nements et aux acheteurs au d\u00e9tail.<\/p>\n<ul data-start=\"891\" data-end=\"1239\">\n<li data-start=\"891\" data-end=\"918\">\n<p data-start=\"893\" data-end=\"918\">Pull en laine m\u00e9rinos<\/p>\n<\/li>\n<li data-start=\"919\" data-end=\"948\">\n<p data-start=\"921\" data-end=\"948\">Fourniture de cadeaux en vrac<\/p>\n<\/li>\n<li data-start=\"949\" data-end=\"1023\">\n<p data-start=\"951\" data-end=\"1023\">Possibilit\u00e9 de broder un logo<\/p>\n<\/li>\n<li data-start=\"1024\" data-end=\"1096\">\n<p data-start=\"1026\" data-end=\"1096\">Possibilit\u00e9 de marquage par \u00e9tiquette tiss\u00e9e<\/p>\n<\/li>\n<li data-start=\"1097\" data-end=\"1168\">\n<p data-start=\"1099\" data-end=\"1168\">\u00c9tiquettes de marque sur demande<\/p>\n<\/li>\n<li data-start=\"1169\" data-end=\"1239\">\n<p data-start=\"1171\" data-end=\"1239\">Options d'emballage pr\u00eat \u00e0 \u00eatre offert<\/p>\n<\/li>\n<\/ul>","protected":false},"excerpt":{"rendered":"<p data-start=\"1241\" data-end=\"1494\">Pulls en tricot de laine m\u00e9rinos fournis en vrac pour les programmes de cadeaux d'entreprise. Les options de marquage comprennent la broderie de logo, les \u00e9tiquettes tiss\u00e9es et l'emballage cadeau sur demande. Con\u00e7us pour des commandes r\u00e9p\u00e9t\u00e9es par des \u00e9quipes, des \u00e9v\u00e9nements et des acheteurs au d\u00e9tail.<\/p>","protected":false},"featured_media":269,"template":"","meta":{"_gspb_post_css":""},"product_brand":[],"product_cat":[32,25],"product_tag":[],"class_list":{"0":"post-248","1":"product","2":"type-product","3":"status-publish","4":"has-post-thumbnail","6":"product_cat-sweaters-jumpers","7":"product_cat-clothing","9":"first","10":"instock","11":"shipping-taxable","12":"purchasable","13":"product-type-simple"},"_links":{"self":[{"href":"https:\/\/customhatsmanufacturer.com\/fr\/wp-json\/wp\/v2\/product\/248","targetHints":{"allow":["GET"]}}],"collection":[{"href":"https:\/\/customhatsmanufacturer.com\/fr\/wp-json\/wp\/v2\/product"}],"about":[{"href":"https:\/\/customhatsmanufacturer.com\/fr\/wp-json\/wp\/v2\/types\/product"}],"wp:featuredmedia":[{"embeddable":true,"href":"https:\/\/customhatsmanufacturer.com\/fr\/wp-json\/wp\/v2\/media\/269"}],"wp:attachment":[{"href":"https:\/\/customhatsmanufacturer.com\/fr\/wp-json\/wp\/v2\/media?parent=248"}],"wp:term":[{"taxonomy":"product_brand","embeddable":true,"href":"https:\/\/customhatsmanufacturer.com\/fr\/wp-json\/wp\/v2\/product_brand?post=248"},{"taxonomy":"product_cat","embeddable":true,"href":"https:\/\/customhatsmanufacturer.com\/fr\/wp-json\/wp\/v2\/product_cat?post=248"},{"taxonomy":"product_tag","embeddable":true,"href":"https:\/\/customhatsmanufacturer.com\/fr\/wp-json\/wp\/v2\/product_tag?post=248"}],"curies":[{"name":"wp","href":"https:\/\/api.w.org\/{rel}","templated":true}]}}