{"id":247,"date":"2026-02-27T13:21:45","date_gmt":"2026-02-27T13:21:45","guid":{"rendered":"https:\/\/customhatsmanufacturer.com\/?post_type=product&#038;p=247"},"modified":"2026-02-27T13:21:45","modified_gmt":"2026-02-27T13:21:45","slug":"custom-crewneck-sweaters-with-knit-logo-wholesale","status":"publish","type":"product","link":"https:\/\/customhatsmanufacturer.com\/fr\/produit\/custom-crewneck-sweaters-with-knit-logo-wholesale\/","title":{"rendered":"Chandails \u00e0 col roul\u00e9 personnalis\u00e9s avec logo en tricot (vente en gros)"},"content":{"rendered":"<p data-start=\"0\" data-end=\"525\">Ces pulls \u00e0 col ras du cou personnalis\u00e9s sont des pulls tricot\u00e9s con\u00e7us pour les programmes d'uniformes et de v\u00eatements de marque, avec votre logo int\u00e9gr\u00e9 directement dans le tricot. Un logo en tricot peut \u00eatre produit sous forme de motifs de style jacquard ou de blocs de style intarsia, en fonction de la maquette et de la nettet\u00e9 que vous souhaitez obtenir sur les bords ; l'emplacement peut \u00eatre centr\u00e9, \u00e0 gauche de la poitrine, dans le dos ou sur la manche, selon les besoins. Les d\u00e9tails de finition tels que les c\u00f4tes au niveau du cou, des poignets et de l'ourlet peuvent \u00eatre sp\u00e9cifi\u00e9s pour correspondre \u00e0 votre cahier des charges.<\/p>\n<p data-start=\"527\" data-end=\"939\">Pour les commandes B2B, nous traduisons votre dessin vectoriel en fichiers pr\u00eats \u00e0 tricoter, nous soumettons un \u00e9chantillon de pr\u00e9-production (sur demande), puis nous produisons des tailles et des coloris en vrac pour des commandes r\u00e9guli\u00e8res. Les options comprennent des \u00e9tiquettes de cou, des \u00e9tiquettes de taille, des \u00e9tiquettes volantes et des emballages pr\u00eats pour la vente au d\u00e9tail. La quantit\u00e9 et le d\u00e9lai de production varient - demandez un devis. Ce produit convient parfaitement aux marques, aux \u00e9quipes, aux partenaires commerciaux d'\u00e9v\u00e9nements et aux d\u00e9taillants qui ont besoin d'une pi\u00e8ce d'identit\u00e9 en tricot de qualit\u00e9 sup\u00e9rieure.<\/p>\n<ul data-start=\"941\" data-end=\"1091\">\n<li data-start=\"941\" data-end=\"978\">\n<p data-start=\"943\" data-end=\"978\">Silhouette pullover \u00e0 col ras du cou en tricot<\/p>\n<\/li>\n<li data-start=\"979\" data-end=\"1004\">\n<p data-start=\"981\" data-end=\"1004\">Logo tricot\u00e9 dans le tissu<\/p>\n<\/li>\n<li data-start=\"1005\" data-end=\"1037\">\n<p data-start=\"1007\" data-end=\"1037\">Options jacquard ou intarsia<\/p>\n<\/li>\n<li data-start=\"1038\" data-end=\"1064\">\n<p data-start=\"1040\" data-end=\"1064\">Bordures nervur\u00e9es sur demande<\/p>\n<\/li>\n<li data-start=\"1065\" data-end=\"1091\">\n<p data-start=\"1067\" data-end=\"1091\">La taille et les couleurs varient<\/p>\n<\/li>\n<\/ul>","protected":false},"excerpt":{"rendered":"<p data-start=\"1093\" data-end=\"1317\">Chandails en tricot \u00e0 col roul\u00e9 comportant un logo int\u00e9gr\u00e9 \u00e0 la structure du tricot. Fabriqu\u00e9s pour les programmes de vente en gros avec des illustrations, des tailles et des options d'\u00e9tiquetage personnalis\u00e9es. Le MOQ et les d\u00e9lais de livraison varient - demandez un devis.<\/p>","protected":false},"featured_media":265,"template":"","meta":{"_gspb_post_css":""},"product_brand":[],"product_cat":[32,25],"product_tag":[],"class_list":{"0":"post-247","1":"product","2":"type-product","3":"status-publish","4":"has-post-thumbnail","6":"product_cat-sweaters-jumpers","7":"product_cat-clothing","9":"first","10":"instock","11":"shipping-taxable","12":"purchasable","13":"product-type-simple"},"_links":{"self":[{"href":"https:\/\/customhatsmanufacturer.com\/fr\/wp-json\/wp\/v2\/product\/247","targetHints":{"allow":["GET"]}}],"collection":[{"href":"https:\/\/customhatsmanufacturer.com\/fr\/wp-json\/wp\/v2\/product"}],"about":[{"href":"https:\/\/customhatsmanufacturer.com\/fr\/wp-json\/wp\/v2\/types\/product"}],"wp:featuredmedia":[{"embeddable":true,"href":"https:\/\/customhatsmanufacturer.com\/fr\/wp-json\/wp\/v2\/media\/265"}],"wp:attachment":[{"href":"https:\/\/customhatsmanufacturer.com\/fr\/wp-json\/wp\/v2\/media?parent=247"}],"wp:term":[{"taxonomy":"product_brand","embeddable":true,"href":"https:\/\/customhatsmanufacturer.com\/fr\/wp-json\/wp\/v2\/product_brand?post=247"},{"taxonomy":"product_cat","embeddable":true,"href":"https:\/\/customhatsmanufacturer.com\/fr\/wp-json\/wp\/v2\/product_cat?post=247"},{"taxonomy":"product_tag","embeddable":true,"href":"https:\/\/customhatsmanufacturer.com\/fr\/wp-json\/wp\/v2\/product_tag?post=247"}],"curies":[{"name":"wp","href":"https:\/\/api.w.org\/{rel}","templated":true}]}}