{"id":246,"date":"2026-02-27T13:16:47","date_gmt":"2026-02-27T13:16:47","guid":{"rendered":"https:\/\/customhatsmanufacturer.com\/?post_type=product&#038;p=246"},"modified":"2026-02-27T13:16:47","modified_gmt":"2026-02-27T13:16:47","slug":"cotton-pique-polos-for-uniform-programs-oem","status":"publish","type":"product","link":"https:\/\/customhatsmanufacturer.com\/fr\/produit\/cotton-pique-polos-for-uniform-programs-oem\/","title":{"rendered":"Polos en coton piqu\u00e9 pour les programmes d'uniformes (OEM)"},"content":{"rendered":"<p data-start=\"0\" data-end=\"462\">Les polos en coton piqu\u00e9 pour les programmes d'uniformes sont un moyen simple de maintenir l'apparence du personnel sans avoir \u00e0 porter des chemises d'entreprise rigides. Le tricot piqu\u00e9 est connu pour sa structure sur\u00e9lev\u00e9e et textur\u00e9e, qui conf\u00e8re une apparence soign\u00e9e et favorise la respirabilit\u00e9, ce qui est utile pour les r\u00f4les de fa\u00e7ade et d'industrie l\u00e9g\u00e8re. La base \u00e9tant en coton, le toucher reste familier pour un port tout au long de la journ\u00e9e.<\/p>\n<p data-start=\"464\" data-end=\"946\">Fabriqu\u00e9s pour la production OEM, ces polos peuvent \u00eatre con\u00e7us en fonction des normes de votre programme et des besoins de commandes r\u00e9p\u00e9t\u00e9es. Les options disponibles sur demande comprennent les couleurs, les s\u00e9ries de tailles, les variations de col et de patte de boutonnage, ainsi que l'\u00e9tiquetage et l'emballage priv\u00e9s. Pour le marquage, choisissez la broderie pour un look uniforme classique, ou utilisez la s\u00e9rigraphie\/le transfert \u00e0 chaud pour des graphiques plus grands. La quantit\u00e9 et le d\u00e9lai de livraison varient - demandez un devis. Id\u00e9al pour les marques, les \u00e9quipes, les \u00e9v\u00e9nements et les d\u00e9taillants d'uniformes.<\/p>\n<ul data-start=\"947\" data-end=\"1167\">\n<li data-start=\"947\" data-end=\"977\">\n<p data-start=\"949\" data-end=\"977\">Tricot piqu\u00e9 de coton textur\u00e9<\/p>\n<\/li>\n<li data-start=\"978\" data-end=\"1020\">\n<p data-start=\"980\" data-end=\"1020\">Pr\u00e9sentation uniforme et coh\u00e9rente<\/p>\n<\/li>\n<li data-start=\"1021\" data-end=\"1059\">\n<p data-start=\"1023\" data-end=\"1059\">Placement du logo adapt\u00e9 \u00e0 la broderie<\/p>\n<\/li>\n<li data-start=\"1060\" data-end=\"1095\">\n<p data-start=\"1062\" data-end=\"1095\">Option s\u00e9rigraphie ou transfert<\/p>\n<\/li>\n<li data-start=\"1096\" data-end=\"1129\">\n<p data-start=\"1098\" data-end=\"1129\">Des s\u00e9ries de tailles pour l'\u00e9quipement des \u00e9quipes<\/p>\n<\/li>\n<li data-start=\"1130\" data-end=\"1167\">\n<p data-start=\"1132\" data-end=\"1167\">\u00c9tiquetage OEM disponible sur demande<\/p>\n<\/li>\n<\/ul>","protected":false},"excerpt":{"rendered":"<p data-start=\"1169\" data-end=\"1430\">Polos en coton piqu\u00e9 pour les programmes d'uniformes, fournis par la fabrication OEM. Tricot textur\u00e9 pour un look soign\u00e9, avec des options de marquage par broderie, s\u00e9rigraphie ou transfert thermique. Les s\u00e9ries de tailles en vrac et les commandes r\u00e9p\u00e9t\u00e9es font l'objet d'un devis par sp\u00e9cification.<\/p>","protected":false},"featured_media":261,"template":"","meta":{"_gspb_post_css":""},"product_brand":[],"product_cat":[31,25],"product_tag":[],"class_list":{"0":"post-246","1":"product","2":"type-product","3":"status-publish","4":"has-post-thumbnail","6":"product_cat-polo-shirt","7":"product_cat-clothing","9":"first","10":"instock","11":"shipping-taxable","12":"purchasable","13":"product-type-simple"},"_links":{"self":[{"href":"https:\/\/customhatsmanufacturer.com\/fr\/wp-json\/wp\/v2\/product\/246","targetHints":{"allow":["GET"]}}],"collection":[{"href":"https:\/\/customhatsmanufacturer.com\/fr\/wp-json\/wp\/v2\/product"}],"about":[{"href":"https:\/\/customhatsmanufacturer.com\/fr\/wp-json\/wp\/v2\/types\/product"}],"wp:featuredmedia":[{"embeddable":true,"href":"https:\/\/customhatsmanufacturer.com\/fr\/wp-json\/wp\/v2\/media\/261"}],"wp:attachment":[{"href":"https:\/\/customhatsmanufacturer.com\/fr\/wp-json\/wp\/v2\/media?parent=246"}],"wp:term":[{"taxonomy":"product_brand","embeddable":true,"href":"https:\/\/customhatsmanufacturer.com\/fr\/wp-json\/wp\/v2\/product_brand?post=246"},{"taxonomy":"product_cat","embeddable":true,"href":"https:\/\/customhatsmanufacturer.com\/fr\/wp-json\/wp\/v2\/product_cat?post=246"},{"taxonomy":"product_tag","embeddable":true,"href":"https:\/\/customhatsmanufacturer.com\/fr\/wp-json\/wp\/v2\/product_tag?post=246"}],"curies":[{"name":"wp","href":"https:\/\/api.w.org\/{rel}","templated":true}]}}