{"id":245,"date":"2026-02-27T13:11:59","date_gmt":"2026-02-27T13:11:59","guid":{"rendered":"https:\/\/customhatsmanufacturer.com\/?post_type=product&#038;p=245"},"modified":"2026-02-27T13:11:59","modified_gmt":"2026-02-27T13:11:59","slug":"performance-polos-for-golf-and-corporate-wear-bulk","status":"publish","type":"product","link":"https:\/\/customhatsmanufacturer.com\/fr\/produit\/performance-polos-for-golf-and-corporate-wear-bulk\/","title":{"rendered":"Polos de performance pour le golf et les v\u00eatements d'entreprise (en vrac)"},"content":{"rendered":"<p data-start=\"0\" data-end=\"475\">Ces polos performants pour le golf et les v\u00eatements d'entreprise sont con\u00e7us pour le parcours et la salle de conf\u00e9rence, associant un look \u00e9pur\u00e9 avec col et patte de boutonnage \u00e0 un confort respirant qui r\u00e9siste aux temp\u00e9ratures chaudes et aux longues journ\u00e9es de travail. Choisissez parmi les options de tricot technique con\u00e7ues pour bouger avec le swing de golf tout en restant pr\u00e9sentable lors des r\u00e9unions et des contacts avec les clients. Les caract\u00e9ristiques peuvent inclure la gestion de l'humidit\u00e9, le s\u00e9chage rapide, la r\u00e9sistance \u00e0 l'accrochage et l'extensibilit\u00e9.<\/p>\n<p data-start=\"477\" data-end=\"909\">Fabriqu\u00e9s pour \u00eatre achet\u00e9s en gros, les polos peuvent \u00eatre brod\u00e9s ou imprim\u00e9s pour correspondre \u00e0 votre uniforme standard ou \u00e0 votre ligne de vente au d\u00e9tail, avec une pr\u00e9sentation de marque priv\u00e9e\/OEM disponible sur demande. La couleur, la taille et l'emplacement du logo peuvent \u00eatre sp\u00e9cifi\u00e9s en fonction de votre maquette et de votre guide de style, tout en gardant \u00e0 l'esprit la coh\u00e9rence des commandes. Ces articles conviennent parfaitement aux marques, aux \u00e9quipes, aux tournois, aux \u00e9v\u00e9nements d'entreprise et aux d\u00e9taillants promotionnels.<\/p>\n<ul data-start=\"911\" data-end=\"1118\">\n<li data-start=\"911\" data-end=\"939\">\n<p data-start=\"913\" data-end=\"939\">Silhouette polo \u00e0 collet<\/p>\n<\/li>\n<li data-start=\"940\" data-end=\"973\">\n<p data-start=\"942\" data-end=\"973\">Options d'\u00e9tirement adapt\u00e9es au golf<\/p>\n<\/li>\n<li data-start=\"974\" data-end=\"1016\">\n<p data-start=\"976\" data-end=\"1016\">Finitions pour la gestion de l'humidit\u00e9 disponibles<\/p>\n<\/li>\n<li data-start=\"1017\" data-end=\"1049\">\n<p data-start=\"1019\" data-end=\"1049\">Broderie ou impression de marque<\/p>\n<\/li>\n<li data-start=\"1050\" data-end=\"1084\">\n<p data-start=\"1052\" data-end=\"1084\">S\u00e9lections de couleurs pr\u00eates \u00e0 l'emploi<\/p>\n<\/li>\n<li data-start=\"1085\" data-end=\"1118\">\n<p data-start=\"1087\" data-end=\"1118\">Un contr\u00f4le des sp\u00e9cifications qui facilite les commandes<\/p>\n<\/li>\n<\/ul>","protected":false},"excerpt":{"rendered":"<p data-start=\"1120\" data-end=\"1406\">Polos de performance con\u00e7us pour le golf et les uniformes d'entreprise, fournis en volume pour les programmes et la revente. Les options de marquage comprennent la broderie ou l'impression, avec une pr\u00e9sentation OEM\/marque priv\u00e9e disponible sur demande. MOQ et d\u00e9lais de livraison variables - devis sur demande.<\/p>","protected":false},"featured_media":257,"template":"","meta":{"_gspb_post_css":""},"product_brand":[],"product_cat":[31,25],"product_tag":[],"class_list":{"0":"post-245","1":"product","2":"type-product","3":"status-publish","4":"has-post-thumbnail","6":"product_cat-polo-shirt","7":"product_cat-clothing","9":"first","10":"instock","11":"shipping-taxable","12":"purchasable","13":"product-type-simple"},"_links":{"self":[{"href":"https:\/\/customhatsmanufacturer.com\/fr\/wp-json\/wp\/v2\/product\/245","targetHints":{"allow":["GET"]}}],"collection":[{"href":"https:\/\/customhatsmanufacturer.com\/fr\/wp-json\/wp\/v2\/product"}],"about":[{"href":"https:\/\/customhatsmanufacturer.com\/fr\/wp-json\/wp\/v2\/types\/product"}],"wp:featuredmedia":[{"embeddable":true,"href":"https:\/\/customhatsmanufacturer.com\/fr\/wp-json\/wp\/v2\/media\/257"}],"wp:attachment":[{"href":"https:\/\/customhatsmanufacturer.com\/fr\/wp-json\/wp\/v2\/media?parent=245"}],"wp:term":[{"taxonomy":"product_brand","embeddable":true,"href":"https:\/\/customhatsmanufacturer.com\/fr\/wp-json\/wp\/v2\/product_brand?post=245"},{"taxonomy":"product_cat","embeddable":true,"href":"https:\/\/customhatsmanufacturer.com\/fr\/wp-json\/wp\/v2\/product_cat?post=245"},{"taxonomy":"product_tag","embeddable":true,"href":"https:\/\/customhatsmanufacturer.com\/fr\/wp-json\/wp\/v2\/product_tag?post=245"}],"curies":[{"name":"wp","href":"https:\/\/api.w.org\/{rel}","templated":true}]}}