{"id":244,"date":"2026-02-27T13:04:52","date_gmt":"2026-02-27T13:04:52","guid":{"rendered":"https:\/\/customhatsmanufacturer.com\/?post_type=product&#038;p=244"},"modified":"2026-02-27T13:04:53","modified_gmt":"2026-02-27T13:04:53","slug":"custom-polo-shirts-with-logo-embroidery-wholesale","status":"publish","type":"product","link":"https:\/\/customhatsmanufacturer.com\/fr\/produit\/custom-polo-shirts-with-logo-embroidery-wholesale\/","title":{"rendered":"Polos personnalis\u00e9s avec broderie de logo (vente en gros)"},"content":{"rendered":"<p data-start=\"0\" data-end=\"396\">Polos personnalis\u00e9s avec broderie de logo pour les programmes d'approvisionnement en gros. Ces polos \u00e0 manches courtes et \u00e0 col, avec une patte de boutonnage sur le devant, sont destin\u00e9s aux uniformes et aux produits de merchandising, pour lesquels une marque cousue donne un aspect soign\u00e9. Envoyez votre maquette et pr\u00e9cisez la couleur et l'emplacement des fils ; la poitrine gauche, la manche et le haut du dos sont des demandes courantes.<\/p>\n<p data-start=\"398\" data-end=\"875\">Pour s'adapter aux achats B2B, les commandes peuvent \u00eatre organis\u00e9es par gamme de couleurs et par taille, et les achats r\u00e9p\u00e9t\u00e9s permettent de conserver une image de marque coh\u00e9rente pour les nouvelles recrues ou les sorties saisonni\u00e8res. Des options telles que des m\u00e9langes de tissus diff\u00e9rents, des coupes diff\u00e9rentes, des \u00e9tiquettes ou des emballages de marque priv\u00e9e sont disponibles sur demande. Le MOQ et le d\u00e9lai de livraison varient - demandez un devis et une \u00e9preuve de pr\u00e9-production si n\u00e9cessaire. Id\u00e9al pour les marques, les \u00e9quipes, les \u00e9v\u00e9nements et les d\u00e9taillants qui ont besoin d'un programme de polos fiable et pouvant \u00eatre command\u00e9 \u00e0 nouveau.<\/p>\n<ul data-start=\"877\" data-end=\"1062\">\n<li data-start=\"877\" data-end=\"915\">\n<p data-start=\"879\" data-end=\"915\">Broderie du logo pour un marquage propre<\/p>\n<\/li>\n<li data-start=\"916\" data-end=\"958\">\n<p data-start=\"918\" data-end=\"958\">Options de placement : poitrine, manche, dos<\/p>\n<\/li>\n<li data-start=\"959\" data-end=\"995\">\n<p data-start=\"961\" data-end=\"995\">Adaptation de la couleur du fil sur demande<\/p>\n<\/li>\n<li data-start=\"996\" data-end=\"1025\">\n<p data-start=\"998\" data-end=\"1025\">Emballage par tirage au sort pour le vrac<\/p>\n<\/li>\n<li data-start=\"1026\" data-end=\"1062\">\n<p data-start=\"1028\" data-end=\"1062\">Finition optionnelle sous label priv\u00e9<\/p>\n<\/li>\n<\/ul>","protected":false},"excerpt":{"rendered":"<p data-start=\"1064\" data-end=\"1317\">Polos brod\u00e9s pr\u00eats \u00e0 \u00eatre vendus en gros et personnalis\u00e9s avec votre logo. Sp\u00e9cifiez l'emplacement et les couleurs des fils, commandez par taille et assurez la coh\u00e9rence de la marque pour les uniformes, les \u00e9v\u00e9nements ou les programmes de vente au d\u00e9tail. MOQ et d\u00e9lais bas\u00e9s sur des devis.<\/p>","protected":false},"featured_media":250,"template":"","meta":{"_gspb_post_css":""},"product_brand":[],"product_cat":[31,25],"product_tag":[],"class_list":{"0":"post-244","1":"product","2":"type-product","3":"status-publish","4":"has-post-thumbnail","6":"product_cat-polo-shirt","7":"product_cat-clothing","9":"first","10":"instock","11":"shipping-taxable","12":"purchasable","13":"product-type-simple"},"_links":{"self":[{"href":"https:\/\/customhatsmanufacturer.com\/fr\/wp-json\/wp\/v2\/product\/244","targetHints":{"allow":["GET"]}}],"collection":[{"href":"https:\/\/customhatsmanufacturer.com\/fr\/wp-json\/wp\/v2\/product"}],"about":[{"href":"https:\/\/customhatsmanufacturer.com\/fr\/wp-json\/wp\/v2\/types\/product"}],"wp:featuredmedia":[{"embeddable":true,"href":"https:\/\/customhatsmanufacturer.com\/fr\/wp-json\/wp\/v2\/media\/250"}],"wp:attachment":[{"href":"https:\/\/customhatsmanufacturer.com\/fr\/wp-json\/wp\/v2\/media?parent=244"}],"wp:term":[{"taxonomy":"product_brand","embeddable":true,"href":"https:\/\/customhatsmanufacturer.com\/fr\/wp-json\/wp\/v2\/product_brand?post=244"},{"taxonomy":"product_cat","embeddable":true,"href":"https:\/\/customhatsmanufacturer.com\/fr\/wp-json\/wp\/v2\/product_cat?post=244"},{"taxonomy":"product_tag","embeddable":true,"href":"https:\/\/customhatsmanufacturer.com\/fr\/wp-json\/wp\/v2\/product_tag?post=244"}],"curies":[{"name":"wp","href":"https:\/\/api.w.org\/{rel}","templated":true}]}}