{"id":219,"date":"2026-02-27T12:48:12","date_gmt":"2026-02-27T12:48:12","guid":{"rendered":"https:\/\/customhatsmanufacturer.com\/?post_type=product&#038;p=219"},"modified":"2026-02-27T12:48:12","modified_gmt":"2026-02-27T12:48:12","slug":"stretch-poplin-shirts-for-hospitality-teams-oem","status":"publish","type":"product","link":"https:\/\/customhatsmanufacturer.com\/fr\/produit\/stretch-poplin-shirts-for-hospitality-teams-oem\/","title":{"rendered":"Chemises en popeline extensible pour les \u00e9quipes d'accueil (OEM)"},"content":{"rendered":"<p data-start=\"0\" data-end=\"331\">Con\u00e7ues comme des chemises \u00e0 boutons pr\u00eates pour l'uniforme, ces chemises en popeline extensible conservent un aspect net et lisse tout en permettant au personnel de bouger pendant les longues p\u00e9riodes de travail. Le tissage serr\u00e9 de la popeline permet d'obtenir une main nette et un drap\u00e9 professionnel, et la face lisse aide \u00e0 lire clairement les d\u00e9corations.<\/p>\n<p data-start=\"333\" data-end=\"787\">Con\u00e7us pour les programmes d'accueil, ils peuvent \u00eatre produits sur demande avec la longueur de manche, le style de col et la configuration de poche de votre choix. Les options de marquage comprennent la broderie, l'impression par transfert thermique ou les \u00e9tiquettes tiss\u00e9es. L'emballage OEM et l'\u00e9tiquetage des tailles sont disponibles pour simplifier la distribution. Le MOQ et le d\u00e9lai de livraison varient - demandez un devis. Id\u00e9al pour les marques d'uniformes, les groupes d'h\u00f4tels et de restaurants, et les d\u00e9taillants fournissant des v\u00eatements d'\u00e9quipe.<\/p>\n<ul data-start=\"789\" data-end=\"988\">\n<li data-start=\"789\" data-end=\"819\">\n<p data-start=\"791\" data-end=\"819\">Finition en popeline lisse<\/p>\n<\/li>\n<li data-start=\"820\" data-end=\"852\">\n<p data-start=\"822\" data-end=\"852\">\u00c9tirement pour les mouvements de service<\/p>\n<\/li>\n<li data-start=\"853\" data-end=\"885\">\n<p data-start=\"855\" data-end=\"885\">Silhouette uniforme boutonn\u00e9e<\/p>\n<\/li>\n<li data-start=\"886\" data-end=\"926\">\n<p data-start=\"888\" data-end=\"926\">Broderie ou marquage par transfert thermique<\/p>\n<\/li>\n<li data-start=\"927\" data-end=\"955\">\n<p data-start=\"929\" data-end=\"955\">\u00c9tiquettes et emballages OEM<\/p>\n<\/li>\n<li data-start=\"956\" data-end=\"988\">\n<p data-start=\"958\" data-end=\"988\">Couleurs et tailles sur demande<\/p>\n<\/li>\n<\/ul>","protected":false},"excerpt":{"rendered":"<p data-start=\"990\" data-end=\"1242\">Chemises boutonn\u00e9es pr\u00eates \u00e0 l'emploi en popeline extensible pour les \u00e9quipes d'accueil, produites pour les programmes OEM. Ajoutez des broderies, des logos par transfert thermique ou des \u00e9tiquettes tiss\u00e9es, avec des options d'\u00e9tiquetage et d'emballage pour une distribution en vrac rationalis\u00e9e.<\/p>","protected":false},"featured_media":243,"template":"","meta":{"_gspb_post_css":""},"product_brand":[],"product_cat":[30,25],"product_tag":[],"class_list":{"0":"post-219","1":"product","2":"type-product","3":"status-publish","4":"has-post-thumbnail","6":"product_cat-shirt","7":"product_cat-clothing","9":"first","10":"instock","11":"shipping-taxable","12":"purchasable","13":"product-type-simple"},"_links":{"self":[{"href":"https:\/\/customhatsmanufacturer.com\/fr\/wp-json\/wp\/v2\/product\/219","targetHints":{"allow":["GET"]}}],"collection":[{"href":"https:\/\/customhatsmanufacturer.com\/fr\/wp-json\/wp\/v2\/product"}],"about":[{"href":"https:\/\/customhatsmanufacturer.com\/fr\/wp-json\/wp\/v2\/types\/product"}],"wp:featuredmedia":[{"embeddable":true,"href":"https:\/\/customhatsmanufacturer.com\/fr\/wp-json\/wp\/v2\/media\/243"}],"wp:attachment":[{"href":"https:\/\/customhatsmanufacturer.com\/fr\/wp-json\/wp\/v2\/media?parent=219"}],"wp:term":[{"taxonomy":"product_brand","embeddable":true,"href":"https:\/\/customhatsmanufacturer.com\/fr\/wp-json\/wp\/v2\/product_brand?post=219"},{"taxonomy":"product_cat","embeddable":true,"href":"https:\/\/customhatsmanufacturer.com\/fr\/wp-json\/wp\/v2\/product_cat?post=219"},{"taxonomy":"product_tag","embeddable":true,"href":"https:\/\/customhatsmanufacturer.com\/fr\/wp-json\/wp\/v2\/product_tag?post=219"}],"curies":[{"name":"wp","href":"https:\/\/api.w.org\/{rel}","templated":true}]}}