{"id":215,"date":"2026-02-27T12:34:33","date_gmt":"2026-02-27T12:34:33","guid":{"rendered":"https:\/\/customhatsmanufacturer.com\/?post_type=product&#038;p=215"},"modified":"2026-02-27T12:34:33","modified_gmt":"2026-02-27T12:34:33","slug":"fleece-shorts-for-streetwear-brands-bulk","status":"publish","type":"product","link":"https:\/\/customhatsmanufacturer.com\/fr\/produit\/fleece-shorts-for-streetwear-brands-bulk\/","title":{"rendered":"Shorts en polaire pour les marques de streetwear (en vrac)"},"content":{"rendered":"<p data-start=\"0\" data-end=\"395\">Con\u00e7u pour les collections streetwear, ce short en polaire est un bas propre, pr\u00eat \u00e0 \u00eatre port\u00e9 par une marque, qui sert de toile vierge pour vos graphismes et vos garnitures. La construction en polaire donne un toucher doux et substantiel ; les d\u00e9tails de construction tels que le style de la ceinture, les cordons de serrage, la disposition des poches et la finition de l'ourlet peuvent \u00eatre sp\u00e9cifi\u00e9s pour correspondre \u00e0 la direction de votre coupe et de votre couture.<\/p>\n<p data-start=\"397\" data-end=\"943\">Commandez en gros pour un stock de gros ou une baisse saisonni\u00e8re, et ajoutez votre marque si n\u00e9cessaire - les options comprennent la broderie, la s\u00e9rigraphie ou le transfert thermique, ainsi que des touches de marque priv\u00e9e telles que des \u00e9tiquettes tiss\u00e9es, des \u00e9tiquettes volantes et des emballages personnalis\u00e9s sur demande. Les tailles et les choix de couleurs sont d\u00e9finis par commande, et un \u00e9chantillonnage est possible en fonction du projet. Le MOQ et le d\u00e9lai de livraison varient - demandez un devis avec vos quantit\u00e9s cibles et vos notes de d\u00e9coration. Id\u00e9al pour les marques de streetwear, les boutiques, les pop-ups et les \u00e9v\u00e9nements ax\u00e9s sur le merchandising.<\/p>\n<ul data-start=\"945\" data-end=\"1156\">\n<li data-start=\"945\" data-end=\"971\">\n<p data-start=\"947\" data-end=\"971\">Toucher du tissu polaire<\/p>\n<\/li>\n<li data-start=\"972\" data-end=\"1005\">\n<p data-start=\"974\" data-end=\"1005\">Ajustement personnalis\u00e9 et options d'entrejambe<\/p>\n<\/li>\n<li data-start=\"1006\" data-end=\"1044\">\n<p data-start=\"1008\" data-end=\"1044\">Taille \u00e9lastique et cordon de serrage<\/p>\n<\/li>\n<li data-start=\"1045\" data-end=\"1078\">\n<p data-start=\"1047\" data-end=\"1078\">Options de finition des poches et des ourlets<\/p>\n<\/li>\n<li data-start=\"1079\" data-end=\"1119\">\n<p data-start=\"1081\" data-end=\"1119\">Logos brod\u00e9s, imprim\u00e9s ou transf\u00e9r\u00e9s<\/p>\n<\/li>\n<li data-start=\"1120\" data-end=\"1156\">\n<p data-start=\"1122\" data-end=\"1156\">Garnitures de marque priv\u00e9e sur demande<\/p>\n<\/li>\n<\/ul>","protected":false},"excerpt":{"rendered":"<p data-start=\"1158\" data-end=\"1420\">Shorts en molleton en vrac pour les marques de streetwear, fournis pour les programmes de vente en gros et pour les marques. Sp\u00e9cifiez la coupe, les poches et les garnitures, puis ajoutez votre logo par broderie, s\u00e9rigraphie ou transfert thermique. Le MOQ et le d\u00e9lai de livraison varient - devis sur demande.<\/p>","protected":false},"featured_media":227,"template":"","meta":{"_gspb_post_css":""},"product_brand":[],"product_cat":[29,25],"product_tag":[],"class_list":{"0":"post-215","1":"product","2":"type-product","3":"status-publish","4":"has-post-thumbnail","6":"product_cat-shorts","7":"product_cat-clothing","9":"first","10":"instock","11":"shipping-taxable","12":"purchasable","13":"product-type-simple"},"_links":{"self":[{"href":"https:\/\/customhatsmanufacturer.com\/fr\/wp-json\/wp\/v2\/product\/215","targetHints":{"allow":["GET"]}}],"collection":[{"href":"https:\/\/customhatsmanufacturer.com\/fr\/wp-json\/wp\/v2\/product"}],"about":[{"href":"https:\/\/customhatsmanufacturer.com\/fr\/wp-json\/wp\/v2\/types\/product"}],"wp:featuredmedia":[{"embeddable":true,"href":"https:\/\/customhatsmanufacturer.com\/fr\/wp-json\/wp\/v2\/media\/227"}],"wp:attachment":[{"href":"https:\/\/customhatsmanufacturer.com\/fr\/wp-json\/wp\/v2\/media?parent=215"}],"wp:term":[{"taxonomy":"product_brand","embeddable":true,"href":"https:\/\/customhatsmanufacturer.com\/fr\/wp-json\/wp\/v2\/product_brand?post=215"},{"taxonomy":"product_cat","embeddable":true,"href":"https:\/\/customhatsmanufacturer.com\/fr\/wp-json\/wp\/v2\/product_cat?post=215"},{"taxonomy":"product_tag","embeddable":true,"href":"https:\/\/customhatsmanufacturer.com\/fr\/wp-json\/wp\/v2\/product_tag?post=215"}],"curies":[{"name":"wp","href":"https:\/\/api.w.org\/{rel}","templated":true}]}}