{"id":189,"date":"2026-02-27T12:11:28","date_gmt":"2026-02-27T12:11:28","guid":{"rendered":"https:\/\/customhatsmanufacturer.com\/?post_type=product&#038;p=189"},"modified":"2026-02-27T12:11:28","modified_gmt":"2026-02-27T12:11:28","slug":"performance-t-shirts-with-moisture-wick-fabric-oem","status":"publish","type":"product","link":"https:\/\/customhatsmanufacturer.com\/fr\/produit\/performance-t-shirts-with-moisture-wick-fabric-oem\/","title":{"rendered":"T-shirts de performance avec tissu Moisture-Wick (OEM)"},"content":{"rendered":"<p data-start=\"0\" data-end=\"465\">Con\u00e7us pour une utilisation active et des programmes d'uniformes, ces t-shirts de performance utilisent un tissu \u00e0 \u00e9vacuation de l'humidit\u00e9 qui attire la transpiration vers la surface du tissu et l'aide \u00e0 s\u00e9cher plus rapidement pour une sensation moins collante pendant l'entra\u00eenement ou les longues p\u00e9riodes de travail. Partez d'une base de tee-shirt propre et sp\u00e9cifiez les d\u00e9tails dont vous avez besoin - la gradation de la coupe, l'encolure, la longueur des manches et les coloris sont disponibles sur demande, avec un \u00e9chantillonnage disponible pour approbation.<\/p>\n<p data-start=\"467\" data-end=\"912\">Con\u00e7us pour la production OEM, vous pouvez vous les procurer en vrac, \u00e0 l'\u00e9tat brut ou avec votre marque appliqu\u00e9e pour les lancements et les r\u00e9approvisionnements. Les options de d\u00e9coration comprennent la s\u00e9rigraphie, les transferts appliqu\u00e9s \u00e0 chaud (y compris le DTF) ou la sublimation lorsque le choix du tissu le permet ; l'\u00e9tiquetage priv\u00e9 et l'emballage pour la vente au d\u00e9tail peuvent faire l'objet d'un devis. Le MOQ et le d\u00e9lai de livraison varient - demandez un devis. Id\u00e9al pour les marques, les \u00e9quipes, les \u00e9v\u00e9nements et les d\u00e9taillants ax\u00e9s sur la performance.<\/p>\n<ul data-start=\"914\" data-end=\"1124\">\n<li data-start=\"914\" data-end=\"950\">\n<p data-start=\"916\" data-end=\"950\">Moisture-wick, confort de s\u00e9chage rapide<\/p>\n<\/li>\n<li data-start=\"951\" data-end=\"987\">\n<p data-start=\"953\" data-end=\"987\">Tee-shirt l\u00e9ger et performant<\/p>\n<\/li>\n<li data-start=\"988\" data-end=\"1016\">\n<p data-start=\"990\" data-end=\"1016\">Options d'ajustement et de coloris<\/p>\n<\/li>\n<li data-start=\"1017\" data-end=\"1050\">\n<p data-start=\"1019\" data-end=\"1050\">S\u00e9rigraphie ou transferts DTF<\/p>\n<\/li>\n<li data-start=\"1051\" data-end=\"1086\">\n<p data-start=\"1053\" data-end=\"1086\">Option de sublimation sur demande<\/p>\n<\/li>\n<li data-start=\"1087\" data-end=\"1124\">\n<p data-start=\"1089\" data-end=\"1124\">Label priv\u00e9 et options d'emballage<\/p>\n<\/li>\n<\/ul>","protected":false},"excerpt":{"rendered":"<p data-start=\"1126\" data-end=\"1361\">T-shirts de performance OEM en tissu \u00e0 \u00e9vacuation de l'humidit\u00e9 pour l'entra\u00eenement, le travail et les v\u00eatements d'\u00e9quipe. Commandez en vrac, \u00e0 l'\u00e9tat brut ou avec d\u00e9coration de logo. Sp\u00e9cifiez la coupe, la couleur et les options d'\u00e9tiquetage sur demande ; la qualit\u00e9 de fabrication varie.<\/p>","protected":false},"featured_media":210,"template":"","meta":{"_gspb_post_css":""},"product_brand":[],"product_cat":[28,25],"product_tag":[],"class_list":{"0":"post-189","1":"product","2":"type-product","3":"status-publish","4":"has-post-thumbnail","6":"product_cat-t-shirt","7":"product_cat-clothing","9":"first","10":"instock","11":"shipping-taxable","12":"purchasable","13":"product-type-simple"},"_links":{"self":[{"href":"https:\/\/customhatsmanufacturer.com\/fr\/wp-json\/wp\/v2\/product\/189","targetHints":{"allow":["GET"]}}],"collection":[{"href":"https:\/\/customhatsmanufacturer.com\/fr\/wp-json\/wp\/v2\/product"}],"about":[{"href":"https:\/\/customhatsmanufacturer.com\/fr\/wp-json\/wp\/v2\/types\/product"}],"wp:featuredmedia":[{"embeddable":true,"href":"https:\/\/customhatsmanufacturer.com\/fr\/wp-json\/wp\/v2\/media\/210"}],"wp:attachment":[{"href":"https:\/\/customhatsmanufacturer.com\/fr\/wp-json\/wp\/v2\/media?parent=189"}],"wp:term":[{"taxonomy":"product_brand","embeddable":true,"href":"https:\/\/customhatsmanufacturer.com\/fr\/wp-json\/wp\/v2\/product_brand?post=189"},{"taxonomy":"product_cat","embeddable":true,"href":"https:\/\/customhatsmanufacturer.com\/fr\/wp-json\/wp\/v2\/product_cat?post=189"},{"taxonomy":"product_tag","embeddable":true,"href":"https:\/\/customhatsmanufacturer.com\/fr\/wp-json\/wp\/v2\/product_tag?post=189"}],"curies":[{"name":"wp","href":"https:\/\/api.w.org\/{rel}","templated":true}]}}