{"id":158,"date":"2026-02-27T11:27:50","date_gmt":"2026-02-27T11:27:50","guid":{"rendered":"https:\/\/customhatsmanufacturer.com\/?post_type=product&#038;p=158"},"modified":"2026-02-27T11:27:50","modified_gmt":"2026-02-27T11:27:50","slug":"heavyweight-hoodies-for-streetwear-brands-oem","status":"publish","type":"product","link":"https:\/\/customhatsmanufacturer.com\/fr\/produit\/heavyweight-hoodies-for-streetwear-brands-oem\/","title":{"rendered":"Sweats \u00e0 capuche lourds pour les marques de streetwear (OEM)"},"content":{"rendered":"<p data-start=\"0\" data-end=\"368\">Con\u00e7us pour les marques de streetwear, ces sweats \u00e0 capuche \u00e9pais sont d\u00e9velopp\u00e9s dans le cadre d'un programme OEM, de sorte que la coupe, la finition et la marque refl\u00e8tent votre ligne, et non un mod\u00e8le g\u00e9n\u00e9rique. Utilisez-les comme pull-over de base ou comme silhouette \u00e0 fermeture \u00e9clair, avec des options de tissus plus lourds et des modifications de motifs disponibles sur demande pour r\u00e9pondre \u00e0 vos sp\u00e9cifications.<\/p>\n<p data-start=\"370\" data-end=\"894\">La commande est ax\u00e9e sur la production en s\u00e9rie : commencez par un \u00e9chantillon, approuvez la taille et les mesures, puis verrouillez les coloris et la r\u00e9partition des tailles. Ajoutez des identifiants de marque tels que des \u00e9tiquettes de col, des \u00e9tiquettes d'entretien, des emballages et des marques de carton pr\u00eates \u00e0 l'emploi. L'emplacement du logo est flexible ; les options comprennent la broderie, les patchs ou les applications imprim\u00e9es en fonction de votre maquette et de votre budget. La quantit\u00e9 et le d\u00e9lai de livraison varient - demandez un devis. Convient parfaitement aux marques de streetwear, aux d\u00e9taillants de boutiques et aux d\u00e9p\u00f4ts de marchandises pour des \u00e9v\u00e9nements ou des \u00e9quipes.<\/p>\n<ul data-start=\"896\" data-end=\"1061\">\n<li data-start=\"896\" data-end=\"925\">\n<p data-start=\"898\" data-end=\"925\">Pulls ou fermetures \u00e0 glissi\u00e8re<\/p>\n<\/li>\n<li data-start=\"926\" data-end=\"960\">\n<p data-start=\"928\" data-end=\"960\">Options de coupe ax\u00e9es sur le streetwear<\/p>\n<\/li>\n<li data-start=\"961\" data-end=\"995\">\n<p data-start=\"963\" data-end=\"995\">Logo : broderie, patch, impression<\/p>\n<\/li>\n<li data-start=\"996\" data-end=\"1027\">\n<p data-start=\"998\" data-end=\"1027\">\u00c9tiquettes et emballages personnalis\u00e9s<\/p>\n<\/li>\n<li data-start=\"1028\" data-end=\"1061\">\n<p data-start=\"1030\" data-end=\"1061\">Choix de tissus plus lourds<\/p>\n<\/li>\n<\/ul>","protected":false},"excerpt":{"rendered":"<p data-start=\"1063\" data-end=\"1306\">Des sweats \u00e0 capuche lourds OEM pour les marques de streetwear, fabriqu\u00e9s selon vos sp\u00e9cifications. Choisissez la coupe et les coloris, puis ajoutez la d\u00e9coration du logo (broderie, patch ou impression), ainsi que les \u00e9tiquettes et l'emballage pour la production en gros.<\/p>","protected":false},"featured_media":183,"template":"","meta":{"_gspb_post_css":""},"product_brand":[],"product_cat":[26,25],"product_tag":[],"class_list":{"0":"post-158","1":"product","2":"type-product","3":"status-publish","4":"has-post-thumbnail","6":"product_cat-hoodies","7":"product_cat-clothing","9":"first","10":"instock","11":"shipping-taxable","12":"purchasable","13":"product-type-simple"},"_links":{"self":[{"href":"https:\/\/customhatsmanufacturer.com\/fr\/wp-json\/wp\/v2\/product\/158","targetHints":{"allow":["GET"]}}],"collection":[{"href":"https:\/\/customhatsmanufacturer.com\/fr\/wp-json\/wp\/v2\/product"}],"about":[{"href":"https:\/\/customhatsmanufacturer.com\/fr\/wp-json\/wp\/v2\/types\/product"}],"wp:featuredmedia":[{"embeddable":true,"href":"https:\/\/customhatsmanufacturer.com\/fr\/wp-json\/wp\/v2\/media\/183"}],"wp:attachment":[{"href":"https:\/\/customhatsmanufacturer.com\/fr\/wp-json\/wp\/v2\/media?parent=158"}],"wp:term":[{"taxonomy":"product_brand","embeddable":true,"href":"https:\/\/customhatsmanufacturer.com\/fr\/wp-json\/wp\/v2\/product_brand?post=158"},{"taxonomy":"product_cat","embeddable":true,"href":"https:\/\/customhatsmanufacturer.com\/fr\/wp-json\/wp\/v2\/product_cat?post=158"},{"taxonomy":"product_tag","embeddable":true,"href":"https:\/\/customhatsmanufacturer.com\/fr\/wp-json\/wp\/v2\/product_tag?post=158"}],"curies":[{"name":"wp","href":"https:\/\/api.w.org\/{rel}","templated":true}]}}