{"id":155,"date":"2026-02-27T11:20:33","date_gmt":"2026-02-27T11:20:33","guid":{"rendered":"https:\/\/customhatsmanufacturer.com\/?post_type=product&#038;p=155"},"modified":"2026-02-27T11:20:33","modified_gmt":"2026-02-27T11:20:33","slug":"custom-pullover-hoodies-with-logo-print-wholesale","status":"publish","type":"product","link":"https:\/\/customhatsmanufacturer.com\/fr\/produit\/custom-pullover-hoodies-with-logo-print-wholesale\/","title":{"rendered":"Sweats \u00e0 capuche personnalis\u00e9s avec impression du logo (vente en gros)"},"content":{"rendered":"<p data-start=\"0\" data-end=\"501\">Les pulls \u00e0 capuche personnalis\u00e9s avec impression de logo constituent une couche fiable pour les programmes d'uniformes, les d\u00e9p\u00f4ts de marchandises et les tourn\u00e9es promotionnelles. Le style pull-over signifie un ajustement au-dessus de la t\u00eate sans fermeture \u00e9clair sur le devant, et votre logo peut \u00eatre imprim\u00e9 sur la poitrine, le dos ou la manche en fonction de la mise en page. Les m\u00e9thodes d'impression peuvent \u00eatre adapt\u00e9es \u00e0 l'\u0153uvre d'art - les options comprennent la s\u00e9rigraphie, l'impression directe sur le v\u00eatement ou les styles de transfert thermique sur demande.<\/p>\n<p data-start=\"503\" data-end=\"990\">Con\u00e7us pour les commandes commerciales, ces sweats \u00e0 capuche peuvent \u00eatre fournis \u00e0 votre taille et \u00e0 vos couleurs, avec des options d'\u00e9tiquetage et d'emballage disponibles pour la revente. Des d\u00e9tails comme une poche kangourou, une capuche \u00e0 cordon de serrage et des bordures c\u00f4tel\u00e9es peuvent \u00eatre sp\u00e9cifi\u00e9s pour votre programme. Partagez vos fichiers de logo et vos notes de placement et nous nous alignerons sur les sp\u00e9cifications, les \u00e9preuves\/\u00e9chantillons (si n\u00e9cessaire) et les d\u00e9tails de production. Le MOQ et le d\u00e9lai de production varient - demandez un devis. Ce produit convient parfaitement aux marques, aux \u00e9quipes, aux \u00e9v\u00e9nements et aux d\u00e9taillants qui ont besoin de couches de marque coh\u00e9rentes.<\/p>\n<ul data-start=\"991\" data-end=\"1176\">\n<li data-start=\"991\" data-end=\"1017\">\n<p data-start=\"993\" data-end=\"1017\">Pull, pas de fermeture \u00e9clair sur le devant<\/p>\n<\/li>\n<li data-start=\"1018\" data-end=\"1051\">\n<p data-start=\"1020\" data-end=\"1051\">Zones d'impression sur la poitrine, le dos et les manches<\/p>\n<\/li>\n<li data-start=\"1052\" data-end=\"1075\">\n<p data-start=\"1054\" data-end=\"1075\">S\u00e9rigraphie ou DTG<\/p>\n<\/li>\n<li data-start=\"1076\" data-end=\"1111\">\n<p data-start=\"1078\" data-end=\"1111\">Options de transfert de chaleur disponibles<\/p>\n<\/li>\n<li data-start=\"1112\" data-end=\"1143\">\n<p data-start=\"1114\" data-end=\"1143\">Options de poches et de cordons de serrage<\/p>\n<\/li>\n<li data-start=\"1144\" data-end=\"1176\">\n<p data-start=\"1146\" data-end=\"1176\">Options d'\u00e9tiquetage et d'emballage<\/p>\n<\/li>\n<\/ul>","protected":false},"excerpt":{"rendered":"<p data-start=\"1178\" data-end=\"1454\">Les pulls \u00e0 capuche sont fournis pour les commandes en quantit\u00e9, avec personnalisation de l'impression du logo selon la m\u00e9thode et l'emplacement choisis. Fournir la maquette et la r\u00e9partition des tailles et des couleurs ; des options d'\u00e9tiquetage et d'emballage sont disponibles pour la revente. MOQ et d\u00e9lais variables - devis sur demande.<\/p>","protected":false},"featured_media":175,"template":"","meta":{"_gspb_post_css":""},"product_brand":[],"product_cat":[26,25],"product_tag":[],"class_list":{"0":"post-155","1":"product","2":"type-product","3":"status-publish","4":"has-post-thumbnail","6":"product_cat-hoodies","7":"product_cat-clothing","9":"first","10":"instock","11":"shipping-taxable","12":"purchasable","13":"product-type-simple"},"_links":{"self":[{"href":"https:\/\/customhatsmanufacturer.com\/fr\/wp-json\/wp\/v2\/product\/155","targetHints":{"allow":["GET"]}}],"collection":[{"href":"https:\/\/customhatsmanufacturer.com\/fr\/wp-json\/wp\/v2\/product"}],"about":[{"href":"https:\/\/customhatsmanufacturer.com\/fr\/wp-json\/wp\/v2\/types\/product"}],"wp:featuredmedia":[{"embeddable":true,"href":"https:\/\/customhatsmanufacturer.com\/fr\/wp-json\/wp\/v2\/media\/175"}],"wp:attachment":[{"href":"https:\/\/customhatsmanufacturer.com\/fr\/wp-json\/wp\/v2\/media?parent=155"}],"wp:term":[{"taxonomy":"product_brand","embeddable":true,"href":"https:\/\/customhatsmanufacturer.com\/fr\/wp-json\/wp\/v2\/product_brand?post=155"},{"taxonomy":"product_cat","embeddable":true,"href":"https:\/\/customhatsmanufacturer.com\/fr\/wp-json\/wp\/v2\/product_cat?post=155"},{"taxonomy":"product_tag","embeddable":true,"href":"https:\/\/customhatsmanufacturer.com\/fr\/wp-json\/wp\/v2\/product_tag?post=155"}],"curies":[{"name":"wp","href":"https:\/\/api.w.org\/{rel}","templated":true}]}}