{"id":154,"date":"2026-02-27T11:13:58","date_gmt":"2026-02-27T11:13:58","guid":{"rendered":"https:\/\/customhatsmanufacturer.com\/?post_type=product&#038;p=154"},"modified":"2026-02-27T11:13:58","modified_gmt":"2026-02-27T11:13:58","slug":"slouch-beanies-for-streetwear-brands-oem","status":"publish","type":"product","link":"https:\/\/customhatsmanufacturer.com\/fr\/produit\/slouch-beanies-for-streetwear-brands-oem\/","title":{"rendered":"Bonnets slouch pour les marques de streetwear (OEM)"},"content":{"rendered":"<p data-start=\"0\" data-end=\"330\">Ces bonnets slouch sont une silhouette de bonnet en tricot ax\u00e9e sur le streetwear, avec un corps plus long de sorte que la couronne retombe pour un drap\u00e9 intentionnel. La forme est souvent sp\u00e9cifi\u00e9e comme \u00e9tant sans revers, mais un revers rabattable peut \u00eatre ajout\u00e9 si vous souhaitez une ouverture plus serr\u00e9e ou un espace suppl\u00e9mentaire pour le marquage.<\/p>\n<p data-start=\"332\" data-end=\"852\">Con\u00e7ue pour les programmes OEM, la production suit vos notes de conception et les normes de votre marque plut\u00f4t qu'un mod\u00e8le unique - utilisez-la pour le r\u00e9approvisionnement des grossistes, les assortiments de d\u00e9taillants et les lancements de produits. La finition du logo est flexible : les options comprennent la broderie, un \u00e9cusson cousu ou un placement d'\u00e9tiquette tiss\u00e9e, en fonction de votre maquette et de l'aspect que vous recherchez. La quantit\u00e9 et le d\u00e9lai d'ex\u00e9cution varient - demandez un devis. Les acheteurs les mieux plac\u00e9s sont les marques de streetwear, les d\u00e9taillants de boutiques, les programmes de merchandising et les organisateurs d'\u00e9v\u00e9nements.<\/p>\n<ul data-start=\"853\" data-end=\"1029\">\n<li data-start=\"853\" data-end=\"881\">\n<p data-start=\"855\" data-end=\"881\">Profil long et \u00e9lanc\u00e9<\/p>\n<\/li>\n<li data-start=\"882\" data-end=\"911\">\n<p data-start=\"884\" data-end=\"911\">Constructions avec ou sans manchettes<\/p>\n<\/li>\n<li data-start=\"912\" data-end=\"936\">\n<p data-start=\"914\" data-end=\"936\">Options de motifs de tricot<\/p>\n<\/li>\n<li data-start=\"937\" data-end=\"968\">\n<p data-start=\"939\" data-end=\"968\">Zones de logo pr\u00eates \u00e0 \u00eatre brod\u00e9es<\/p>\n<\/li>\n<li data-start=\"969\" data-end=\"1001\">\n<p data-start=\"971\" data-end=\"1001\">Ajout d'un \u00e9cusson ou d'une \u00e9tiquette tiss\u00e9e<\/p>\n<\/li>\n<li data-start=\"1002\" data-end=\"1029\">\n<p data-start=\"1004\" data-end=\"1029\">Emballage en vrac sur demande<\/p>\n<\/li>\n<\/ul>","protected":false},"excerpt":{"rendered":"<p data-start=\"1031\" data-end=\"1296\">Bonnet long con\u00e7u pour les lignes streetwear. Fabrication OEM selon vos sp\u00e9cifications avec broderie, patchs ou \u00e9tiquettes tiss\u00e9es en option. Convient au r\u00e9approvisionnement des grossistes et aux ventes saisonni\u00e8res ; la quantit\u00e9 et le d\u00e9lai de livraison sont indiqu\u00e9s par projet.<\/p>","protected":false},"featured_media":171,"template":"","meta":{"_gspb_post_css":""},"product_brand":[],"product_cat":[24],"product_tag":[],"class_list":{"0":"post-154","1":"product","2":"type-product","3":"status-publish","4":"has-post-thumbnail","6":"product_cat-beanies-knit-hats","8":"first","9":"instock","10":"shipping-taxable","11":"purchasable","12":"product-type-simple"},"_links":{"self":[{"href":"https:\/\/customhatsmanufacturer.com\/fr\/wp-json\/wp\/v2\/product\/154","targetHints":{"allow":["GET"]}}],"collection":[{"href":"https:\/\/customhatsmanufacturer.com\/fr\/wp-json\/wp\/v2\/product"}],"about":[{"href":"https:\/\/customhatsmanufacturer.com\/fr\/wp-json\/wp\/v2\/types\/product"}],"wp:featuredmedia":[{"embeddable":true,"href":"https:\/\/customhatsmanufacturer.com\/fr\/wp-json\/wp\/v2\/media\/171"}],"wp:attachment":[{"href":"https:\/\/customhatsmanufacturer.com\/fr\/wp-json\/wp\/v2\/media?parent=154"}],"wp:term":[{"taxonomy":"product_brand","embeddable":true,"href":"https:\/\/customhatsmanufacturer.com\/fr\/wp-json\/wp\/v2\/product_brand?post=154"},{"taxonomy":"product_cat","embeddable":true,"href":"https:\/\/customhatsmanufacturer.com\/fr\/wp-json\/wp\/v2\/product_cat?post=154"},{"taxonomy":"product_tag","embeddable":true,"href":"https:\/\/customhatsmanufacturer.com\/fr\/wp-json\/wp\/v2\/product_tag?post=154"}],"curies":[{"name":"wp","href":"https:\/\/api.w.org\/{rel}","templated":true}]}}