{"id":153,"date":"2026-02-27T11:11:22","date_gmt":"2026-02-27T11:11:22","guid":{"rendered":"https:\/\/customhatsmanufacturer.com\/?post_type=product&#038;p=153"},"modified":"2026-02-27T11:11:22","modified_gmt":"2026-02-27T11:11:22","slug":"cuffed-knit-beanies-with-embroidered-logo-bulk","status":"publish","type":"product","link":"https:\/\/customhatsmanufacturer.com\/fr\/produit\/cuffed-knit-beanies-with-embroidered-logo-bulk\/","title":{"rendered":"Bonnets tricot\u00e9s avec logo brod\u00e9 (en vrac)"},"content":{"rendered":"<p data-start=\"0\" data-end=\"359\">Con\u00e7us pour le merchandising par temps froid, ces bonnets en tricot \u00e0 revers sont dot\u00e9s d'un revers rabattable qui ajoute une couverture suppl\u00e9mentaire et cr\u00e9e une bande propre et structur\u00e9e pour la d\u00e9coration. Votre logo brod\u00e9 est plac\u00e9 en \u00e9vidence sur le revers, offrant une finition surpiqu\u00e9e de qualit\u00e9 sup\u00e9rieure qui reste nette au fil des utilisations.<\/p>\n<p data-start=\"361\" data-end=\"809\">Con\u00e7u pour les achats en vrac, ce mod\u00e8le permet de marquer directement les lignes de produits sous marque de distributeur, les programmes d'uniformes et les articles promotionnels. Les options comprennent les couleurs de fil, la taille du logo, l'emplacement, ainsi que l'emballage ou l'\u00e9tiquetage int\u00e9rieur sur demande. Le MOQ et le d\u00e9lai de livraison varient - demandez un devis pour conna\u00eetre les prix et les d\u00e9lais. Cette solution est id\u00e9ale pour les marques, les \u00e9quipes, les \u00e9v\u00e9nements et les d\u00e9taillants qui ont besoin de commandes r\u00e9guli\u00e8res.<\/p>\n<ul data-start=\"811\" data-end=\"962\">\n<li data-start=\"811\" data-end=\"837\">\n<p data-start=\"813\" data-end=\"837\">Profil de manchette rabattable<\/p>\n<\/li>\n<li data-start=\"838\" data-end=\"866\">\n<p data-start=\"840\" data-end=\"866\">Logo brod\u00e9 sur la manchette<\/p>\n<\/li>\n<li data-start=\"867\" data-end=\"901\">\n<p data-start=\"869\" data-end=\"901\">Tricot extensible, confort quotidien<\/p>\n<\/li>\n<li data-start=\"902\" data-end=\"936\">\n<p data-start=\"904\" data-end=\"936\">Options de couleur de fil disponibles<\/p>\n<\/li>\n<li data-start=\"937\" data-end=\"962\">\n<p data-start=\"939\" data-end=\"962\">Pr\u00eat \u00e0 la revente en vrac<\/p>\n<\/li>\n<\/ul>","protected":false},"excerpt":{"rendered":"<p data-start=\"964\" data-end=\"1225\">Bonnets tricot\u00e9s avec un logo brod\u00e9 sur la manchette rabattable. Con\u00e7us pour les commandes en gros, avec des d\u00e9tails de broderie configurables et un \u00e9tiquetage\/emballage optionnel sur demande. Prix bas\u00e9s sur des devis pour les grossistes, les OEM et les programmes de merchandising.<\/p>","protected":false},"featured_media":165,"template":"","meta":{"_gspb_post_css":""},"product_brand":[],"product_cat":[24],"product_tag":[],"class_list":{"0":"post-153","1":"product","2":"type-product","3":"status-publish","4":"has-post-thumbnail","6":"product_cat-beanies-knit-hats","8":"first","9":"instock","10":"shipping-taxable","11":"purchasable","12":"product-type-simple"},"_links":{"self":[{"href":"https:\/\/customhatsmanufacturer.com\/fr\/wp-json\/wp\/v2\/product\/153","targetHints":{"allow":["GET"]}}],"collection":[{"href":"https:\/\/customhatsmanufacturer.com\/fr\/wp-json\/wp\/v2\/product"}],"about":[{"href":"https:\/\/customhatsmanufacturer.com\/fr\/wp-json\/wp\/v2\/types\/product"}],"wp:featuredmedia":[{"embeddable":true,"href":"https:\/\/customhatsmanufacturer.com\/fr\/wp-json\/wp\/v2\/media\/165"}],"wp:attachment":[{"href":"https:\/\/customhatsmanufacturer.com\/fr\/wp-json\/wp\/v2\/media?parent=153"}],"wp:term":[{"taxonomy":"product_brand","embeddable":true,"href":"https:\/\/customhatsmanufacturer.com\/fr\/wp-json\/wp\/v2\/product_brand?post=153"},{"taxonomy":"product_cat","embeddable":true,"href":"https:\/\/customhatsmanufacturer.com\/fr\/wp-json\/wp\/v2\/product_cat?post=153"},{"taxonomy":"product_tag","embeddable":true,"href":"https:\/\/customhatsmanufacturer.com\/fr\/wp-json\/wp\/v2\/product_tag?post=153"}],"curies":[{"name":"wp","href":"https:\/\/api.w.org\/{rel}","templated":true}]}}