{"id":152,"date":"2026-02-27T11:08:41","date_gmt":"2026-02-27T11:08:41","guid":{"rendered":"https:\/\/customhatsmanufacturer.com\/?post_type=product&#038;p=152"},"modified":"2026-02-27T11:08:42","modified_gmt":"2026-02-27T11:08:42","slug":"rib-knit-beanies-with-custom-patch-wholesale","status":"publish","type":"product","link":"https:\/\/customhatsmanufacturer.com\/fr\/produit\/rib-knit-beanies-with-custom-patch-wholesale\/","title":{"rendered":"Bonnets en tricot c\u00f4tel\u00e9 avec \u00e9cusson personnalis\u00e9 (vente en gros)"},"content":{"rendered":"<p data-start=\"0\" data-end=\"346\">Les bonnets en tricot c\u00f4tel\u00e9 avec \u00e9cusson personnalis\u00e9 sont des bonnets en tricot classique construits autour d'une structure verticale c\u00f4tel\u00e9e qui ajoute de la texture et une \u00e9lasticit\u00e9 naturelle pour un ajustement s\u00fbr. Con\u00e7us pour les achats en gros, ils constituent un style de base pratique pour les assortiments d'hiver, les programmes d'uniformes et les produits de marque.<\/p>\n<p data-start=\"348\" data-end=\"893\">Le point fort est la zone d'\u00e9cusson personnalisable, qui vous permet de placer un logo ou un message de mani\u00e8re propre et r\u00e9p\u00e9table sans modifier le tricot lui-m\u00eame. Les mat\u00e9riaux et les finitions des \u00e9cussons peuvent \u00eatre sp\u00e9cifi\u00e9s en fonction de votre positionnement - les options peuvent inclure des styles tiss\u00e9s, brod\u00e9s, en cuir ou en PVC, en fonction de votre maquette et du prix vis\u00e9. Le MOQ et le d\u00e9lai de livraison varient - demandez un devis en joignant votre fichier de logo et vos notes de placement. Ce produit est particuli\u00e8rement adapt\u00e9 aux marques, aux \u00e9quipes, aux \u00e9v\u00e9nements et aux d\u00e9taillants qui ont besoin d'une image de marque coh\u00e9rente pour les gros tirages.<\/p>\n<ul data-start=\"895\" data-end=\"1062\">\n<li data-start=\"895\" data-end=\"924\">\n<p data-start=\"897\" data-end=\"924\">Texture verticale en tricot c\u00f4tel\u00e9<\/p>\n<\/li>\n<li data-start=\"925\" data-end=\"956\">\n<p data-start=\"927\" data-end=\"956\">Emplacement du logo personnalis\u00e9<\/p>\n<\/li>\n<li data-start=\"957\" data-end=\"985\">\n<p data-start=\"959\" data-end=\"985\">Coupe extensible, taille facile<\/p>\n<\/li>\n<li data-start=\"986\" data-end=\"1023\">\n<p data-start=\"988\" data-end=\"1023\">Options de mat\u00e9riaux de r\u00e9paration sur demande<\/p>\n<\/li>\n<li data-start=\"1024\" data-end=\"1062\">\n<p data-start=\"1026\" data-end=\"1062\">Pr\u00eat pour les programmes de vente en gros<\/p>\n<\/li>\n<\/ul>","protected":false},"excerpt":{"rendered":"<p data-start=\"1064\" data-end=\"1287\">Les bonnets en tricot c\u00f4tel\u00e9 sont dot\u00e9s d'une zone de marquage personnalisable pour les logos de la marque ou de l'\u00e9quipe. Sp\u00e9cifiez le style et l'emplacement de l'\u00e9cusson pour des s\u00e9ries de production r\u00e9p\u00e9tables ; la quantit\u00e9 et les d\u00e9lais de livraison varient - demandez un devis.<\/p>","protected":false},"featured_media":163,"template":"","meta":{"_gspb_post_css":""},"product_brand":[],"product_cat":[24],"product_tag":[],"class_list":{"0":"post-152","1":"product","2":"type-product","3":"status-publish","4":"has-post-thumbnail","6":"product_cat-beanies-knit-hats","8":"first","9":"instock","10":"shipping-taxable","11":"purchasable","12":"product-type-simple"},"_links":{"self":[{"href":"https:\/\/customhatsmanufacturer.com\/fr\/wp-json\/wp\/v2\/product\/152","targetHints":{"allow":["GET"]}}],"collection":[{"href":"https:\/\/customhatsmanufacturer.com\/fr\/wp-json\/wp\/v2\/product"}],"about":[{"href":"https:\/\/customhatsmanufacturer.com\/fr\/wp-json\/wp\/v2\/types\/product"}],"wp:featuredmedia":[{"embeddable":true,"href":"https:\/\/customhatsmanufacturer.com\/fr\/wp-json\/wp\/v2\/media\/163"}],"wp:attachment":[{"href":"https:\/\/customhatsmanufacturer.com\/fr\/wp-json\/wp\/v2\/media?parent=152"}],"wp:term":[{"taxonomy":"product_brand","embeddable":true,"href":"https:\/\/customhatsmanufacturer.com\/fr\/wp-json\/wp\/v2\/product_brand?post=152"},{"taxonomy":"product_cat","embeddable":true,"href":"https:\/\/customhatsmanufacturer.com\/fr\/wp-json\/wp\/v2\/product_cat?post=152"},{"taxonomy":"product_tag","embeddable":true,"href":"https:\/\/customhatsmanufacturer.com\/fr\/wp-json\/wp\/v2\/product_tag?post=152"}],"curies":[{"name":"wp","href":"https:\/\/api.w.org\/{rel}","templated":true}]}}