{"id":125,"date":"2026-02-27T10:27:32","date_gmt":"2026-02-27T10:27:32","guid":{"rendered":"https:\/\/customhatsmanufacturer.com\/?post_type=product&#038;p=125"},"modified":"2026-02-27T10:27:33","modified_gmt":"2026-02-27T10:27:33","slug":"custom-sports-visors-with-logo-embroidery-wholesale","status":"publish","type":"product","link":"https:\/\/customhatsmanufacturer.com\/fr\/produit\/custom-sports-visors-with-logo-embroidery-wholesale\/","title":{"rendered":"Visi\u00e8res de sport personnalis\u00e9es avec logo brod\u00e9 (en gros)"},"content":{"rendered":"<p data-start=\"0\" data-end=\"369\">Ces visi\u00e8res de sport sont des couvre-chefs avec une couronne ouverte, con\u00e7us pour \u00e9viter l'\u00e9blouissement des yeux tout en restant perm\u00e9ables \u00e0 l'air pendant le jeu. Votre logo est appliqu\u00e9 par broderie pour une finition dimensionnelle cousue qui se lit proprement \u00e0 courte distance - utile lorsque vous avez besoin d'une marque coh\u00e9rente sur toute une s\u00e9rie.<\/p>\n<p data-start=\"371\" data-end=\"818\">Con\u00e7us pour les commandes B2B, ils conviennent aux programmes d'uniformes et aux lignes de produits pour lesquels les illustrations doivent rester coh\u00e9rentes d'un carton \u00e0 l'autre. Les options peuvent inclure la forme du bord, le style de fermeture et l'emplacement du logo en fonction de votre cahier des charges ; communiquez-nous le dessin et les sp\u00e9cifications pour obtenir un devis de production. Le MOQ et le d\u00e9lai de production varient - demandez un devis. Id\u00e9al pour les marques, les \u00e9quipes, les \u00e9v\u00e9nements et les d\u00e9taillants qui ont besoin d'un couvre-chef de marque fiable.<\/p>\n<ul data-start=\"819\" data-end=\"968\">\n<li data-start=\"819\" data-end=\"849\">\n<p data-start=\"821\" data-end=\"849\">D\u00e9coration par broderie du logo<\/p>\n<\/li>\n<li data-start=\"850\" data-end=\"878\">\n<p data-start=\"852\" data-end=\"878\">Profil de visi\u00e8re \u00e0 couronne ouverte<\/p>\n<\/li>\n<li data-start=\"879\" data-end=\"911\">\n<p data-start=\"881\" data-end=\"911\">Emballage en vrac pour la distribution<\/p>\n<\/li>\n<li data-start=\"912\" data-end=\"943\">\n<p data-start=\"914\" data-end=\"943\">Couleurs assorties sur demande<\/p>\n<\/li>\n<li data-start=\"944\" data-end=\"968\">\n<p data-start=\"946\" data-end=\"968\">Options d'\u00e9tiquetage OEM<\/p>\n<\/li>\n<\/ul>","protected":false},"excerpt":{"rendered":"<p data-start=\"970\" data-end=\"1209\">Visi\u00e8re de sport \u00e0 bord avec broderie de logo personnalis\u00e9 pour une image de marque coh\u00e9rente. Fourni pour les programmes de vente en gros et en masse avec un \u00e9tiquetage OEM optionnel et des choix de sp\u00e9cifications. Partagez la maquette pour obtenir un devis et des \u00e9chantillons.<\/p>","protected":false},"featured_media":143,"template":"","meta":{"_gspb_post_css":""},"product_brand":[],"product_cat":[23,15],"product_tag":[],"class_list":{"0":"post-125","1":"product","2":"type-product","3":"status-publish","4":"has-post-thumbnail","6":"product_cat-visor-hats","7":"product_cat-hats-caps","9":"first","10":"instock","11":"shipping-taxable","12":"purchasable","13":"product-type-simple"},"_links":{"self":[{"href":"https:\/\/customhatsmanufacturer.com\/fr\/wp-json\/wp\/v2\/product\/125","targetHints":{"allow":["GET"]}}],"collection":[{"href":"https:\/\/customhatsmanufacturer.com\/fr\/wp-json\/wp\/v2\/product"}],"about":[{"href":"https:\/\/customhatsmanufacturer.com\/fr\/wp-json\/wp\/v2\/types\/product"}],"wp:featuredmedia":[{"embeddable":true,"href":"https:\/\/customhatsmanufacturer.com\/fr\/wp-json\/wp\/v2\/media\/143"}],"wp:attachment":[{"href":"https:\/\/customhatsmanufacturer.com\/fr\/wp-json\/wp\/v2\/media?parent=125"}],"wp:term":[{"taxonomy":"product_brand","embeddable":true,"href":"https:\/\/customhatsmanufacturer.com\/fr\/wp-json\/wp\/v2\/product_brand?post=125"},{"taxonomy":"product_cat","embeddable":true,"href":"https:\/\/customhatsmanufacturer.com\/fr\/wp-json\/wp\/v2\/product_cat?post=125"},{"taxonomy":"product_tag","embeddable":true,"href":"https:\/\/customhatsmanufacturer.com\/fr\/wp-json\/wp\/v2\/product_tag?post=125"}],"curies":[{"name":"wp","href":"https:\/\/api.w.org\/{rel}","templated":true}]}}