{"id":124,"date":"2026-02-27T10:24:39","date_gmt":"2026-02-27T10:24:39","guid":{"rendered":"https:\/\/customhatsmanufacturer.com\/?post_type=product&#038;p=124"},"modified":"2026-02-27T10:24:39","modified_gmt":"2026-02-27T10:24:39","slug":"soft-cotton-kids-hats-for-team-uniforms-oem","status":"publish","type":"product","link":"https:\/\/customhatsmanufacturer.com\/fr\/produit\/soft-cotton-kids-hats-for-team-uniforms-oem\/","title":{"rendered":"Chapeaux en coton doux pour enfants pour uniformes d'\u00e9quipe (OEM)"},"content":{"rendered":"<p data-start=\"0\" data-end=\"410\">Les casquettes pour enfants en coton doux sont con\u00e7ues pour les uniformes d'\u00e9quipe coordonn\u00e9s. Elles sont id\u00e9ales lorsque vous avez besoin d'un look coh\u00e9rent, d'un port confortable et d'une commande r\u00e9p\u00e9t\u00e9e facile \u00e0 r\u00e9aliser. La structure en coton permet aux jeunes porteurs de se sentir \u00e0 l'aise, tandis que la silhouette g\u00e9n\u00e9rale peut \u00eatre adapt\u00e9e \u00e0 votre programme d'uniformes (structur\u00e9 ou non structur\u00e9, bord incurv\u00e9 ou plat, et options de fermeture r\u00e9glable sur demande).<\/p>\n<p data-start=\"412\" data-end=\"854\">Pour l'approvisionnement B2B, ces produits sont fabriqu\u00e9s comme des couvre-chefs OEM, ce qui vous permet d'aligner les couleurs, les d\u00e9tails des garnitures et l'emplacement des marques sur votre fiche technique. Les options comprennent la broderie directe, les patchs tiss\u00e9s\/brod\u00e9s ou les applications d'impression en fonction de votre maquette et de votre budget. Le MOQ et le d\u00e9lai de livraison varient - demandez un devis avec votre fichier de logo et votre fen\u00eatre de livraison cible. Les acheteurs les mieux plac\u00e9s sont les marques d'uniformes, les \u00e9quipes scolaires, les organisateurs d'\u00e9v\u00e9nements et les d\u00e9taillants d'articles de sport.<\/p>\n<ul data-start=\"855\" data-end=\"1032\">\n<li data-start=\"855\" data-end=\"880\">\n<p data-start=\"857\" data-end=\"880\">Toucher doux du coton<\/p>\n<\/li>\n<li data-start=\"881\" data-end=\"912\">\n<p data-start=\"883\" data-end=\"912\">Options de taille adapt\u00e9es aux enfants<\/p>\n<\/li>\n<li data-start=\"913\" data-end=\"936\">\n<p data-start=\"915\" data-end=\"936\">Bordure incurv\u00e9e ou plate<\/p>\n<\/li>\n<li data-start=\"937\" data-end=\"972\">\n<p data-start=\"939\" data-end=\"972\">Options de fermeture r\u00e9glable au niveau du dos<\/p>\n<\/li>\n<li data-start=\"973\" data-end=\"1004\">\n<p data-start=\"975\" data-end=\"1004\">Broderie, \u00e9cusson ou impression<\/p>\n<\/li>\n<li data-start=\"1005\" data-end=\"1032\">\n<p data-start=\"1007\" data-end=\"1032\">\u00c9tiquetage OEM sur demande<\/p>\n<\/li>\n<\/ul>","protected":false},"excerpt":{"rendered":"<p data-start=\"1034\" data-end=\"1255\">Casquettes d'\u00e9quipe pour enfants en coton doux, con\u00e7ues pour les programmes d'uniformes. Disponibles pour les commandes OEM avec broderie de logo, patchs ou applications d'impression sur demande. Le MOQ et le d\u00e9lai de livraison varient - devis disponible.<\/p>","protected":false},"featured_media":136,"template":"","meta":{"_gspb_post_css":""},"product_brand":[],"product_cat":[22,15],"product_tag":[],"class_list":{"0":"post-124","1":"product","2":"type-product","3":"status-publish","4":"has-post-thumbnail","6":"product_cat-kid-hats","7":"product_cat-hats-caps","9":"first","10":"instock","11":"shipping-taxable","12":"purchasable","13":"product-type-simple"},"_links":{"self":[{"href":"https:\/\/customhatsmanufacturer.com\/fr\/wp-json\/wp\/v2\/product\/124","targetHints":{"allow":["GET"]}}],"collection":[{"href":"https:\/\/customhatsmanufacturer.com\/fr\/wp-json\/wp\/v2\/product"}],"about":[{"href":"https:\/\/customhatsmanufacturer.com\/fr\/wp-json\/wp\/v2\/types\/product"}],"wp:featuredmedia":[{"embeddable":true,"href":"https:\/\/customhatsmanufacturer.com\/fr\/wp-json\/wp\/v2\/media\/136"}],"wp:attachment":[{"href":"https:\/\/customhatsmanufacturer.com\/fr\/wp-json\/wp\/v2\/media?parent=124"}],"wp:term":[{"taxonomy":"product_brand","embeddable":true,"href":"https:\/\/customhatsmanufacturer.com\/fr\/wp-json\/wp\/v2\/product_brand?post=124"},{"taxonomy":"product_cat","embeddable":true,"href":"https:\/\/customhatsmanufacturer.com\/fr\/wp-json\/wp\/v2\/product_cat?post=124"},{"taxonomy":"product_tag","embeddable":true,"href":"https:\/\/customhatsmanufacturer.com\/fr\/wp-json\/wp\/v2\/product_tag?post=124"}],"curies":[{"name":"wp","href":"https:\/\/api.w.org\/{rel}","templated":true}]}}