{"id":123,"date":"2026-02-27T10:20:28","date_gmt":"2026-02-27T10:20:28","guid":{"rendered":"https:\/\/customhatsmanufacturer.com\/?post_type=product&#038;p=123"},"modified":"2026-02-27T10:20:28","modified_gmt":"2026-02-27T10:20:28","slug":"adjustable-kids-trucker-hats-for-schools-bulk","status":"publish","type":"product","link":"https:\/\/customhatsmanufacturer.com\/fr\/produit\/adjustable-kids-trucker-hats-for-schools-bulk\/","title":{"rendered":"Chapeaux Trucker ajustables pour les \u00e9coles (en vrac)"},"content":{"rendered":"<p data-start=\"0\" data-end=\"515\">Con\u00e7ues pour les programmes scolaires et les gammes de couvre-chefs pour jeunes, ces casquettes trucker r\u00e9glables pour enfants sont con\u00e7ues pour \u00eatre port\u00e9es tous les jours, lors des journ\u00e9es de l'esprit et des \u00e9v\u00e9nements sur le campus. Le profil de style camionneur maintient le look sportif, avec une construction qui peut \u00eatre sp\u00e9cifi\u00e9e pour convenir \u00e0 votre acheteur - les options comprennent des panneaux avant structur\u00e9s et des constructions arri\u00e8re en maille respirante. Une fermeture arri\u00e8re r\u00e9glable permet de s'adapter \u00e0 la croissance des \u00e9tudiants et simplifie la distribution entre les classes et les \u00e9quipes.<\/p>\n<p data-start=\"517\" data-end=\"939\">Pour les achats en gros, vous pouvez standardiser les couleurs pour les niveaux scolaires ou les maisons, puis ajouter une marque sur le panneau avant par broderie, patch cousu\/appliqu\u00e9 \u00e0 chaud ou impression (disponible sur demande). Fournissez-nous votre maquette et vos instructions de placement, et nous vous ferons un devis en fonction des exigences en mati\u00e8re de d\u00e9coration et d'emballage ; la quantit\u00e9 de marchandises et le d\u00e9lai de livraison varient - demandez un devis. Ce produit convient parfaitement aux fournisseurs d'uniformes scolaires, aux marques de v\u00eatements d'esprit, aux d\u00e9taillants et aux organisateurs d'\u00e9v\u00e9nements.<\/p>\n<ul data-start=\"941\" data-end=\"1120\">\n<li data-start=\"941\" data-end=\"978\">\n<p data-start=\"943\" data-end=\"978\">Fermeture r\u00e9glable adapt\u00e9e aux jeunes<\/p>\n<\/li>\n<li data-start=\"979\" data-end=\"1021\">\n<p data-start=\"981\" data-end=\"1021\">Options de panneaux respirants de style camionneur<\/p>\n<\/li>\n<li data-start=\"1022\" data-end=\"1057\">\n<p data-start=\"1024\" data-end=\"1057\">Zone frontale pour l'application du logo<\/p>\n<\/li>\n<li data-start=\"1058\" data-end=\"1090\">\n<p data-start=\"1060\" data-end=\"1090\">Bord incurv\u00e9, profil classique<\/p>\n<\/li>\n<li data-start=\"1091\" data-end=\"1120\">\n<p data-start=\"1093\" data-end=\"1120\">Commandes group\u00e9es pour les \u00e9coles<\/p>\n<\/li>\n<\/ul>","protected":false},"excerpt":{"rendered":"<p data-start=\"1122\" data-end=\"1377\">Casquette trucker ajustable pour enfants pour les programmes scolaires, livr\u00e9e en vrac. Sp\u00e9cifiez le style de la casquette et choisissez la broderie, l'\u00e9cusson ou l'impression sur la face avant. Commande sur devis avec des quantit\u00e9s et des d\u00e9lais de livraison variables.<\/p>","protected":false},"featured_media":135,"template":"","meta":{"_gspb_post_css":""},"product_brand":[],"product_cat":[22,15],"product_tag":[],"class_list":{"0":"post-123","1":"product","2":"type-product","3":"status-publish","4":"has-post-thumbnail","6":"product_cat-kid-hats","7":"product_cat-hats-caps","9":"first","10":"instock","11":"shipping-taxable","12":"purchasable","13":"product-type-simple"},"_links":{"self":[{"href":"https:\/\/customhatsmanufacturer.com\/fr\/wp-json\/wp\/v2\/product\/123","targetHints":{"allow":["GET"]}}],"collection":[{"href":"https:\/\/customhatsmanufacturer.com\/fr\/wp-json\/wp\/v2\/product"}],"about":[{"href":"https:\/\/customhatsmanufacturer.com\/fr\/wp-json\/wp\/v2\/types\/product"}],"wp:featuredmedia":[{"embeddable":true,"href":"https:\/\/customhatsmanufacturer.com\/fr\/wp-json\/wp\/v2\/media\/135"}],"wp:attachment":[{"href":"https:\/\/customhatsmanufacturer.com\/fr\/wp-json\/wp\/v2\/media?parent=123"}],"wp:term":[{"taxonomy":"product_brand","embeddable":true,"href":"https:\/\/customhatsmanufacturer.com\/fr\/wp-json\/wp\/v2\/product_brand?post=123"},{"taxonomy":"product_cat","embeddable":true,"href":"https:\/\/customhatsmanufacturer.com\/fr\/wp-json\/wp\/v2\/product_cat?post=123"},{"taxonomy":"product_tag","embeddable":true,"href":"https:\/\/customhatsmanufacturer.com\/fr\/wp-json\/wp\/v2\/product_tag?post=123"}],"curies":[{"name":"wp","href":"https:\/\/api.w.org\/{rel}","templated":true}]}}