{"id":97,"date":"2026-02-27T09:06:25","date_gmt":"2026-02-27T09:06:25","guid":{"rendered":"https:\/\/customhatsmanufacturer.com\/?post_type=product&#038;p=97"},"modified":"2026-02-27T09:06:25","modified_gmt":"2026-02-27T09:06:25","slug":"cotton-twill-bucket-hats-with-embroidery-oem","status":"publish","type":"product","link":"https:\/\/customhatsmanufacturer.com\/es\/producto\/cotton-twill-bucket-hats-with-embroidery-oem\/","title":{"rendered":"Sombreros de cubo de sarga de algod\u00f3n con bordado (OEM)"},"content":{"rendered":"<p data-start=\"0\" data-end=\"436\">Los sombreros de cubo de sarga de algod\u00f3n con bordado est\u00e1n pensados para programas de sombrerer\u00eda de marca que necesitan una base de tejido limpio y duradero y un acabado de logotipo de primera calidad. Fabricado en sarga de algod\u00f3n, el sombrero mantiene su forma a la vez que resulta c\u00f3modo para el uso diario, con un ala envolvente que puede pespuntearse para obtener un borde n\u00edtido. El bordado puede aplicarse como logotipo frontal, marca lateral o peque\u00f1o detalle trasero, en funci\u00f3n de su dise\u00f1o.<\/p>\n<p data-start=\"438\" data-end=\"878\">Producido como art\u00edculo OEM, este estilo se configura seg\u00fan sus requisitos: colores, gama de tallas, colocaci\u00f3n del bordado y detalles de marca como etiquetas tejidas, encintado interior o embalaje listo para la venta (disponible previa solicitud). Ind\u00edquenos sus archivos de dise\u00f1o y el uso previsto, y le propondremos especificaciones viables y pasos de muestreo. Las cantidades m\u00ednimas y el plazo de entrega var\u00edan: solicite presupuesto. Ideal para marcas, equipos, eventos y minoristas que buscan productos a granel.<\/p>\n<ul data-start=\"880\" data-end=\"1088\">\n<li data-start=\"880\" data-end=\"916\">\n<p data-start=\"882\" data-end=\"916\">Tejido de sarga de algod\u00f3n<\/p>\n<\/li>\n<li data-start=\"917\" data-end=\"947\">\n<p data-start=\"919\" data-end=\"947\">Borde cl\u00e1sico cosido a 360<\/p>\n<\/li>\n<li data-start=\"948\" data-end=\"985\">\n<p data-start=\"950\" data-end=\"985\">Opciones de colocaci\u00f3n del logotipo bordado<\/p>\n<\/li>\n<li data-start=\"986\" data-end=\"1012\">\n<p data-start=\"988\" data-end=\"1012\">Opciones de color y tama\u00f1o<\/p>\n<\/li>\n<li data-start=\"1013\" data-end=\"1048\">\n<p data-start=\"1015\" data-end=\"1048\">Complementos de marca blanca disponibles<\/p>\n<\/li>\n<li data-start=\"1049\" data-end=\"1088\">\n<p data-start=\"1051\" data-end=\"1088\">Opciones de embalaje y marcado de cajas<\/p>\n<\/li>\n<\/ul>","protected":false},"excerpt":{"rendered":"<p data-start=\"1090\" data-end=\"1337\">Sombrero de cubo de sarga de algod\u00f3n con marca bordada, suministrado para pedidos OEM. Configure los colores, el tama\u00f1o y la colocaci\u00f3n del logotipo, con etiquetado y embalaje privados opcionales. Condiciones basadas en presupuestos para suministros al por mayor y a granel.<\/p>","protected":false},"featured_media":119,"template":"","meta":{"_gspb_post_css":""},"product_brand":[],"product_cat":[21,15],"product_tag":[],"class_list":{"0":"post-97","1":"product","2":"type-product","3":"status-publish","4":"has-post-thumbnail","6":"product_cat-bucket-hats","7":"product_cat-hats-caps","9":"first","10":"instock","11":"shipping-taxable","12":"purchasable","13":"product-type-simple"},"_links":{"self":[{"href":"https:\/\/customhatsmanufacturer.com\/es\/wp-json\/wp\/v2\/product\/97","targetHints":{"allow":["GET"]}}],"collection":[{"href":"https:\/\/customhatsmanufacturer.com\/es\/wp-json\/wp\/v2\/product"}],"about":[{"href":"https:\/\/customhatsmanufacturer.com\/es\/wp-json\/wp\/v2\/types\/product"}],"wp:featuredmedia":[{"embeddable":true,"href":"https:\/\/customhatsmanufacturer.com\/es\/wp-json\/wp\/v2\/media\/119"}],"wp:attachment":[{"href":"https:\/\/customhatsmanufacturer.com\/es\/wp-json\/wp\/v2\/media?parent=97"}],"wp:term":[{"taxonomy":"product_brand","embeddable":true,"href":"https:\/\/customhatsmanufacturer.com\/es\/wp-json\/wp\/v2\/product_brand?post=97"},{"taxonomy":"product_cat","embeddable":true,"href":"https:\/\/customhatsmanufacturer.com\/es\/wp-json\/wp\/v2\/product_cat?post=97"},{"taxonomy":"product_tag","embeddable":true,"href":"https:\/\/customhatsmanufacturer.com\/es\/wp-json\/wp\/v2\/product_tag?post=97"}],"curies":[{"name":"wp","href":"https:\/\/api.w.org\/{rel}","templated":true}]}}