{"id":96,"date":"2026-02-27T09:01:23","date_gmt":"2026-02-27T09:01:23","guid":{"rendered":"https:\/\/customhatsmanufacturer.com\/?post_type=product&#038;p=96"},"modified":"2026-02-27T09:01:23","modified_gmt":"2026-02-27T09:01:23","slug":"reversible-bucket-hats-for-summer-promotions-bulk","status":"publish","type":"product","link":"https:\/\/customhatsmanufacturer.com\/es\/producto\/reversible-bucket-hats-for-summer-promotions-bulk\/","title":{"rendered":"Sombreros de cubo reversibles para promociones de verano (a granel)"},"content":{"rendered":"<p data-start=\"0\" data-end=\"372\">Los sombreros de cubo reversibles son sombreros de ala de verano hechos para ofrecerle dos looks en uno: use el lado A para su color principal y luego cambie al lado B cuando desee un cambio en el lugar. El ala hacia abajo mantiene el perfil cl\u00e1sico y ayuda a a\u00f1adir sombra pr\u00e1ctica para promociones al aire libre y merchandising de clima c\u00e1lido.<\/p>\n<p data-start=\"374\" data-end=\"922\">Para pedidos B2B, estos sombreros se suelen empaquetar y enviar a granel, con decoraci\u00f3n colocada en la zona del panel o en el ala, seg\u00fan permita su dise\u00f1o. Las opciones incluyen bordados, parches tejidos o logotipos impresos (incluidos los m\u00e9todos a todo color) en una cara o en ambas, seg\u00fan el dise\u00f1o. Las peticiones de OEM, como la combinaci\u00f3n de colores personalizada, la marca en el interior y el embalaje listo para la venta, est\u00e1n disponibles previa solicitud; la cantidad m\u00ednima de piezas y el plazo de entrega var\u00edan, as\u00ed que solicite un presupuesto. Ideal para marcas, equipos, eventos y minoristas que realicen campa\u00f1as de verano.<\/p>\n<ul data-start=\"924\" data-end=\"1099\">\n<li data-start=\"924\" data-end=\"961\">\n<p data-start=\"926\" data-end=\"961\">Construcci\u00f3n reversible por las dos caras<\/p>\n<\/li>\n<li data-start=\"962\" data-end=\"994\">\n<p data-start=\"964\" data-end=\"994\">Borde de cubo inclinado hacia abajo<\/p>\n<\/li>\n<li data-start=\"995\" data-end=\"1027\">\n<p data-start=\"997\" data-end=\"1027\">Envasable, f\u00e1cil de distribuir<\/p>\n<\/li>\n<li data-start=\"1028\" data-end=\"1060\">\n<p data-start=\"1030\" data-end=\"1060\">Opciones de bordado y parche<\/p>\n<\/li>\n<li data-start=\"1061\" data-end=\"1099\">\n<p data-start=\"1063\" data-end=\"1099\">M\u00e9todos de impresi\u00f3n disponibles previa solicitud<\/p>\n<\/li>\n<\/ul>","protected":false},"excerpt":{"rendered":"<p data-start=\"1101\" data-end=\"1343\">Sombreros de dos caras dise\u00f1ados para promociones de verano. Cambie de color y a\u00f1ada su logotipo mediante bordado, parche o impresi\u00f3n. Suministrados a granel, con etiquetado y embalaje OEM disponibles bajo pedido.<\/p>","protected":false},"featured_media":115,"template":"","meta":{"_gspb_post_css":""},"product_brand":[],"product_cat":[21,15],"product_tag":[],"class_list":{"0":"post-96","1":"product","2":"type-product","3":"status-publish","4":"has-post-thumbnail","6":"product_cat-bucket-hats","7":"product_cat-hats-caps","9":"first","10":"instock","11":"shipping-taxable","12":"purchasable","13":"product-type-simple"},"_links":{"self":[{"href":"https:\/\/customhatsmanufacturer.com\/es\/wp-json\/wp\/v2\/product\/96","targetHints":{"allow":["GET"]}}],"collection":[{"href":"https:\/\/customhatsmanufacturer.com\/es\/wp-json\/wp\/v2\/product"}],"about":[{"href":"https:\/\/customhatsmanufacturer.com\/es\/wp-json\/wp\/v2\/types\/product"}],"wp:featuredmedia":[{"embeddable":true,"href":"https:\/\/customhatsmanufacturer.com\/es\/wp-json\/wp\/v2\/media\/115"}],"wp:attachment":[{"href":"https:\/\/customhatsmanufacturer.com\/es\/wp-json\/wp\/v2\/media?parent=96"}],"wp:term":[{"taxonomy":"product_brand","embeddable":true,"href":"https:\/\/customhatsmanufacturer.com\/es\/wp-json\/wp\/v2\/product_brand?post=96"},{"taxonomy":"product_cat","embeddable":true,"href":"https:\/\/customhatsmanufacturer.com\/es\/wp-json\/wp\/v2\/product_cat?post=96"},{"taxonomy":"product_tag","embeddable":true,"href":"https:\/\/customhatsmanufacturer.com\/es\/wp-json\/wp\/v2\/product_tag?post=96"}],"curies":[{"name":"wp","href":"https:\/\/api.w.org\/{rel}","templated":true}]}}