{"id":95,"date":"2026-02-27T08:54:56","date_gmt":"2026-02-27T08:54:56","guid":{"rendered":"https:\/\/customhatsmanufacturer.com\/?post_type=product&#038;p=95"},"modified":"2026-02-27T08:54:56","modified_gmt":"2026-02-27T08:54:56","slug":"custom-bucket-hats-with-all-over-print-wholesale","status":"publish","type":"product","link":"https:\/\/customhatsmanufacturer.com\/es\/producto\/custom-bucket-hats-with-all-over-print-wholesale\/","title":{"rendered":"Sombreros de cubo personalizados con estampado integral (al por mayor)"},"content":{"rendered":"<p data-start=\"0\" data-end=\"405\">Los sombreros de cubo personalizados con impresi\u00f3n integral (al por mayor) son sombreros de estilo cubo de la categor\u00eda de sombreros\/gafas, construidos alrededor de una suave corona circular y un ala inclinada hacia abajo. Su dise\u00f1o se aplica como una impresi\u00f3n all-over, dise\u00f1ado para correr de borde a borde a trav\u00e9s de los paneles visibles por lo que los patrones, ilustraciones, y los gradientes de leer de manera coherente desde la corona hasta el borde.<\/p>\n<p data-start=\"407\" data-end=\"839\">Fabricados para pedidos comerciales, estos sombreros de cubo impresos son adecuados para programas de marca blanca y lanzamientos de gran volumen: usted proporciona el dise\u00f1o y la producci\u00f3n puede organizarse con opciones como etiquetas interiores, etiquetas colgantes y embalaje personalizado bajo petici\u00f3n. La cantidad m\u00ednima de unidades y el plazo de entrega var\u00edan: solicite un presupuesto en funci\u00f3n de sus especificaciones y plazo de entrega. Entre los compradores m\u00e1s adecuados se encuentran marcas, organizadores de eventos, equipos y minoristas que buscan sombreros que destaquen.<\/p>\n<ul data-start=\"841\" data-end=\"1005\">\n<li data-start=\"841\" data-end=\"874\">\n<p data-start=\"843\" data-end=\"874\">Cobertura gr\u00e1fica de borde a borde<\/p>\n<\/li>\n<li data-start=\"875\" data-end=\"909\">\n<p data-start=\"877\" data-end=\"909\">Perfil de cubo de ala abatida<\/p>\n<\/li>\n<li data-start=\"910\" data-end=\"938\">\n<p data-start=\"912\" data-end=\"938\">Material gr\u00e1fico impreso a todo color<\/p>\n<\/li>\n<li data-start=\"939\" data-end=\"973\">\n<p data-start=\"941\" data-end=\"973\">Complementos opcionales de marca blanca<\/p>\n<\/li>\n<li data-start=\"974\" data-end=\"1005\">\n<p data-start=\"976\" data-end=\"1005\">Producci\u00f3n a granel basada en presupuestos<\/p>\n<\/li>\n<\/ul>","protected":false},"excerpt":{"rendered":"<p data-start=\"1007\" data-end=\"1248\">Sombreros de cubo al por mayor fabricados seg\u00fan su dise\u00f1o, con cobertura de impresi\u00f3n en toda la corona y el ala. Dise\u00f1ados para la compra al por mayor, con adornos y embalaje de marca propia opcionales. Las cantidades m\u00ednimas y el plazo de entrega var\u00edan.<\/p>","protected":false},"featured_media":113,"template":"","meta":{"_gspb_post_css":""},"product_brand":[],"product_cat":[21,15],"product_tag":[],"class_list":{"0":"post-95","1":"product","2":"type-product","3":"status-publish","4":"has-post-thumbnail","6":"product_cat-bucket-hats","7":"product_cat-hats-caps","9":"first","10":"instock","11":"shipping-taxable","12":"purchasable","13":"product-type-simple"},"_links":{"self":[{"href":"https:\/\/customhatsmanufacturer.com\/es\/wp-json\/wp\/v2\/product\/95","targetHints":{"allow":["GET"]}}],"collection":[{"href":"https:\/\/customhatsmanufacturer.com\/es\/wp-json\/wp\/v2\/product"}],"about":[{"href":"https:\/\/customhatsmanufacturer.com\/es\/wp-json\/wp\/v2\/types\/product"}],"wp:featuredmedia":[{"embeddable":true,"href":"https:\/\/customhatsmanufacturer.com\/es\/wp-json\/wp\/v2\/media\/113"}],"wp:attachment":[{"href":"https:\/\/customhatsmanufacturer.com\/es\/wp-json\/wp\/v2\/media?parent=95"}],"wp:term":[{"taxonomy":"product_brand","embeddable":true,"href":"https:\/\/customhatsmanufacturer.com\/es\/wp-json\/wp\/v2\/product_brand?post=95"},{"taxonomy":"product_cat","embeddable":true,"href":"https:\/\/customhatsmanufacturer.com\/es\/wp-json\/wp\/v2\/product_cat?post=95"},{"taxonomy":"product_tag","embeddable":true,"href":"https:\/\/customhatsmanufacturer.com\/es\/wp-json\/wp\/v2\/product_tag?post=95"}],"curies":[{"name":"wp","href":"https:\/\/api.w.org\/{rel}","templated":true}]}}