{"id":94,"date":"2026-02-27T08:50:34","date_gmt":"2026-02-27T08:50:34","guid":{"rendered":"https:\/\/customhatsmanufacturer.com\/?post_type=product&#038;p=94"},"modified":"2026-02-27T08:50:34","modified_gmt":"2026-02-27T08:50:34","slug":"5-panel-camper-caps-with-embroidered-logo-oem","status":"publish","type":"product","link":"https:\/\/customhatsmanufacturer.com\/es\/producto\/5-panel-camper-caps-with-embroidered-logo-oem\/","title":{"rendered":"Gorras Camper de 5 paneles con logotipo bordado (OEM)"},"content":{"rendered":"<p data-start=\"0\" data-end=\"373\">Estas gorras camper de 5 paneles son gorras preparadas para el proveedor con una corona limpia de cinco piezas, acabadas con un logotipo bordado para una marca n\u00edtida y t\u00e1ctil. Los estilos Camper suelen ser de perfil bajo, con una visera m\u00e1s plana y una correa trasera ajustable; la forma del ala y los componentes de cierre pueden especificarse para adaptarse a su gama.<\/p>\n<p data-start=\"375\" data-end=\"893\">Para los programas B2B, la producci\u00f3n OEM mantiene la coherencia de su marca en las entregas y los pedidos repetidos: comparta su dise\u00f1o, confirme la colocaci\u00f3n del logotipo (delante, al lado o detr\u00e1s) y elija las opciones de bordado, como puntadas planas o en relieve y la combinaci\u00f3n de colores de hilo cuando est\u00e9 disponible. Se pueden solicitar muestras de preproducci\u00f3n. Las cantidades m\u00ednimas y el plazo de entrega var\u00edan: solicite presupuesto. Ideal para marcas, equipos, eventos y minoristas que necesiten una gorra de aspecto n\u00edtido y fiable con una decoraci\u00f3n repetible.<\/p>\n<ul data-start=\"895\" data-end=\"1059\">\n<li data-start=\"895\" data-end=\"922\">\n<p data-start=\"897\" data-end=\"922\">Corona de caravana de cinco paneles<\/p>\n<\/li>\n<li data-start=\"923\" data-end=\"961\">\n<p data-start=\"925\" data-end=\"961\">Opciones de colocaci\u00f3n del logotipo bordado<\/p>\n<\/li>\n<li data-start=\"962\" data-end=\"993\">\n<p data-start=\"964\" data-end=\"993\">Opci\u00f3n de visera plana o curva<\/p>\n<\/li>\n<li data-start=\"994\" data-end=\"1029\">\n<p data-start=\"996\" data-end=\"1029\">Opciones de cierre ajustable en la espalda<\/p>\n<\/li>\n<li data-start=\"1030\" data-end=\"1059\">\n<p data-start=\"1032\" data-end=\"1059\">Etiquetas de renovaci\u00f3n de marca a petici\u00f3n<\/p>\n<\/li>\n<\/ul>","protected":false},"excerpt":{"rendered":"<p data-start=\"1061\" data-end=\"1292\">Gorra de camper de 5 paneles fabricada por el proveedor con un logotipo bordado para la comercializaci\u00f3n de la marca. Especifique la ubicaci\u00f3n del logotipo y las opciones de acabado en la producci\u00f3n OEM. La cantidad m\u00ednima y el plazo de entrega var\u00edan seg\u00fan el modelo.<\/p>","protected":false},"featured_media":109,"template":"","meta":{"_gspb_post_css":""},"product_brand":[],"product_cat":[20,15],"product_tag":[],"class_list":{"0":"post-94","1":"product","2":"type-product","3":"status-publish","4":"has-post-thumbnail","6":"product_cat-5-panel-hats","7":"product_cat-hats-caps","9":"first","10":"instock","11":"shipping-taxable","12":"purchasable","13":"product-type-simple"},"_links":{"self":[{"href":"https:\/\/customhatsmanufacturer.com\/es\/wp-json\/wp\/v2\/product\/94","targetHints":{"allow":["GET"]}}],"collection":[{"href":"https:\/\/customhatsmanufacturer.com\/es\/wp-json\/wp\/v2\/product"}],"about":[{"href":"https:\/\/customhatsmanufacturer.com\/es\/wp-json\/wp\/v2\/types\/product"}],"wp:featuredmedia":[{"embeddable":true,"href":"https:\/\/customhatsmanufacturer.com\/es\/wp-json\/wp\/v2\/media\/109"}],"wp:attachment":[{"href":"https:\/\/customhatsmanufacturer.com\/es\/wp-json\/wp\/v2\/media?parent=94"}],"wp:term":[{"taxonomy":"product_brand","embeddable":true,"href":"https:\/\/customhatsmanufacturer.com\/es\/wp-json\/wp\/v2\/product_brand?post=94"},{"taxonomy":"product_cat","embeddable":true,"href":"https:\/\/customhatsmanufacturer.com\/es\/wp-json\/wp\/v2\/product_cat?post=94"},{"taxonomy":"product_tag","embeddable":true,"href":"https:\/\/customhatsmanufacturer.com\/es\/wp-json\/wp\/v2\/product_tag?post=94"}],"curies":[{"name":"wp","href":"https:\/\/api.w.org\/{rel}","templated":true}]}}