{"id":93,"date":"2026-02-27T08:45:24","date_gmt":"2026-02-27T08:45:24","guid":{"rendered":"https:\/\/customhatsmanufacturer.com\/?post_type=product&#038;p=93"},"modified":"2026-02-27T08:45:24","modified_gmt":"2026-02-27T08:45:24","slug":"lightweight-5-panel-hats-for-skate-brands-bulk","status":"publish","type":"product","link":"https:\/\/customhatsmanufacturer.com\/es\/producto\/lightweight-5-panel-hats-for-skate-brands-bulk\/","title":{"rendered":"Gorras ligeras de 5 paneles para marcas de skate (a granel)"},"content":{"rendered":"<p data-start=\"0\" data-end=\"374\">Las gorras ligeras de 5 paneles para marcas de skate (a granel) son gorras de perfil bajo construidas a partir de una corona de cinco paneles, creando un panel frontal limpio e ininterrumpido que funciona bien para destacar el material gr\u00e1fico de la marca. Dise\u00f1adas para ofrecer una sensaci\u00f3n de ligereza en la cabeza, son una opci\u00f3n pr\u00e1ctica para los d\u00edas c\u00e1lidos, las equipaciones de los equipos o el merchandising diario de las tiendas.<\/p>\n<p data-start=\"376\" data-end=\"779\">Para las tiradas al por mayor, podemos suministrarlas en blanco o desarrollar su versi\u00f3n de marca: las opciones incluyen bordados, etiquetas tejidas, parches con el logotipo o colocaciones de impresi\u00f3n en funci\u00f3n de su dise\u00f1o y presupuesto. Los colores, la forma de la visera y el estilo de cierre pueden especificarse bajo pedido, y la cantidad m\u00ednima de piezas y el plazo de entrega var\u00edan seg\u00fan el modelo. Los compradores m\u00e1s adecuados son las marcas de skate y streetwear, las tiendas de tablas, los equipos de eventos y los minoristas de merchandising.<\/p>\n<ul data-start=\"781\" data-end=\"941\">\n<li data-start=\"781\" data-end=\"814\">\n<p data-start=\"783\" data-end=\"814\">Construcci\u00f3n de corona de cinco paneles<\/p>\n<\/li>\n<li data-start=\"815\" data-end=\"848\">\n<p data-start=\"817\" data-end=\"848\">Ligero y de bajo perfil<\/p>\n<\/li>\n<li data-start=\"849\" data-end=\"874\">\n<p data-start=\"851\" data-end=\"874\">Amplia zona frontal para el logotipo<\/p>\n<\/li>\n<li data-start=\"875\" data-end=\"906\">\n<p data-start=\"877\" data-end=\"906\">Bordado, parche o impresi\u00f3n<\/p>\n<\/li>\n<li data-start=\"907\" data-end=\"941\">\n<p data-start=\"909\" data-end=\"941\">A granel para programas de venta al por menor<\/p>\n<\/li>\n<\/ul>","protected":false},"excerpt":{"rendered":"<p data-start=\"943\" data-end=\"1197\">Gorras ligeras de cinco paneles suministradas a granel para marcas de skate. Construidas alrededor de un panel frontal limpio para la marca, con bordados opcionales, parches con logotipos, etiquetas tejidas o colocaciones impresas para programas de marcas privadas y mayoristas.<\/p>","protected":false},"featured_media":102,"template":"","meta":{"_gspb_post_css":""},"product_brand":[],"product_cat":[20,15],"product_tag":[],"class_list":{"0":"post-93","1":"product","2":"type-product","3":"status-publish","4":"has-post-thumbnail","6":"product_cat-5-panel-hats","7":"product_cat-hats-caps","9":"first","10":"instock","11":"shipping-taxable","12":"purchasable","13":"product-type-simple"},"_links":{"self":[{"href":"https:\/\/customhatsmanufacturer.com\/es\/wp-json\/wp\/v2\/product\/93","targetHints":{"allow":["GET"]}}],"collection":[{"href":"https:\/\/customhatsmanufacturer.com\/es\/wp-json\/wp\/v2\/product"}],"about":[{"href":"https:\/\/customhatsmanufacturer.com\/es\/wp-json\/wp\/v2\/types\/product"}],"wp:featuredmedia":[{"embeddable":true,"href":"https:\/\/customhatsmanufacturer.com\/es\/wp-json\/wp\/v2\/media\/102"}],"wp:attachment":[{"href":"https:\/\/customhatsmanufacturer.com\/es\/wp-json\/wp\/v2\/media?parent=93"}],"wp:term":[{"taxonomy":"product_brand","embeddable":true,"href":"https:\/\/customhatsmanufacturer.com\/es\/wp-json\/wp\/v2\/product_brand?post=93"},{"taxonomy":"product_cat","embeddable":true,"href":"https:\/\/customhatsmanufacturer.com\/es\/wp-json\/wp\/v2\/product_cat?post=93"},{"taxonomy":"product_tag","embeddable":true,"href":"https:\/\/customhatsmanufacturer.com\/es\/wp-json\/wp\/v2\/product_tag?post=93"}],"curies":[{"name":"wp","href":"https:\/\/api.w.org\/{rel}","templated":true}]}}