{"id":92,"date":"2026-02-27T08:39:59","date_gmt":"2026-02-27T08:39:59","guid":{"rendered":"https:\/\/customhatsmanufacturer.com\/?post_type=product&#038;p=92"},"modified":"2026-02-27T08:39:59","modified_gmt":"2026-02-27T08:39:59","slug":"custom-5-panel-caps-with-woven-patch-wholesale","status":"publish","type":"product","link":"https:\/\/customhatsmanufacturer.com\/es\/producto\/custom-5-panel-caps-with-woven-patch-wholesale\/","title":{"rendered":"Gorras personalizadas de 5 paneles con parche tejido (al por mayor)"},"content":{"rendered":"<p data-start=\"0\" data-end=\"387\">Las gorras personalizadas de 5 paneles con parche tejido (al por mayor) se fabrican en torno a una corona de cinco piezas con un panel frontal limpio e ininterrumpido, ideal para una marca de parche centrada y un marcado ordenado. Se suministran para programas a granel en los que se necesita un tama\u00f1o uniforme, una decoraci\u00f3n repetible y un proceso fluido desde el muestreo hasta los pedidos de reposici\u00f3n.<\/p>\n<p data-start=\"389\" data-end=\"922\">El parche tejido se produce entretejiendo hilos para obtener l\u00edneas m\u00e1s n\u00edtidas y texto m\u00e1s peque\u00f1o que el cosido t\u00edpico, lo que da a su logotipo un acabado refinado, similar al de una etiqueta. Env\u00edenos su dise\u00f1o y alinearemos el tama\u00f1o del parche y el acabado de los bordes como opciones, para luego aplicarlo en el lugar que especifique (delante, al lado o detr\u00e1s). Solicite opciones como un borde plano o curvado y un cierre ajustable que se adapte a su canal. Las cantidades m\u00ednimas y el plazo de entrega var\u00edan: solicite presupuesto. Ideal para marcas, equipos, eventos y minoristas que crean tiradas de merchandising.<\/p>\n<ul data-start=\"924\" data-end=\"1087\">\n<li data-start=\"924\" data-end=\"957\">\n<p data-start=\"926\" data-end=\"957\">Construcci\u00f3n de corona de cinco paneles<\/p>\n<\/li>\n<li data-start=\"958\" data-end=\"989\">\n<p data-start=\"960\" data-end=\"989\">Parte delantera sin costuras para parches<\/p>\n<\/li>\n<li data-start=\"990\" data-end=\"1022\">\n<p data-start=\"992\" data-end=\"1022\">Aplicaci\u00f3n de logotipo de parche tejido<\/p>\n<\/li>\n<li data-start=\"1023\" data-end=\"1055\">\n<p data-start=\"1025\" data-end=\"1055\">Opciones de forma de ala disponibles<\/p>\n<\/li>\n<li data-start=\"1056\" data-end=\"1087\">\n<p data-start=\"1058\" data-end=\"1087\">Estilos de cierre a petici\u00f3n<\/p>\n<\/li>\n<\/ul>","protected":false},"excerpt":{"rendered":"<p data-start=\"1089\" data-end=\"1337\">Venta al por mayor de gorras de cinco paneles personalizadas con un parche tejido para una imagen de marca n\u00edtida y similar a la de una etiqueta. Especifique el dise\u00f1o y la ubicaci\u00f3n del parche, con opciones de ala y cierre disponibles bajo pedido. Las cantidades m\u00ednimas y el plazo de entrega var\u00edan.<\/p>","protected":false},"featured_media":101,"template":"","meta":{"_gspb_post_css":""},"product_brand":[],"product_cat":[20,15],"product_tag":[],"class_list":{"0":"post-92","1":"product","2":"type-product","3":"status-publish","4":"has-post-thumbnail","6":"product_cat-5-panel-hats","7":"product_cat-hats-caps","9":"first","10":"instock","11":"shipping-taxable","12":"purchasable","13":"product-type-simple"},"_links":{"self":[{"href":"https:\/\/customhatsmanufacturer.com\/es\/wp-json\/wp\/v2\/product\/92","targetHints":{"allow":["GET"]}}],"collection":[{"href":"https:\/\/customhatsmanufacturer.com\/es\/wp-json\/wp\/v2\/product"}],"about":[{"href":"https:\/\/customhatsmanufacturer.com\/es\/wp-json\/wp\/v2\/types\/product"}],"wp:featuredmedia":[{"embeddable":true,"href":"https:\/\/customhatsmanufacturer.com\/es\/wp-json\/wp\/v2\/media\/101"}],"wp:attachment":[{"href":"https:\/\/customhatsmanufacturer.com\/es\/wp-json\/wp\/v2\/media?parent=92"}],"wp:term":[{"taxonomy":"product_brand","embeddable":true,"href":"https:\/\/customhatsmanufacturer.com\/es\/wp-json\/wp\/v2\/product_brand?post=92"},{"taxonomy":"product_cat","embeddable":true,"href":"https:\/\/customhatsmanufacturer.com\/es\/wp-json\/wp\/v2\/product_cat?post=92"},{"taxonomy":"product_tag","embeddable":true,"href":"https:\/\/customhatsmanufacturer.com\/es\/wp-json\/wp\/v2\/product_tag?post=92"}],"curies":[{"name":"wp","href":"https:\/\/api.w.org\/{rel}","templated":true}]}}