{"id":65,"date":"2026-02-27T08:11:20","date_gmt":"2026-02-27T08:11:20","guid":{"rendered":"https:\/\/customhatsmanufacturer.com\/?post_type=product&#038;p=65"},"modified":"2026-02-27T08:11:20","modified_gmt":"2026-02-27T08:11:20","slug":"washed-dad-caps-for-lifestyle-brands-bulk","status":"publish","type":"product","link":"https:\/\/customhatsmanufacturer.com\/es\/producto\/washed-dad-caps-for-lifestyle-brands-bulk\/","title":{"rendered":"Gorras lavadas para marcas de estilo de vida (a granel)"},"content":{"rendered":"<p data-start=\"0\" data-end=\"322\">Las gorras de padre lavadas son gorras de b\u00e9isbol relajadas y de perfil bajo, dise\u00f1adas para que parezcan y se sientan ya usadas. La forma de \u201cgorra de padre\u201d suele significar una corona desestructurada, un ala suavemente curvada y un cierre trasero ajustable, ideal para las l\u00edneas discretas de las gorras de diario.<\/p>\n<p data-start=\"324\" data-end=\"829\">Dise\u00f1adas para pedidos de marcas de estilo de vida, estas gorras son id\u00f3neas para tiradas repetidas de productos, programas de venta al por menor o uniformes. La marca puede mantenerse al m\u00ednimo o hacerse m\u00e1s prominente: las opciones incluyen bordado frontal o aplicaci\u00f3n de parches, con solicitudes adicionales de etiquetas\/empaquetado disponibles bajo especificaci\u00f3n. Las cantidades m\u00e1ximas permitidas y el plazo de entrega var\u00edan: solicite un presupuesto en funci\u00f3n de las necesidades de color, lavado y decoraci\u00f3n. Los compradores m\u00e1s adecuados son las marcas de estilo de vida, los equipos de merchandising de eventos, los minoristas y los distribuidores de promociones.<\/p>\n<ul data-start=\"831\" data-end=\"989\">\n<li data-start=\"831\" data-end=\"866\">\n<p data-start=\"833\" data-end=\"866\">Corona desestructurada de perfil bajo<\/p>\n<\/li>\n<li data-start=\"867\" data-end=\"893\">\n<p data-start=\"869\" data-end=\"893\">Silueta de ala curvada<\/p>\n<\/li>\n<li data-start=\"894\" data-end=\"920\">\n<p data-start=\"896\" data-end=\"920\">Acabado lavado y desgastado<\/p>\n<\/li>\n<li data-start=\"921\" data-end=\"956\">\n<p data-start=\"923\" data-end=\"956\">Opciones de cierre ajustable en la espalda<\/p>\n<\/li>\n<li data-start=\"957\" data-end=\"989\">\n<p data-start=\"959\" data-end=\"989\">Bordado o parche de marca<\/p>\n<\/li>\n<\/ul>","protected":false},"excerpt":{"rendered":"<p data-start=\"991\" data-end=\"1246\">Gorras lavadas a granel con un ajuste relajado de perfil bajo y aspecto desgastado. Adecuadas para programas de marca de estilo de vida con opciones de bordado o parches, adem\u00e1s de etiquetado privado a petici\u00f3n. Las cantidades m\u00ednimas y el plazo de entrega var\u00edan.<\/p>","protected":false},"featured_media":87,"template":"","meta":{"_gspb_post_css":""},"product_brand":[],"product_cat":[19,15],"product_tag":[],"class_list":{"0":"post-65","1":"product","2":"type-product","3":"status-publish","4":"has-post-thumbnail","6":"product_cat-dad-hats","7":"product_cat-hats-caps","9":"first","10":"instock","11":"shipping-taxable","12":"purchasable","13":"product-type-simple"},"_links":{"self":[{"href":"https:\/\/customhatsmanufacturer.com\/es\/wp-json\/wp\/v2\/product\/65","targetHints":{"allow":["GET"]}}],"collection":[{"href":"https:\/\/customhatsmanufacturer.com\/es\/wp-json\/wp\/v2\/product"}],"about":[{"href":"https:\/\/customhatsmanufacturer.com\/es\/wp-json\/wp\/v2\/types\/product"}],"wp:featuredmedia":[{"embeddable":true,"href":"https:\/\/customhatsmanufacturer.com\/es\/wp-json\/wp\/v2\/media\/87"}],"wp:attachment":[{"href":"https:\/\/customhatsmanufacturer.com\/es\/wp-json\/wp\/v2\/media?parent=65"}],"wp:term":[{"taxonomy":"product_brand","embeddable":true,"href":"https:\/\/customhatsmanufacturer.com\/es\/wp-json\/wp\/v2\/product_brand?post=65"},{"taxonomy":"product_cat","embeddable":true,"href":"https:\/\/customhatsmanufacturer.com\/es\/wp-json\/wp\/v2\/product_cat?post=65"},{"taxonomy":"product_tag","embeddable":true,"href":"https:\/\/customhatsmanufacturer.com\/es\/wp-json\/wp\/v2\/product_tag?post=65"}],"curies":[{"name":"wp","href":"https:\/\/api.w.org\/{rel}","templated":true}]}}