{"id":64,"date":"2026-02-27T08:15:58","date_gmt":"2026-02-27T08:15:58","guid":{"rendered":"https:\/\/customhatsmanufacturer.com\/?post_type=product&#038;p=64"},"modified":"2026-02-27T08:15:58","modified_gmt":"2026-02-27T08:15:58","slug":"low-profile-dad-hats-with-metal-buckle-strap","status":"publish","type":"product","link":"https:\/\/customhatsmanufacturer.com\/es\/producto\/low-profile-dad-hats-with-metal-buckle-strap\/","title":{"rendered":"Sombreros de perfil bajo con hebilla met\u00e1lica"},"content":{"rendered":"<p data-start=\"0\" data-end=\"444\">Las gorras de perfil bajo con hebilla met\u00e1lica son gorras de b\u00e9isbol ajustables que se adaptan perfectamente a la cabeza. La parte trasera con hebilla y correa permite a los usuarios finales ajustar el tama\u00f1o, mientras que la corona baja mantiene el aspecto discreto para el uso diario y los uniformes. Util\u00edcelas como estilo b\u00e1sico en surtidos de gorras, kits de personal o promociones en las que sea importante una silueta limpia y cl\u00e1sica.<\/p>\n<p data-start=\"446\" data-end=\"869\">Para los programas B2B -incluidas las tiradas al por mayor y OEM- estas gorras son f\u00e1ciles de personalizar. Las opciones incluyen bordado frontal, parches tejidos o con aspecto de cuero y personalizaci\u00f3n de la etiqueta interior o colgante bajo petici\u00f3n. Las combinaciones de colores, el embalaje y el marcado de la caja pueden adaptarse a su sistema de SKU; las cantidades m\u00e1ximas permitidas y el plazo de entrega var\u00edan; solicite un presupuesto. Los compradores m\u00e1s adecuados son marcas de ropa, tiendas de equipos, organizadores de eventos y minoristas.<\/p>\n<ul data-start=\"871\" data-end=\"1051\">\n<li data-start=\"871\" data-end=\"903\">\n<p data-start=\"873\" data-end=\"903\">Silueta de corona de perfil bajo<\/p>\n<\/li>\n<li data-start=\"904\" data-end=\"941\">\n<p data-start=\"906\" data-end=\"941\">Correa ajustable con hebilla met\u00e1lica<\/p>\n<\/li>\n<li data-start=\"942\" data-end=\"971\">\n<p data-start=\"944\" data-end=\"971\">Gorra estilo pap\u00e1 de ala curvada<\/p>\n<\/li>\n<li data-start=\"972\" data-end=\"1012\">\n<p data-start=\"974\" data-end=\"1012\">Opciones de bordado o parche<\/p>\n<\/li>\n<li data-start=\"1013\" data-end=\"1051\">\n<p data-start=\"1015\" data-end=\"1051\">Etiquetado listo para la venta al por menor previa solicitud<\/p>\n<\/li>\n<\/ul>","protected":false},"excerpt":{"rendered":"<p data-start=\"1053\" data-end=\"1291\">Gorra ajustable de perfil bajo con cierre de hebilla met\u00e1lica. Dise\u00f1ada para programas a granel con bordados o parches opcionales y etiquetado privado bajo pedido. Las cantidades m\u00e1ximas y los plazos de entrega var\u00edan.<\/p>","protected":false},"featured_media":90,"template":"","meta":{"_gspb_post_css":""},"product_brand":[],"product_cat":[19,15],"product_tag":[],"class_list":{"0":"post-64","1":"product","2":"type-product","3":"status-publish","4":"has-post-thumbnail","6":"product_cat-dad-hats","7":"product_cat-hats-caps","9":"first","10":"instock","11":"shipping-taxable","12":"purchasable","13":"product-type-simple"},"_links":{"self":[{"href":"https:\/\/customhatsmanufacturer.com\/es\/wp-json\/wp\/v2\/product\/64","targetHints":{"allow":["GET"]}}],"collection":[{"href":"https:\/\/customhatsmanufacturer.com\/es\/wp-json\/wp\/v2\/product"}],"about":[{"href":"https:\/\/customhatsmanufacturer.com\/es\/wp-json\/wp\/v2\/types\/product"}],"wp:featuredmedia":[{"embeddable":true,"href":"https:\/\/customhatsmanufacturer.com\/es\/wp-json\/wp\/v2\/media\/90"}],"wp:attachment":[{"href":"https:\/\/customhatsmanufacturer.com\/es\/wp-json\/wp\/v2\/media?parent=64"}],"wp:term":[{"taxonomy":"product_brand","embeddable":true,"href":"https:\/\/customhatsmanufacturer.com\/es\/wp-json\/wp\/v2\/product_brand?post=64"},{"taxonomy":"product_cat","embeddable":true,"href":"https:\/\/customhatsmanufacturer.com\/es\/wp-json\/wp\/v2\/product_cat?post=64"},{"taxonomy":"product_tag","embeddable":true,"href":"https:\/\/customhatsmanufacturer.com\/es\/wp-json\/wp\/v2\/product_tag?post=64"}],"curies":[{"name":"wp","href":"https:\/\/api.w.org\/{rel}","templated":true}]}}