{"id":61,"date":"2026-02-27T08:07:43","date_gmt":"2026-02-27T08:07:43","guid":{"rendered":"https:\/\/customhatsmanufacturer.com\/?post_type=product&#038;p=61"},"modified":"2026-02-27T08:07:43","modified_gmt":"2026-02-27T08:07:43","slug":"unstructured-dad-hats-with-logo-embroidery-wholesale","status":"publish","type":"product","link":"https:\/\/customhatsmanufacturer.com\/es\/producto\/unstructured-dad-hats-with-logo-embroidery-wholesale\/","title":{"rendered":"Sombreros de pap\u00e1 sin estructura con logotipo bordado (al por mayor)"},"content":{"rendered":"<p data-start=\"0\" data-end=\"275\">Las gorras desestructuradas con logotipo bordado son una silueta de gorra cl\u00e1sica dise\u00f1ada para el uso diario y la presentaci\u00f3n coherente de la marca. La corona relajada mantiene el look informal, mientras que los logotipos cosidos a\u00f1aden un acabado limpio y texturizado que mantiene su forma con el uso.<\/p>\n<p data-start=\"277\" data-end=\"742\">Para pedidos B2B, podemos suministrarlos en blanco o acabados seg\u00fan sus especificaciones con bordados en la parte delantera, lateral o trasera (seg\u00fan lo solicite). Entre las opciones se incluyen la combinaci\u00f3n de colores de hilo, el dimensionamiento de las ilustraciones y complementos como etiquetas interiores, etiquetas colgantes o bolsas de polietileno cuando necesite una entrega de tipo OEM. Las cantidades m\u00ednimas y los plazos de entrega var\u00edan: solicite un presupuesto para conocer los precios actuales y los plazos de producci\u00f3n. Ideal para marcas, minoristas, equipos y organizadores de eventos que necesiten un volumen de gorras fiable.<\/p>\n<ul data-start=\"744\" data-end=\"906\">\n<li data-start=\"744\" data-end=\"774\">\n<p data-start=\"746\" data-end=\"774\">Corona relajada desestructurada<\/p>\n<\/li>\n<li data-start=\"775\" data-end=\"805\">\n<p data-start=\"777\" data-end=\"805\">Bordado del logotipo<\/p>\n<\/li>\n<li data-start=\"806\" data-end=\"844\">\n<p data-start=\"808\" data-end=\"844\">Opciones de colocaci\u00f3n: frontal\/lateral\/trasera<\/p>\n<\/li>\n<li data-start=\"845\" data-end=\"877\">\n<p data-start=\"847\" data-end=\"877\">Opciones de etiquetado y envasado<\/p>\n<\/li>\n<li data-start=\"878\" data-end=\"906\">\n<p data-start=\"880\" data-end=\"906\">Suministro a granel para programas<\/p>\n<\/li>\n<\/ul>","protected":false},"excerpt":{"rendered":"<p data-start=\"908\" data-end=\"1143\">Gorras desestructuradas con logotipo bordado para pedidos de gran volumen. Elija la ubicaci\u00f3n del bordado y los colores del hilo, con etiquetado opcional y complementos de embalaje para satisfacer las necesidades de los minoristas, equipos o eventos.<\/p>","protected":false},"featured_media":81,"template":"","meta":{"_gspb_post_css":""},"product_brand":[],"product_cat":[19,15],"product_tag":[],"class_list":{"0":"post-61","1":"product","2":"type-product","3":"status-publish","4":"has-post-thumbnail","6":"product_cat-dad-hats","7":"product_cat-hats-caps","9":"first","10":"instock","11":"shipping-taxable","12":"purchasable","13":"product-type-simple"},"_links":{"self":[{"href":"https:\/\/customhatsmanufacturer.com\/es\/wp-json\/wp\/v2\/product\/61","targetHints":{"allow":["GET"]}}],"collection":[{"href":"https:\/\/customhatsmanufacturer.com\/es\/wp-json\/wp\/v2\/product"}],"about":[{"href":"https:\/\/customhatsmanufacturer.com\/es\/wp-json\/wp\/v2\/types\/product"}],"wp:featuredmedia":[{"embeddable":true,"href":"https:\/\/customhatsmanufacturer.com\/es\/wp-json\/wp\/v2\/media\/81"}],"wp:attachment":[{"href":"https:\/\/customhatsmanufacturer.com\/es\/wp-json\/wp\/v2\/media?parent=61"}],"wp:term":[{"taxonomy":"product_brand","embeddable":true,"href":"https:\/\/customhatsmanufacturer.com\/es\/wp-json\/wp\/v2\/product_brand?post=61"},{"taxonomy":"product_cat","embeddable":true,"href":"https:\/\/customhatsmanufacturer.com\/es\/wp-json\/wp\/v2\/product_cat?post=61"},{"taxonomy":"product_tag","embeddable":true,"href":"https:\/\/customhatsmanufacturer.com\/es\/wp-json\/wp\/v2\/product_tag?post=61"}],"curies":[{"name":"wp","href":"https:\/\/api.w.org\/{rel}","templated":true}]}}