{"id":60,"date":"2026-02-27T08:07:54","date_gmt":"2026-02-27T08:07:54","guid":{"rendered":"https:\/\/customhatsmanufacturer.com\/?post_type=product&#038;p=60"},"modified":"2026-02-27T08:07:54","modified_gmt":"2026-02-27T08:07:54","slug":"fitted-baseball-caps-with-3d-embroidery-bulk","status":"publish","type":"product","link":"https:\/\/customhatsmanufacturer.com\/es\/producto\/fitted-baseball-caps-with-3d-embroidery-bulk\/","title":{"rendered":"Gorras de b\u00e9isbol con bordado 3D (a granel)"},"content":{"rendered":"<p data-start=\"0\" data-end=\"423\">Las gorras de b\u00e9isbol entalladas con bordado en 3D se fabrican con un aspecto limpio y cerrado en la parte posterior y un ajuste ce\u00f1ido, lo que las convierte en una opci\u00f3n s\u00f3lida cuando se necesita una prenda de cabeza uniforme en una carrera. El efecto de puntada en relieve -a menudo creado cosiendo sobre una capa de espuma- a\u00f1ade profundidad a los logotipos y las letras para que la marca se lea claramente desde lejos.<\/p>\n<p data-start=\"425\" data-end=\"823\">Estas gorras, listas para programas al por mayor, pueden fabricarse seg\u00fan sus especificaciones con opciones como combinaci\u00f3n de colores de hilo, bordado plano + 3D mixto o colocaci\u00f3n alternativa del logotipo a petici\u00f3n del cliente. Apoyamos el suministro al por mayor, el desarrollo OEM y la repetici\u00f3n de pedidos una vez aprobados el tama\u00f1o y el dise\u00f1o. Las cantidades m\u00ednimas y el plazo de entrega var\u00edan: solicite un presupuesto. Ideal para marcas, equipos deportivos, eventos comerciales y minoristas.<\/p>\n<ul data-start=\"825\" data-end=\"968\">\n<li data-start=\"825\" data-end=\"854\">\n<p data-start=\"827\" data-end=\"854\">Bordado 3D en relieve<\/p>\n<\/li>\n<li data-start=\"855\" data-end=\"884\">\n<p data-start=\"857\" data-end=\"884\">Tallaje ajustado cerrado<\/p>\n<\/li>\n<li data-start=\"885\" data-end=\"911\">\n<p data-start=\"887\" data-end=\"911\">Opciones de colocaci\u00f3n del logotipo<\/p>\n<\/li>\n<li data-start=\"912\" data-end=\"939\">\n<p data-start=\"914\" data-end=\"939\">Selecci\u00f3n del color del hilo<\/p>\n<\/li>\n<li data-start=\"940\" data-end=\"968\">\n<p data-start=\"942\" data-end=\"968\">Producci\u00f3n de grandes series<\/p>\n<\/li>\n<\/ul>","protected":false},"excerpt":{"rendered":"<p data-start=\"970\" data-end=\"1192\">Gorras ajustadas de espalda cerrada con bordado 3D en relieve para logotipos llamativos. Se ofrecen a granel con colores de hilo opcionales y opciones de colocaci\u00f3n del logotipo bajo pedido. Las cantidades m\u00ednimas y el plazo de entrega var\u00edan.<\/p>","protected":false},"featured_media":77,"template":"","meta":{"_gspb_post_css":""},"product_brand":[],"product_cat":[18,15],"product_tag":[],"class_list":{"0":"post-60","1":"product","2":"type-product","3":"status-publish","4":"has-post-thumbnail","6":"product_cat-baseball-hats","7":"product_cat-hats-caps","9":"first","10":"instock","11":"shipping-taxable","12":"purchasable","13":"product-type-simple"},"_links":{"self":[{"href":"https:\/\/customhatsmanufacturer.com\/es\/wp-json\/wp\/v2\/product\/60","targetHints":{"allow":["GET"]}}],"collection":[{"href":"https:\/\/customhatsmanufacturer.com\/es\/wp-json\/wp\/v2\/product"}],"about":[{"href":"https:\/\/customhatsmanufacturer.com\/es\/wp-json\/wp\/v2\/types\/product"}],"wp:featuredmedia":[{"embeddable":true,"href":"https:\/\/customhatsmanufacturer.com\/es\/wp-json\/wp\/v2\/media\/77"}],"wp:attachment":[{"href":"https:\/\/customhatsmanufacturer.com\/es\/wp-json\/wp\/v2\/media?parent=60"}],"wp:term":[{"taxonomy":"product_brand","embeddable":true,"href":"https:\/\/customhatsmanufacturer.com\/es\/wp-json\/wp\/v2\/product_brand?post=60"},{"taxonomy":"product_cat","embeddable":true,"href":"https:\/\/customhatsmanufacturer.com\/es\/wp-json\/wp\/v2\/product_cat?post=60"},{"taxonomy":"product_tag","embeddable":true,"href":"https:\/\/customhatsmanufacturer.com\/es\/wp-json\/wp\/v2\/product_tag?post=60"}],"curies":[{"name":"wp","href":"https:\/\/api.w.org\/{rel}","templated":true}]}}