{"id":59,"date":"2026-02-27T07:42:03","date_gmt":"2026-02-27T07:42:03","guid":{"rendered":"https:\/\/customhatsmanufacturer.com\/?post_type=product&#038;p=59"},"modified":"2026-02-27T07:42:04","modified_gmt":"2026-02-27T07:42:04","slug":"performance-baseball-hats-in-moisture-wick-fabric","status":"publish","type":"product","link":"https:\/\/customhatsmanufacturer.com\/es\/producto\/performance-baseball-hats-in-moisture-wick-fabric\/","title":{"rendered":"Gorras de b\u00e9isbol de alto rendimiento en tejido antihumedad"},"content":{"rendered":"<p data-start=\"0\" data-end=\"519\">Con la silueta cl\u00e1sica de una gorra de b\u00e9isbol, estas gorras de b\u00e9isbol de alto rendimiento est\u00e1n confeccionadas con un tejido que expulsa el sudor de la piel y lo distribuye por la superficie para que se seque r\u00e1pidamente. Esto las convierte en una buena elecci\u00f3n para los banquillos, los equipos de campo y las promociones al aire libre, donde el calor y el movimiento son constantes. \u00bfNecesita un look espec\u00edfico? Las opciones pueden incluir paneles frontales estructurados o relajados, alas curvadas o planas y varios estilos de cierre.<\/p>\n<p data-start=\"521\" data-end=\"899\">Para pedidos B2B, puede especificar la decoraci\u00f3n para que coincida con su programa -bordado, parches cosidos o impresiones de logotipos por transferencia t\u00e9rmica- junto con etiquetas privadas, etiquetas colgantes y marcado de cart\u00f3n si es necesario. La cantidad m\u00ednima de piezas y el plazo de entrega var\u00edan en funci\u00f3n del dise\u00f1o y la ilustraci\u00f3n, por lo que le recomendamos que solicite un presupuesto para conocer los plazos de producci\u00f3n actuales. La mejor opci\u00f3n para marcas, equipos, eventos y minoristas que necesitan un suministro repetible de gorras.<\/p>\n<ul data-start=\"900\" data-end=\"1095\">\n<li data-start=\"900\" data-end=\"936\">\n<p data-start=\"902\" data-end=\"936\">Tejido que absorbe la humedad<\/p>\n<\/li>\n<li data-start=\"937\" data-end=\"974\">\n<p data-start=\"939\" data-end=\"974\">Logotipos bordados, en parche o impresos<\/p>\n<\/li>\n<li data-start=\"975\" data-end=\"1003\">\n<p data-start=\"977\" data-end=\"1003\">Opciones de borde y perfil<\/p>\n<\/li>\n<li data-start=\"1004\" data-end=\"1041\">\n<p data-start=\"1006\" data-end=\"1041\">M\u00faltiples estilos de cierre disponibles<\/p>\n<\/li>\n<li data-start=\"1042\" data-end=\"1067\">\n<p data-start=\"1044\" data-end=\"1067\">Complementos de marca blanca<\/p>\n<\/li>\n<li data-start=\"1068\" data-end=\"1095\">\n<p data-start=\"1070\" data-end=\"1095\">Embalaje de cart\u00f3n a granel<\/p>\n<\/li>\n<\/ul>","protected":false},"excerpt":{"rendered":"<p data-start=\"1097\" data-end=\"1328\">Gorras de alto rendimiento que evacuan la humedad, dise\u00f1adas para programas de ropa activa. Especifique la decoraci\u00f3n (bordados, parches o impresiones por termotransferencia) y los detalles de embalaje para el suministro a granel. CMP y plazos de entrega basados en presupuesto.<\/p>","protected":false},"featured_media":72,"template":"","meta":{"_gspb_post_css":""},"product_brand":[],"product_cat":[18,15],"product_tag":[],"class_list":{"0":"post-59","1":"product","2":"type-product","3":"status-publish","4":"has-post-thumbnail","6":"product_cat-baseball-hats","7":"product_cat-hats-caps","9":"first","10":"instock","11":"shipping-taxable","12":"purchasable","13":"product-type-simple"},"_links":{"self":[{"href":"https:\/\/customhatsmanufacturer.com\/es\/wp-json\/wp\/v2\/product\/59","targetHints":{"allow":["GET"]}}],"collection":[{"href":"https:\/\/customhatsmanufacturer.com\/es\/wp-json\/wp\/v2\/product"}],"about":[{"href":"https:\/\/customhatsmanufacturer.com\/es\/wp-json\/wp\/v2\/types\/product"}],"wp:featuredmedia":[{"embeddable":true,"href":"https:\/\/customhatsmanufacturer.com\/es\/wp-json\/wp\/v2\/media\/72"}],"wp:attachment":[{"href":"https:\/\/customhatsmanufacturer.com\/es\/wp-json\/wp\/v2\/media?parent=59"}],"wp:term":[{"taxonomy":"product_brand","embeddable":true,"href":"https:\/\/customhatsmanufacturer.com\/es\/wp-json\/wp\/v2\/product_brand?post=59"},{"taxonomy":"product_cat","embeddable":true,"href":"https:\/\/customhatsmanufacturer.com\/es\/wp-json\/wp\/v2\/product_cat?post=59"},{"taxonomy":"product_tag","embeddable":true,"href":"https:\/\/customhatsmanufacturer.com\/es\/wp-json\/wp\/v2\/product_tag?post=59"}],"curies":[{"name":"wp","href":"https:\/\/api.w.org\/{rel}","templated":true}]}}