{"id":58,"date":"2026-02-27T07:37:19","date_gmt":"2026-02-27T07:37:19","guid":{"rendered":"https:\/\/customhatsmanufacturer.com\/?post_type=product&#038;p=58"},"modified":"2026-02-27T07:37:19","modified_gmt":"2026-02-27T07:37:19","slug":"custom-baseball-caps-with-curved-brim-wholesale","status":"publish","type":"product","link":"https:\/\/customhatsmanufacturer.com\/es\/producto\/custom-baseball-caps-with-curved-brim-wholesale\/","title":{"rendered":"Gorras de B\u00e9isbol Personalizadas con Borde Curvo (al por mayor)"},"content":{"rendered":"<p data-start=\"0\" data-end=\"455\">Las gorras de b\u00e9isbol personalizadas con visera curva (al por mayor) son gorras cl\u00e1sicas con visera para programas de marca y reventa. El ala curvada da una silueta familiar y ayuda a mantener el resplandor hacia abajo, mientras que la construcci\u00f3n de la tapa se puede especificar para que coincida con su l\u00ednea de dise\u00f1o del panel, la estructura, y los estilos de cierre est\u00e1n disponibles bajo petici\u00f3n. A\u00f1ada su marca con bordados, parches cosidos o ilustraciones impresas, seg\u00fan el aspecto y el presupuesto que desee.<\/p>\n<p data-start=\"457\" data-end=\"831\">Dise\u00f1adas para la compra al por mayor, estas gorras se adaptan f\u00e1cilmente a las entregas de temporada, los kits de uniformes y las tiradas promocionales. Si es necesario, se pueden a\u00f1adir detalles como etiquetas interiores, etiquetas colgantes o embalajes personalizados. La cantidad m\u00ednima y el plazo de entrega var\u00edan: solicite un presupuesto con su dise\u00f1o y plazo de entrega. La mejor opci\u00f3n para marcas, equipos, eventos y minoristas que crean surtidos de gorras uniformes.<\/p>\n<ul data-start=\"832\" data-end=\"1000\">\n<li data-start=\"832\" data-end=\"864\">\n<p data-start=\"834\" data-end=\"864\">Borde curvado, perfil cl\u00e1sico<\/p>\n<\/li>\n<li data-start=\"865\" data-end=\"901\">\n<p data-start=\"867\" data-end=\"901\">Opciones de bordado de logotipo o parche<\/p>\n<\/li>\n<li data-start=\"902\" data-end=\"942\">\n<p data-start=\"904\" data-end=\"942\">Impresi\u00f3n disponible previa solicitud<\/p>\n<\/li>\n<li data-start=\"943\" data-end=\"969\">\n<p data-start=\"945\" data-end=\"969\">Estilos de cierre seg\u00fan especificaciones<\/p>\n<\/li>\n<li data-start=\"970\" data-end=\"1000\">\n<p data-start=\"972\" data-end=\"1000\">Opciones de equipamiento de marca propia<\/p>\n<\/li>\n<\/ul>","protected":false},"excerpt":{"rendered":"<p data-start=\"1002\" data-end=\"1220\">Venta al por mayor de gorras de b\u00e9isbol de ala curva fabricadas seg\u00fan sus especificaciones. A\u00f1ada su logotipo mediante bordado, parches o impresi\u00f3n, y haga pedidos por volumen para marcas blancas, merchandising, uniformes o reventa al por menor.<\/p>","protected":false},"featured_media":69,"template":"","meta":{"_gspb_post_css":""},"product_brand":[],"product_cat":[18,15],"product_tag":[],"class_list":{"0":"post-58","1":"product","2":"type-product","3":"status-publish","4":"has-post-thumbnail","6":"product_cat-baseball-hats","7":"product_cat-hats-caps","9":"first","10":"instock","11":"shipping-taxable","12":"purchasable","13":"product-type-simple"},"_links":{"self":[{"href":"https:\/\/customhatsmanufacturer.com\/es\/wp-json\/wp\/v2\/product\/58","targetHints":{"allow":["GET"]}}],"collection":[{"href":"https:\/\/customhatsmanufacturer.com\/es\/wp-json\/wp\/v2\/product"}],"about":[{"href":"https:\/\/customhatsmanufacturer.com\/es\/wp-json\/wp\/v2\/types\/product"}],"wp:featuredmedia":[{"embeddable":true,"href":"https:\/\/customhatsmanufacturer.com\/es\/wp-json\/wp\/v2\/media\/69"}],"wp:attachment":[{"href":"https:\/\/customhatsmanufacturer.com\/es\/wp-json\/wp\/v2\/media?parent=58"}],"wp:term":[{"taxonomy":"product_brand","embeddable":true,"href":"https:\/\/customhatsmanufacturer.com\/es\/wp-json\/wp\/v2\/product_brand?post=58"},{"taxonomy":"product_cat","embeddable":true,"href":"https:\/\/customhatsmanufacturer.com\/es\/wp-json\/wp\/v2\/product_cat?post=58"},{"taxonomy":"product_tag","embeddable":true,"href":"https:\/\/customhatsmanufacturer.com\/es\/wp-json\/wp\/v2\/product_tag?post=58"}],"curies":[{"name":"wp","href":"https:\/\/api.w.org\/{rel}","templated":true}]}}