{"id":336,"date":"2026-02-28T07:09:44","date_gmt":"2026-02-28T07:09:44","guid":{"rendered":"https:\/\/customhatsmanufacturer.com\/?post_type=product&#038;p=336"},"modified":"2026-02-28T07:09:44","modified_gmt":"2026-02-28T07:09:44","slug":"compression-socks-with-custom-branding-supplier","status":"publish","type":"product","link":"https:\/\/customhatsmanufacturer.com\/es\/producto\/compression-socks-with-custom-branding-supplier\/","title":{"rendered":"Calcetines de compresi\u00f3n con marca personalizada (Proveedor)"},"content":{"rendered":"<p data-start=\"0\" data-end=\"383\">Los calcetines de compresi\u00f3n con marca personalizada le ofrecen una forma de poner su nombre en un producto b\u00e1sico de alto rendimiento sin complicar en exceso la fabricaci\u00f3n. Dise\u00f1ados en torno a un ajuste ce\u00f1ido y de apoyo, se fabrican normalmente en m\u00e1quinas circulares para conseguir una elasticidad uniforme y un acabado limpio; el tama\u00f1o, la longitud y la amortiguaci\u00f3n pueden especificarse para adaptarse a su mercado final.<\/p>\n<p data-start=\"385\" data-end=\"865\">Para la marca, puede elegir un logotipo jacquard de punto, la colocaci\u00f3n de un patr\u00f3n u otras opciones de marca, como etiquetas tejidas o elementos impresos, previa solicitud. Comparta el material gr\u00e1fico, las referencias de color y el uso previsto (deporte, viajes, ropa de trabajo), y la producci\u00f3n se adaptar\u00e1 a su programa, desde el muestreo hasta la repetici\u00f3n de pedidos. Las cantidades m\u00ednimas y el plazo de entrega var\u00edan: solicite presupuesto. Ideal para marcas, equipos, eventos y minoristas que necesitan pedidos fiables y repetibles.<\/p>\n<ul data-start=\"867\" data-end=\"1064\">\n<li data-start=\"867\" data-end=\"906\">\n<p data-start=\"869\" data-end=\"906\">Opciones de nivel de compresi\u00f3n disponibles<\/p>\n<\/li>\n<li data-start=\"907\" data-end=\"936\">\n<p data-start=\"909\" data-end=\"936\">Marca en jacquard de punto<\/p>\n<\/li>\n<li data-start=\"937\" data-end=\"963\">\n<p data-start=\"939\" data-end=\"963\">Tama\u00f1os y longitudes<\/p>\n<\/li>\n<li data-start=\"964\" data-end=\"997\">\n<p data-start=\"966\" data-end=\"997\">Zonas de amortiguaci\u00f3n especificadas<\/p>\n<\/li>\n<li data-start=\"998\" data-end=\"1029\">\n<p data-start=\"1000\" data-end=\"1029\">Programas de hilos de colores a juego<\/p>\n<\/li>\n<li data-start=\"1030\" data-end=\"1064\">\n<p data-start=\"1032\" data-end=\"1064\">Opciones de embalaje a petici\u00f3n<\/p>\n<\/li>\n<\/ul>","protected":false},"excerpt":{"rendered":"<p data-start=\"1066\" data-end=\"1332\">Calcetines de compresi\u00f3n dise\u00f1ados para personalizar la marca. Especifique la ubicaci\u00f3n del logotipo y elija entre las opciones de jacquard de punto o identificaci\u00f3n impresa. Dise\u00f1ados para compras al por mayor y programas de marca blanca; la cantidad m\u00ednima y el plazo de entrega var\u00edan seg\u00fan el dise\u00f1o.<\/p>","protected":false},"featured_media":347,"template":"","meta":{"_gspb_post_css":""},"product_brand":[],"product_cat":[38,36],"product_tag":[],"class_list":{"0":"post-336","1":"product","2":"type-product","3":"status-publish","4":"has-post-thumbnail","6":"product_cat-socks","7":"product_cat-accessories","9":"first","10":"instock","11":"shipping-taxable","12":"purchasable","13":"product-type-simple"},"_links":{"self":[{"href":"https:\/\/customhatsmanufacturer.com\/es\/wp-json\/wp\/v2\/product\/336","targetHints":{"allow":["GET"]}}],"collection":[{"href":"https:\/\/customhatsmanufacturer.com\/es\/wp-json\/wp\/v2\/product"}],"about":[{"href":"https:\/\/customhatsmanufacturer.com\/es\/wp-json\/wp\/v2\/types\/product"}],"wp:featuredmedia":[{"embeddable":true,"href":"https:\/\/customhatsmanufacturer.com\/es\/wp-json\/wp\/v2\/media\/347"}],"wp:attachment":[{"href":"https:\/\/customhatsmanufacturer.com\/es\/wp-json\/wp\/v2\/media?parent=336"}],"wp:term":[{"taxonomy":"product_brand","embeddable":true,"href":"https:\/\/customhatsmanufacturer.com\/es\/wp-json\/wp\/v2\/product_brand?post=336"},{"taxonomy":"product_cat","embeddable":true,"href":"https:\/\/customhatsmanufacturer.com\/es\/wp-json\/wp\/v2\/product_cat?post=336"},{"taxonomy":"product_tag","embeddable":true,"href":"https:\/\/customhatsmanufacturer.com\/es\/wp-json\/wp\/v2\/product_tag?post=336"}],"curies":[{"name":"wp","href":"https:\/\/api.w.org\/{rel}","templated":true}]}}