{"id":33,"date":"2026-02-27T07:19:02","date_gmt":"2026-02-27T07:19:02","guid":{"rendered":"https:\/\/customhatsmanufacturer.com\/?post_type=product&#038;p=33"},"modified":"2026-02-27T07:19:02","modified_gmt":"2026-02-27T07:19:02","slug":"classic-mesh-trucker-hats-with-logo-patch-oem","status":"publish","type":"product","link":"https:\/\/customhatsmanufacturer.com\/es\/producto\/classic-mesh-trucker-hats-with-logo-patch-oem\/","title":{"rendered":"Gorras Trucker cl\u00e1sicas de malla con parche del logotipo (OEM)"},"content":{"rendered":"<p data-start=\"0\" data-end=\"298\">Las cl\u00e1sicas gorras de camionero de malla con un parche con el logotipo son un estilo de gorra b\u00e1sico dise\u00f1ado para un uso diario transpirable. La parte trasera de malla ayuda a mantener el flujo de aire en movimiento, mientras que el panel frontal ofrece un lugar limpio y de alta visibilidad para tu logotipo.<\/p>\n<p data-start=\"300\" data-end=\"712\">Dise\u00f1adas para el suministro B2B, estas gorras pueden fabricarse seg\u00fan sus especificaciones OEM: los colores, el tama\u00f1o y la colocaci\u00f3n de los parches se ajustan a sus necesidades, y pueden solicitarse parches de distintos estilos (tejido, bordado, imitaci\u00f3n de cuero, PVC). Tambi\u00e9n se pueden seleccionar los perfiles de cierre y borde para adaptarlos a su mercado. Las cantidades m\u00ednimas y el plazo de entrega var\u00edan: solicite presupuesto. Ideal para marcas, equipos, organizadores de eventos y minoristas.<\/p>\n<ul data-start=\"713\" data-end=\"864\">\n<li data-start=\"713\" data-end=\"744\">\n<p data-start=\"715\" data-end=\"744\">Paneles traseros de malla transpirable<\/p>\n<\/li>\n<li data-start=\"745\" data-end=\"773\">\n<p data-start=\"747\" data-end=\"773\">\u00c1rea de parche con logotipo<\/p>\n<\/li>\n<li data-start=\"774\" data-end=\"807\">\n<p data-start=\"776\" data-end=\"807\">Opciones de estilo de parche disponibles<\/p>\n<\/li>\n<li data-start=\"808\" data-end=\"838\">\n<p data-start=\"810\" data-end=\"838\">Opciones de cierre ajustables<\/p>\n<\/li>\n<li data-start=\"839\" data-end=\"864\">\n<p data-start=\"841\" data-end=\"864\">Combinaci\u00f3n de colores OEM<\/p>\n<\/li>\n<\/ul>","protected":false},"excerpt":{"rendered":"<p data-start=\"866\" data-end=\"1097\">Las cl\u00e1sicas gorras de malla para camioneros est\u00e1n acabadas con una zona de parche con logotipo para marcar la marca. Dise\u00f1adas para el suministro de OEM y programas a granel con estilo de parche, colocaci\u00f3n y colores configurables. CMP y plazos basados en presupuestos.<\/p>","protected":false},"featured_media":56,"template":"","meta":{"_gspb_post_css":""},"product_brand":[],"product_cat":[17,15],"product_tag":[],"class_list":{"0":"post-33","1":"product","2":"type-product","3":"status-publish","4":"has-post-thumbnail","6":"product_cat-trucker-hats","7":"product_cat-hats-caps","9":"first","10":"instock","11":"shipping-taxable","12":"purchasable","13":"product-type-simple"},"_links":{"self":[{"href":"https:\/\/customhatsmanufacturer.com\/es\/wp-json\/wp\/v2\/product\/33","targetHints":{"allow":["GET"]}}],"collection":[{"href":"https:\/\/customhatsmanufacturer.com\/es\/wp-json\/wp\/v2\/product"}],"about":[{"href":"https:\/\/customhatsmanufacturer.com\/es\/wp-json\/wp\/v2\/types\/product"}],"wp:featuredmedia":[{"embeddable":true,"href":"https:\/\/customhatsmanufacturer.com\/es\/wp-json\/wp\/v2\/media\/56"}],"wp:attachment":[{"href":"https:\/\/customhatsmanufacturer.com\/es\/wp-json\/wp\/v2\/media?parent=33"}],"wp:term":[{"taxonomy":"product_brand","embeddable":true,"href":"https:\/\/customhatsmanufacturer.com\/es\/wp-json\/wp\/v2\/product_brand?post=33"},{"taxonomy":"product_cat","embeddable":true,"href":"https:\/\/customhatsmanufacturer.com\/es\/wp-json\/wp\/v2\/product_cat?post=33"},{"taxonomy":"product_tag","embeddable":true,"href":"https:\/\/customhatsmanufacturer.com\/es\/wp-json\/wp\/v2\/product_tag?post=33"}],"curies":[{"name":"wp","href":"https:\/\/api.w.org\/{rel}","templated":true}]}}