{"id":31,"date":"2026-02-27T07:12:00","date_gmt":"2026-02-27T07:12:00","guid":{"rendered":"https:\/\/customhatsmanufacturer.com\/?post_type=product&#038;p=31"},"modified":"2026-02-27T07:12:00","modified_gmt":"2026-02-27T07:12:00","slug":"custom-trucker-hats-with-mesh-back-wholesale","status":"publish","type":"product","link":"https:\/\/customhatsmanufacturer.com\/es\/producto\/custom-trucker-hats-with-mesh-back-wholesale\/","title":{"rendered":"Sombreros de Trucker de encargo con la parte posterior de la malla (al por mayor)"},"content":{"rendered":"<p data-start=\"0\" data-end=\"476\">Estas gorras de camionero personalizadas, dise\u00f1adas para llevar en climas c\u00e1lidos y con una marca de alta visibilidad, presentan una parte trasera de malla ventilada y un panel frontal limpio dise\u00f1ado para su dise\u00f1o. La malla favorece la circulaci\u00f3n del aire en el lugar de trabajo, en el stand o en la carretera, mientras que el aspecto estructurado se mantiene listo para la venta al por menor. Elija el perfil y el tacto del ala que mejor se adapte a su l\u00ednea: las opciones pueden incluir viseras curvas o planas y diferentes disposiciones de los paneles, en funci\u00f3n del estilo que elija.<\/p>\n<p data-start=\"478\" data-end=\"951\">Para los programas de venta al por mayor, admitimos la decoraci\u00f3n con marca, desde la simple colocaci\u00f3n del logotipo hasta las marcas multicolor. Las opciones incluyen bordados, parches cosidos o aplicaciones impresas, con combinaci\u00f3n de colores disponible previa solicitud. Las cantidades de pedido, el embalaje y los plazos de producci\u00f3n var\u00edan en funci\u00f3n del dise\u00f1o y la decoraci\u00f3n. Solicite un presupuesto con el archivo de su logotipo para una revisi\u00f3n m\u00e1s r\u00e1pida de las especificaciones. La mejor opci\u00f3n para marcas comerciales, equipos deportivos, organizadores de eventos y minoristas que necesitan un reabastecimiento constante.<\/p>\n<ul data-start=\"953\" data-end=\"1148\">\n<li data-start=\"953\" data-end=\"984\">\n<p data-start=\"955\" data-end=\"984\">Paneles traseros de malla transpirable<\/p>\n<\/li>\n<li data-start=\"985\" data-end=\"1009\">\n<p data-start=\"987\" data-end=\"1009\">Panel frontal para logotipo<\/p>\n<\/li>\n<li data-start=\"1010\" data-end=\"1041\">\n<p data-start=\"1012\" data-end=\"1041\">Bordado, parche o impresi\u00f3n<\/p>\n<\/li>\n<li data-start=\"1042\" data-end=\"1082\">\n<p data-start=\"1044\" data-end=\"1082\">Posibilidad de cierre ajustable<\/p>\n<\/li>\n<li data-start=\"1083\" data-end=\"1115\">\n<p data-start=\"1085\" data-end=\"1115\">Opciones de visera curva o plana<\/p>\n<\/li>\n<li data-start=\"1116\" data-end=\"1148\">\n<p data-start=\"1118\" data-end=\"1148\">Opciones de envasado listas para la venta<\/p>\n<\/li>\n<\/ul>","protected":false},"excerpt":{"rendered":"<p data-start=\"1150\" data-end=\"1390\">Venta al por mayor de gorras de malla con panel frontal personalizado. A\u00f1ade bordados, parches o impresiones para adaptarlas a las necesidades de tu marca, equipo o evento. Los detalles de estilo y los vol\u00famenes de pedido se construyen seg\u00fan las especificaciones disponibles.<\/p>","protected":false},"featured_media":48,"template":"","meta":{"_gspb_post_css":""},"product_brand":[],"product_cat":[17,15],"product_tag":[],"class_list":{"0":"post-31","1":"product","2":"type-product","3":"status-publish","4":"has-post-thumbnail","6":"product_cat-trucker-hats","7":"product_cat-hats-caps","9":"first","10":"instock","11":"shipping-taxable","12":"purchasable","13":"product-type-simple"},"_links":{"self":[{"href":"https:\/\/customhatsmanufacturer.com\/es\/wp-json\/wp\/v2\/product\/31","targetHints":{"allow":["GET"]}}],"collection":[{"href":"https:\/\/customhatsmanufacturer.com\/es\/wp-json\/wp\/v2\/product"}],"about":[{"href":"https:\/\/customhatsmanufacturer.com\/es\/wp-json\/wp\/v2\/types\/product"}],"wp:featuredmedia":[{"embeddable":true,"href":"https:\/\/customhatsmanufacturer.com\/es\/wp-json\/wp\/v2\/media\/48"}],"wp:attachment":[{"href":"https:\/\/customhatsmanufacturer.com\/es\/wp-json\/wp\/v2\/media?parent=31"}],"wp:term":[{"taxonomy":"product_brand","embeddable":true,"href":"https:\/\/customhatsmanufacturer.com\/es\/wp-json\/wp\/v2\/product_brand?post=31"},{"taxonomy":"product_cat","embeddable":true,"href":"https:\/\/customhatsmanufacturer.com\/es\/wp-json\/wp\/v2\/product_cat?post=31"},{"taxonomy":"product_tag","embeddable":true,"href":"https:\/\/customhatsmanufacturer.com\/es\/wp-json\/wp\/v2\/product_tag?post=31"}],"curies":[{"name":"wp","href":"https:\/\/api.w.org\/{rel}","templated":true}]}}