{"id":309,"date":"2026-02-28T06:50:14","date_gmt":"2026-02-28T06:50:14","guid":{"rendered":"https:\/\/customhatsmanufacturer.com\/?post_type=product&#038;p=309"},"modified":"2026-02-28T06:50:14","modified_gmt":"2026-02-28T06:50:14","slug":"winter-scarves-with-custom-label-oem-supplier","status":"publish","type":"product","link":"https:\/\/customhatsmanufacturer.com\/es\/producto\/winter-scarves-with-custom-label-oem-supplier\/","title":{"rendered":"Bufandas de invierno con etiqueta personalizada (Proveedor OEM)"},"content":{"rendered":"<p data-start=\"0\" data-end=\"455\">Las bufandas de invierno con etiqueta personalizada son accesorios para el cuello propios de la estaci\u00f3n fr\u00eda. El cuerpo de la bufanda puede fabricarse en punto o tejido, en funci\u00f3n del aspecto que quiera vender, con opciones de acabado como bordes limpios o flecos disponibles bajo pedido. La identidad de su marca se a\u00f1ade mediante una etiqueta cosida, con opciones que incluyen etiquetas tejidas, etiquetas de tela impresas y etiquetas de cuidado para adaptarse a sus normas de embalaje.<\/p>\n<p data-start=\"457\" data-end=\"813\">Como proveedor OEM, ofrecemos producci\u00f3n repetible para pedidos repetidos, entregas de temporada y programas de uniformes. Env\u00edenos su logotipo y cualquier tama\u00f1o o color que desee y le confirmaremos la colocaci\u00f3n de las etiquetas, los conjuntos de etiquetas y el embalaje para que los productos lleguen listos para su flujo de distribuci\u00f3n. Las cantidades m\u00ednimas y el plazo de entrega var\u00edan: solicite un presupuesto. La mejor opci\u00f3n para marcas, equipos, eventos y minoristas.<\/p>\n<ul data-start=\"815\" data-end=\"971\">\n<li data-start=\"815\" data-end=\"853\">\n<p data-start=\"817\" data-end=\"853\">Opciones de construcci\u00f3n de punto o tejido<\/p>\n<\/li>\n<li data-start=\"854\" data-end=\"878\">\n<p data-start=\"856\" data-end=\"878\">Etiqueta personalizada cosida<\/p>\n<\/li>\n<li data-start=\"879\" data-end=\"904\">\n<p data-start=\"881\" data-end=\"904\">Etiquetas tejidas o impresas<\/p>\n<\/li>\n<li data-start=\"905\" data-end=\"938\">\n<p data-start=\"907\" data-end=\"938\">Acabados con flecos o bordes limpios<\/p>\n<\/li>\n<li data-start=\"939\" data-end=\"971\">\n<p data-start=\"941\" data-end=\"971\">Opciones de envasado listas para la venta<\/p>\n<\/li>\n<\/ul>","protected":false},"excerpt":{"rendered":"<p data-start=\"973\" data-end=\"1221\">Bufandas para la temporada de fr\u00edo con su propia marca cosida. Elija el estilo y la ubicaci\u00f3n de la etiqueta para que coincida con su l\u00ednea y p\u00eddala en cantidades de producci\u00f3n para venta al por menor, uniformes o regalos de empresa. Presupuesto basado en sus especificaciones.<\/p>","protected":false},"featured_media":330,"template":"","meta":{"_gspb_post_css":""},"product_brand":[],"product_cat":[37,36],"product_tag":[],"class_list":{"0":"post-309","1":"product","2":"type-product","3":"status-publish","4":"has-post-thumbnail","6":"product_cat-scarves","7":"product_cat-accessories","9":"first","10":"instock","11":"shipping-taxable","12":"purchasable","13":"product-type-simple"},"_links":{"self":[{"href":"https:\/\/customhatsmanufacturer.com\/es\/wp-json\/wp\/v2\/product\/309","targetHints":{"allow":["GET"]}}],"collection":[{"href":"https:\/\/customhatsmanufacturer.com\/es\/wp-json\/wp\/v2\/product"}],"about":[{"href":"https:\/\/customhatsmanufacturer.com\/es\/wp-json\/wp\/v2\/types\/product"}],"wp:featuredmedia":[{"embeddable":true,"href":"https:\/\/customhatsmanufacturer.com\/es\/wp-json\/wp\/v2\/media\/330"}],"wp:attachment":[{"href":"https:\/\/customhatsmanufacturer.com\/es\/wp-json\/wp\/v2\/media?parent=309"}],"wp:term":[{"taxonomy":"product_brand","embeddable":true,"href":"https:\/\/customhatsmanufacturer.com\/es\/wp-json\/wp\/v2\/product_brand?post=309"},{"taxonomy":"product_cat","embeddable":true,"href":"https:\/\/customhatsmanufacturer.com\/es\/wp-json\/wp\/v2\/product_cat?post=309"},{"taxonomy":"product_tag","embeddable":true,"href":"https:\/\/customhatsmanufacturer.com\/es\/wp-json\/wp\/v2\/product_tag?post=309"}],"curies":[{"name":"wp","href":"https:\/\/api.w.org\/{rel}","templated":true}]}}