{"id":308,"date":"2026-02-28T06:46:11","date_gmt":"2026-02-28T06:46:11","guid":{"rendered":"https:\/\/customhatsmanufacturer.com\/?post_type=product&#038;p=308"},"modified":"2026-02-28T06:46:11","modified_gmt":"2026-02-28T06:46:11","slug":"printed-polyester-scarves-for-promotions-bulk","status":"publish","type":"product","link":"https:\/\/customhatsmanufacturer.com\/es\/producto\/printed-polyester-scarves-for-promotions-bulk\/","title":{"rendered":"Bufandas de poli\u00e9ster impresas para promociones (a granel)"},"content":{"rendered":"<p data-start=\"0\" data-end=\"363\">Los pa\u00f1uelos de poli\u00e9ster impresos para programas promocionales le ofrecen una superficie de uso para logotipos, esl\u00f3ganes o material gr\u00e1fico de campa\u00f1a. Est\u00e1n hechos de poli\u00e9ster, una opci\u00f3n pr\u00e1ctica para su uso repetido y f\u00e1cil cuidado, y el dise\u00f1o impreso puede ser m\u00ednimo o a todo color, seg\u00fan el archivo.<\/p>\n<p data-start=\"365\" data-end=\"856\">Para hacer un pedido de distribuci\u00f3n B2B, comparta su dise\u00f1o y el uso previsto (folletos para eventos, uniformes para el personal, complementos para tiendas), y adaptaremos la ruta de producci\u00f3n y el embalaje. Las opciones de impresi\u00f3n pueden incluir la sublimaci\u00f3n de tinta, utilizada habitualmente para decorar tejidos de poli\u00e9ster, u otros procesos de impresi\u00f3n aprobados previa solicitud. Las cantidades m\u00ednimas y el plazo de entrega var\u00edan: solicite presupuesto. Ideal para marcas, equipos, organizadores de eventos y minoristas que crean surtidos promocionales.<\/p>\n<ul data-start=\"857\" data-end=\"1036\">\n<li data-start=\"857\" data-end=\"890\">\n<p data-start=\"859\" data-end=\"890\">Base de poli\u00e9ster para uso diario<\/p>\n<\/li>\n<li data-start=\"891\" data-end=\"925\">\n<p data-start=\"893\" data-end=\"925\">Superficie lista para imprimir a todo color<\/p>\n<\/li>\n<li data-start=\"926\" data-end=\"963\">\n<p data-start=\"928\" data-end=\"963\">Opciones de tama\u00f1o disponibles previa solicitud<\/p>\n<\/li>\n<li data-start=\"964\" data-end=\"1003\">\n<p data-start=\"966\" data-end=\"1003\">Etiquetas de marca y opciones de envasado<\/p>\n<\/li>\n<li data-start=\"1004\" data-end=\"1036\">\n<p data-start=\"1006\" data-end=\"1036\">Creado para la distribuci\u00f3n de promociones<\/p>\n<\/li>\n<\/ul>","protected":false},"excerpt":{"rendered":"<p data-start=\"1038\" data-end=\"1281\">Pa\u00f1uelos promocionales de poli\u00e9ster con marca impresa, suministrados para pedidos por volumen. Comparta su dise\u00f1o para adaptarlo a su campa\u00f1a, con opciones de m\u00e9todo de impresi\u00f3n y acabado disponibles. Las cantidades m\u00e1ximas y el plazo de entrega var\u00edan.<\/p>","protected":false},"featured_media":329,"template":"","meta":{"_gspb_post_css":""},"product_brand":[],"product_cat":[37,36],"product_tag":[],"class_list":{"0":"post-308","1":"product","2":"type-product","3":"status-publish","4":"has-post-thumbnail","6":"product_cat-scarves","7":"product_cat-accessories","9":"first","10":"instock","11":"shipping-taxable","12":"purchasable","13":"product-type-simple"},"_links":{"self":[{"href":"https:\/\/customhatsmanufacturer.com\/es\/wp-json\/wp\/v2\/product\/308","targetHints":{"allow":["GET"]}}],"collection":[{"href":"https:\/\/customhatsmanufacturer.com\/es\/wp-json\/wp\/v2\/product"}],"about":[{"href":"https:\/\/customhatsmanufacturer.com\/es\/wp-json\/wp\/v2\/types\/product"}],"wp:featuredmedia":[{"embeddable":true,"href":"https:\/\/customhatsmanufacturer.com\/es\/wp-json\/wp\/v2\/media\/329"}],"wp:attachment":[{"href":"https:\/\/customhatsmanufacturer.com\/es\/wp-json\/wp\/v2\/media?parent=308"}],"wp:term":[{"taxonomy":"product_brand","embeddable":true,"href":"https:\/\/customhatsmanufacturer.com\/es\/wp-json\/wp\/v2\/product_brand?post=308"},{"taxonomy":"product_cat","embeddable":true,"href":"https:\/\/customhatsmanufacturer.com\/es\/wp-json\/wp\/v2\/product_cat?post=308"},{"taxonomy":"product_tag","embeddable":true,"href":"https:\/\/customhatsmanufacturer.com\/es\/wp-json\/wp\/v2\/product_tag?post=308"}],"curies":[{"name":"wp","href":"https:\/\/api.w.org\/{rel}","templated":true}]}}