{"id":307,"date":"2026-02-28T06:40:14","date_gmt":"2026-02-28T06:40:14","guid":{"rendered":"https:\/\/customhatsmanufacturer.com\/?post_type=product&#038;p=307"},"modified":"2026-02-28T06:40:15","modified_gmt":"2026-02-28T06:40:15","slug":"custom-knit-scarves-with-woven-logo-wholesale","status":"publish","type":"product","link":"https:\/\/customhatsmanufacturer.com\/es\/producto\/custom-knit-scarves-with-woven-logo-wholesale\/","title":{"rendered":"Bufandas de punto personalizadas con logotipo tejido (al por mayor)"},"content":{"rendered":"<p data-start=\"0\" data-end=\"510\">Las bufandas de punto personalizadas con un logotipo tejido dan a su l\u00ednea un aspecto de firma que parece incorporado, no pegado a posteriori. La marca se crea a trav\u00e9s de un patr\u00f3n de punto entretejido, de modo que la marca se convierte en parte de la estructura del tejido y no en una decoraci\u00f3n a\u00f1adida a la superficie. Util\u00edcelos como pa\u00f1uelos para abanicos, accesorios para tiendas o complementos para uniformes; los dise\u00f1os pueden variar desde un texto limpio hasta motivos m\u00e1s gr\u00e1ficos, en funci\u00f3n de la complejidad de la ilustraci\u00f3n.<\/p>\n<p data-start=\"512\" data-end=\"904\">Para las compras al por mayor, facilitamos las especificaciones, las muestras y los pedidos: comparta su logotipo, confirme la colocaci\u00f3n y los colores, y apruebe las instrucciones de producci\u00f3n. Las opciones incluyen tratamientos de tama\u00f1o y flecos, adem\u00e1s de variaciones de estampado para adaptarse a una colecci\u00f3n o campa\u00f1a. Las cantidades m\u00ednimas y el plazo de entrega var\u00edan: solicite un presupuesto para conocer los precios y plazos actuales. Ideal para marcas, equipos, eventos y minoristas.<\/p>\n<ul data-start=\"906\" data-end=\"1087\">\n<li data-start=\"906\" data-end=\"939\">\n<p data-start=\"908\" data-end=\"939\">Logotipo tejido integrado en punto<\/p>\n<\/li>\n<li data-start=\"940\" data-end=\"978\">\n<p data-start=\"942\" data-end=\"978\">Colores y dise\u00f1os personalizados<\/p>\n<\/li>\n<li data-start=\"979\" data-end=\"1016\">\n<p data-start=\"981\" data-end=\"1016\">Opciones de tama\u00f1o disponibles previa solicitud<\/p>\n<\/li>\n<li data-start=\"1017\" data-end=\"1049\">\n<p data-start=\"1019\" data-end=\"1049\">Acabados con flecos o extremos limpios<\/p>\n<\/li>\n<li data-start=\"1050\" data-end=\"1087\">\n<p data-start=\"1052\" data-end=\"1087\">Opciones de embalaje y etiquetado a granel<\/p>\n<\/li>\n<\/ul>","protected":false},"excerpt":{"rendered":"<p data-start=\"1089\" data-end=\"1334\">Venta al por mayor de bufandas de punto personalizadas con un logotipo tejido en el dise\u00f1o. Configure los colores, la colocaci\u00f3n y las opciones de acabado para adaptarlos a su programa. Plazos de entrega y cantidades m\u00ednimas para suministros al por mayor y tiradas repetidas.<\/p>","protected":false},"featured_media":323,"template":"","meta":{"_gspb_post_css":""},"product_brand":[],"product_cat":[37,36],"product_tag":[],"class_list":{"0":"post-307","1":"product","2":"type-product","3":"status-publish","4":"has-post-thumbnail","6":"product_cat-scarves","7":"product_cat-accessories","9":"first","10":"instock","11":"shipping-taxable","12":"purchasable","13":"product-type-simple"},"_links":{"self":[{"href":"https:\/\/customhatsmanufacturer.com\/es\/wp-json\/wp\/v2\/product\/307","targetHints":{"allow":["GET"]}}],"collection":[{"href":"https:\/\/customhatsmanufacturer.com\/es\/wp-json\/wp\/v2\/product"}],"about":[{"href":"https:\/\/customhatsmanufacturer.com\/es\/wp-json\/wp\/v2\/types\/product"}],"wp:featuredmedia":[{"embeddable":true,"href":"https:\/\/customhatsmanufacturer.com\/es\/wp-json\/wp\/v2\/media\/323"}],"wp:attachment":[{"href":"https:\/\/customhatsmanufacturer.com\/es\/wp-json\/wp\/v2\/media?parent=307"}],"wp:term":[{"taxonomy":"product_brand","embeddable":true,"href":"https:\/\/customhatsmanufacturer.com\/es\/wp-json\/wp\/v2\/product_brand?post=307"},{"taxonomy":"product_cat","embeddable":true,"href":"https:\/\/customhatsmanufacturer.com\/es\/wp-json\/wp\/v2\/product_cat?post=307"},{"taxonomy":"product_tag","embeddable":true,"href":"https:\/\/customhatsmanufacturer.com\/es\/wp-json\/wp\/v2\/product_tag?post=307"}],"curies":[{"name":"wp","href":"https:\/\/api.w.org\/{rel}","templated":true}]}}